{"id":6736,"date":"2025-06-28T18:03:01","date_gmt":"2025-06-28T16:03:01","guid":{"rendered":"https:\/\/uj.adatbank.ro\/lexikon\/termek\/demjen-peter\/"},"modified":"2025-06-28T18:03:01","modified_gmt":"2025-06-28T16:03:01","slug":"demjen-peter","status":"publish","type":"product","link":"https:\/\/uj.adatbank.ro\/lexikon\/termek\/demjen-peter\/","title":{"rendered":"DEMJ\u00c9N P\u00e9ter"},"content":{"rendered":"<p>? \u2020\u00a0? : ref. lelk\u00e9sz. \u2013 A mv.-i Ref. Koll. egykori di\u00e1kja majd k\u00fclf\u00f6ld\u00f6n tanult. Hal\u00e1la ut\u00e1n k\u00f6nyvei \u201dlicitatio\u201d \u00fatj\u00e1n a Ref. Koll. K\u00f6nyvt\u00e1r\u00e1ba ker\u00fcltek (1776). <br \/><strong>Irod.:<\/strong> Farcz\u00e1dy Elek: A mv.-i Bolyai tudom\u00e1nyos k\u00f6nyvt\u00e1r = Eml\u00e9kk. K. L. 80; K\u00f6nyvesh\u00e1z (8. \u00e9vf. \u00c9vet fel kell t\u00fcntetni!! 2.)<\/br><\/p>\n","protected":false},"excerpt":{"rendered":"<p>? \u2020\u00a0? : ref. lelk\u00e9sz. \u2013 A mv.-i Ref. Koll. egykori di\u00e1kja majd k\u00fclf\u00f6ld\u00f6n tanult. Hal\u00e1la ut\u00e1n k\u00f6nyvei \u201dlicitatio\u201d \u00fatj\u00e1n a Ref. Koll. K\u00f6nyvt\u00e1r\u00e1ba ker\u00fcltek (1776). Irod.: Farcz\u00e1dy Elek: A mv.-i Bolyai tudom\u00e1nyos k\u00f6nyvt\u00e1r = Eml\u00e9kk. K. L. 80; K\u00f6nyvesh\u00e1z (8. \u00e9vf. \u00c9vet fel kell t\u00fcntetni!! 2.)<\/p>\n","protected":false},"featured_media":0,"comment_status":"open","ping_status":"closed","template":"","meta":[],"product_brand":[],"product_cat":[137],"product_tag":[],"class_list":{"0":"post-6736","1":"product","2":"type-product","3":"status-publish","5":"product_cat-maros-megyei-eletrajzi-lexikon","7":"first","8":"instock","9":"shipping-taxable","10":"product-type-simple"},"_links":{"self":[{"href":"https:\/\/uj.adatbank.ro\/lexikon\/wp-json\/wp\/v2\/product\/6736","targetHints":{"allow":["GET"]}}],"collection":[{"href":"https:\/\/uj.adatbank.ro\/lexikon\/wp-json\/wp\/v2\/product"}],"about":[{"href":"https:\/\/uj.adatbank.ro\/lexikon\/wp-json\/wp\/v2\/types\/product"}],"replies":[{"embeddable":true,"href":"https:\/\/uj.adatbank.ro\/lexikon\/wp-json\/wp\/v2\/comments?post=6736"}],"wp:attachment":[{"href":"https:\/\/uj.adatbank.ro\/lexikon\/wp-json\/wp\/v2\/media?parent=6736"}],"wp:term":[{"taxonomy":"product_brand","embeddable":true,"href":"https:\/\/uj.adatbank.ro\/lexikon\/wp-json\/wp\/v2\/product_brand?post=6736"},{"taxonomy":"product_cat","embeddable":true,"href":"https:\/\/uj.adatbank.ro\/lexikon\/wp-json\/wp\/v2\/product_cat?post=6736"},{"taxonomy":"product_tag","embeddable":true,"href":"https:\/\/uj.adatbank.ro\/lexikon\/wp-json\/wp\/v2\/product_tag?post=6736"}],"curies":[{"name":"wp","href":"https:\/\/api.w.org\/{rel}","templated":true}]}}