{"id":6737,"date":"2025-06-28T18:03:02","date_gmt":"2025-06-28T16:03:02","guid":{"rendered":"https:\/\/uj.adatbank.ro\/lexikon\/termek\/demjen-samuel-dimeny-samuel\/"},"modified":"2025-06-28T18:03:02","modified_gmt":"2025-06-28T16:03:02","slug":"demjen-samuel-dimeny-samuel","status":"publish","type":"product","link":"https:\/\/uj.adatbank.ro\/lexikon\/termek\/demjen-samuel-dimeny-samuel\/","title":{"rendered":"DEMJ\u00c9N Samuel, Dim\u00e9ny Samuel"},"content":{"rendered":"<p>? \u2020\u00a01816. okt. 7.: r. k. pap. \u2013 Kv.-on (1764\u201369) \u00e9s Nagyszombaton tanult (1772\u2013). K\u00e1pl\u00e1n Sz\u00e9kelyudvarhelyen, pl\u00e9b\u00e1nos Abosfalv\u00e1n (1778\u201383), Oroszhegyen (1783\u2013), alesperes (1788). <br \/><strong>Irod.:<\/strong> Ferenczi S\u00e1ndor 2009<\/br><\/p>\n","protected":false},"excerpt":{"rendered":"<p>? \u2020\u00a01816. okt. 7.: r. k. pap. \u2013 Kv.-on (1764\u201369) \u00e9s Nagyszombaton tanult (1772\u2013). K\u00e1pl\u00e1n Sz\u00e9kelyudvarhelyen, pl\u00e9b\u00e1nos Abosfalv\u00e1n (1778\u201383), Oroszhegyen (1783\u2013), alesperes (1788). Irod.: Ferenczi S\u00e1ndor 2009<\/p>\n","protected":false},"featured_media":0,"comment_status":"open","ping_status":"closed","template":"","meta":[],"product_brand":[],"product_cat":[137],"product_tag":[],"class_list":{"0":"post-6737","1":"product","2":"type-product","3":"status-publish","5":"product_cat-maros-megyei-eletrajzi-lexikon","7":"first","8":"instock","9":"shipping-taxable","10":"product-type-simple"},"_links":{"self":[{"href":"https:\/\/uj.adatbank.ro\/lexikon\/wp-json\/wp\/v2\/product\/6737","targetHints":{"allow":["GET"]}}],"collection":[{"href":"https:\/\/uj.adatbank.ro\/lexikon\/wp-json\/wp\/v2\/product"}],"about":[{"href":"https:\/\/uj.adatbank.ro\/lexikon\/wp-json\/wp\/v2\/types\/product"}],"replies":[{"embeddable":true,"href":"https:\/\/uj.adatbank.ro\/lexikon\/wp-json\/wp\/v2\/comments?post=6737"}],"wp:attachment":[{"href":"https:\/\/uj.adatbank.ro\/lexikon\/wp-json\/wp\/v2\/media?parent=6737"}],"wp:term":[{"taxonomy":"product_brand","embeddable":true,"href":"https:\/\/uj.adatbank.ro\/lexikon\/wp-json\/wp\/v2\/product_brand?post=6737"},{"taxonomy":"product_cat","embeddable":true,"href":"https:\/\/uj.adatbank.ro\/lexikon\/wp-json\/wp\/v2\/product_cat?post=6737"},{"taxonomy":"product_tag","embeddable":true,"href":"https:\/\/uj.adatbank.ro\/lexikon\/wp-json\/wp\/v2\/product_tag?post=6737"}],"curies":[{"name":"wp","href":"https:\/\/api.w.org\/{rel}","templated":true}]}}