{"id":6738,"date":"2025-06-28T18:03:03","date_gmt":"2025-06-28T16:03:03","guid":{"rendered":"https:\/\/uj.adatbank.ro\/lexikon\/termek\/denes\/"},"modified":"2025-06-28T18:03:03","modified_gmt":"2025-06-28T16:03:03","slug":"denes","status":"publish","type":"product","link":"https:\/\/uj.adatbank.ro\/lexikon\/termek\/denes\/","title":{"rendered":"D\u00c9NES"},"content":{"rendered":"<p>? \u2020\u00a0? : kincst\u00e1rnok. \u2013 Gy\u0151r pr\u00e9posztja, akinek Andr\u00e1s, m. kir\u00e1ly adom\u00e1nyozta Sz\u00e9plakot \u00e9s Palotailv\u00e1t. Az adom\u00e1nylevelet Bulas, udvari kancell\u00e1r \u00e1ll\u00edtotta ki (1228). <br \/><strong>Irod.:<\/strong> Lunca Bradului<\/br><\/p>\n","protected":false},"excerpt":{"rendered":"<p>? \u2020\u00a0? : kincst\u00e1rnok. \u2013 Gy\u0151r pr\u00e9posztja, akinek Andr\u00e1s, m. kir\u00e1ly adom\u00e1nyozta Sz\u00e9plakot \u00e9s Palotailv\u00e1t. Az adom\u00e1nylevelet Bulas, udvari kancell\u00e1r \u00e1ll\u00edtotta ki (1228). Irod.: Lunca Bradului<\/p>\n","protected":false},"featured_media":0,"comment_status":"open","ping_status":"closed","template":"","meta":[],"product_brand":[],"product_cat":[137],"product_tag":[],"class_list":{"0":"post-6738","1":"product","2":"type-product","3":"status-publish","5":"product_cat-maros-megyei-eletrajzi-lexikon","7":"first","8":"instock","9":"shipping-taxable","10":"product-type-simple"},"_links":{"self":[{"href":"https:\/\/uj.adatbank.ro\/lexikon\/wp-json\/wp\/v2\/product\/6738","targetHints":{"allow":["GET"]}}],"collection":[{"href":"https:\/\/uj.adatbank.ro\/lexikon\/wp-json\/wp\/v2\/product"}],"about":[{"href":"https:\/\/uj.adatbank.ro\/lexikon\/wp-json\/wp\/v2\/types\/product"}],"replies":[{"embeddable":true,"href":"https:\/\/uj.adatbank.ro\/lexikon\/wp-json\/wp\/v2\/comments?post=6738"}],"wp:attachment":[{"href":"https:\/\/uj.adatbank.ro\/lexikon\/wp-json\/wp\/v2\/media?parent=6738"}],"wp:term":[{"taxonomy":"product_brand","embeddable":true,"href":"https:\/\/uj.adatbank.ro\/lexikon\/wp-json\/wp\/v2\/product_brand?post=6738"},{"taxonomy":"product_cat","embeddable":true,"href":"https:\/\/uj.adatbank.ro\/lexikon\/wp-json\/wp\/v2\/product_cat?post=6738"},{"taxonomy":"product_tag","embeddable":true,"href":"https:\/\/uj.adatbank.ro\/lexikon\/wp-json\/wp\/v2\/product_tag?post=6738"}],"curies":[{"name":"wp","href":"https:\/\/api.w.org\/{rel}","templated":true}]}}