{"id":6739,"date":"2025-06-28T18:03:06","date_gmt":"2025-06-28T16:03:06","guid":{"rendered":"https:\/\/uj.adatbank.ro\/lexikon\/termek\/denes-andor\/"},"modified":"2025-06-28T18:03:06","modified_gmt":"2025-06-28T16:03:06","slug":"denes-andor","status":"publish","type":"product","link":"https:\/\/uj.adatbank.ro\/lexikon\/termek\/denes-andor\/","title":{"rendered":"D\u00c9NES Andor"},"content":{"rendered":"<p>? \u2020\u00a0Mv., 1942. febr. 29.: szerkeszt\u0151. \u2013 <strong>F. m.:<\/strong> <strong>t\u00e1rssz.:<\/strong> Szentgy\u00f6rgyi D\u00e9nes\u00a0: Mv.-i lexikon (A mv.-i Casino) (Mv., 1912). <br \/><strong>Irod.:<\/strong> Mv.-i zsid\u00f3 temet\u0151 registere; Szentgy\u00f6rgyi<\/br><\/p>\n","protected":false},"excerpt":{"rendered":"<p>? \u2020\u00a0Mv., 1942. febr. 29.: szerkeszt\u0151. \u2013 F. m.: t\u00e1rssz.: Szentgy\u00f6rgyi D\u00e9nes\u00a0: Mv.-i lexikon (A mv.-i Casino) (Mv., 1912). Irod.: Mv.-i zsid\u00f3 temet\u0151 registere; Szentgy\u00f6rgyi<\/p>\n","protected":false},"featured_media":0,"comment_status":"open","ping_status":"closed","template":"","meta":[],"product_brand":[],"product_cat":[137],"product_tag":[],"class_list":{"0":"post-6739","1":"product","2":"type-product","3":"status-publish","5":"product_cat-maros-megyei-eletrajzi-lexikon","7":"first","8":"instock","9":"shipping-taxable","10":"product-type-simple"},"_links":{"self":[{"href":"https:\/\/uj.adatbank.ro\/lexikon\/wp-json\/wp\/v2\/product\/6739","targetHints":{"allow":["GET"]}}],"collection":[{"href":"https:\/\/uj.adatbank.ro\/lexikon\/wp-json\/wp\/v2\/product"}],"about":[{"href":"https:\/\/uj.adatbank.ro\/lexikon\/wp-json\/wp\/v2\/types\/product"}],"replies":[{"embeddable":true,"href":"https:\/\/uj.adatbank.ro\/lexikon\/wp-json\/wp\/v2\/comments?post=6739"}],"wp:attachment":[{"href":"https:\/\/uj.adatbank.ro\/lexikon\/wp-json\/wp\/v2\/media?parent=6739"}],"wp:term":[{"taxonomy":"product_brand","embeddable":true,"href":"https:\/\/uj.adatbank.ro\/lexikon\/wp-json\/wp\/v2\/product_brand?post=6739"},{"taxonomy":"product_cat","embeddable":true,"href":"https:\/\/uj.adatbank.ro\/lexikon\/wp-json\/wp\/v2\/product_cat?post=6739"},{"taxonomy":"product_tag","embeddable":true,"href":"https:\/\/uj.adatbank.ro\/lexikon\/wp-json\/wp\/v2\/product_tag?post=6739"}],"curies":[{"name":"wp","href":"https:\/\/api.w.org\/{rel}","templated":true}]}}