{"id":6740,"date":"2025-06-28T18:03:10","date_gmt":"2025-06-28T16:03:10","guid":{"rendered":"https:\/\/uj.adatbank.ro\/lexikon\/termek\/denes-bela\/"},"modified":"2025-06-28T18:03:10","modified_gmt":"2025-06-28T16:03:10","slug":"denes-bela","status":"publish","type":"product","link":"https:\/\/uj.adatbank.ro\/lexikon\/termek\/denes-bela\/","title":{"rendered":"D\u00c9NES B\u00e9la"},"content":{"rendered":"<p>? \u2020\u00a0? : r. k. pap. \u2013 Pl\u00e9b\u00e1nos volt a bordosi egyh\u00e1zk\u00f6zs\u00e9gben (1903\u2013), a bordosi \u00e9s a cs\u00f6bi templomokat \u00e9s a papi lakot fel\u00faj\u00edtotta (1904\u2013). <br \/><strong>Irod.:<\/strong> Maros-k\u00fck\u00fcll\u0151i f\u0151esp.<\/br><\/p>\n","protected":false},"excerpt":{"rendered":"<p>? \u2020\u00a0? : r. k. pap. \u2013 Pl\u00e9b\u00e1nos volt a bordosi egyh\u00e1zk\u00f6zs\u00e9gben (1903\u2013), a bordosi \u00e9s a cs\u00f6bi templomokat \u00e9s a papi lakot fel\u00faj\u00edtotta (1904\u2013). Irod.: Maros-k\u00fck\u00fcll\u0151i f\u0151esp.<\/p>\n","protected":false},"featured_media":0,"comment_status":"open","ping_status":"closed","template":"","meta":[],"product_brand":[],"product_cat":[137],"product_tag":[],"class_list":{"0":"post-6740","1":"product","2":"type-product","3":"status-publish","5":"product_cat-maros-megyei-eletrajzi-lexikon","7":"first","8":"instock","9":"shipping-taxable","10":"product-type-simple"},"_links":{"self":[{"href":"https:\/\/uj.adatbank.ro\/lexikon\/wp-json\/wp\/v2\/product\/6740","targetHints":{"allow":["GET"]}}],"collection":[{"href":"https:\/\/uj.adatbank.ro\/lexikon\/wp-json\/wp\/v2\/product"}],"about":[{"href":"https:\/\/uj.adatbank.ro\/lexikon\/wp-json\/wp\/v2\/types\/product"}],"replies":[{"embeddable":true,"href":"https:\/\/uj.adatbank.ro\/lexikon\/wp-json\/wp\/v2\/comments?post=6740"}],"wp:attachment":[{"href":"https:\/\/uj.adatbank.ro\/lexikon\/wp-json\/wp\/v2\/media?parent=6740"}],"wp:term":[{"taxonomy":"product_brand","embeddable":true,"href":"https:\/\/uj.adatbank.ro\/lexikon\/wp-json\/wp\/v2\/product_brand?post=6740"},{"taxonomy":"product_cat","embeddable":true,"href":"https:\/\/uj.adatbank.ro\/lexikon\/wp-json\/wp\/v2\/product_cat?post=6740"},{"taxonomy":"product_tag","embeddable":true,"href":"https:\/\/uj.adatbank.ro\/lexikon\/wp-json\/wp\/v2\/product_tag?post=6740"}],"curies":[{"name":"wp","href":"https:\/\/api.w.org\/{rel}","templated":true}]}}