{"id":6743,"date":"2025-06-28T18:03:18","date_gmt":"2025-06-28T16:03:18","guid":{"rendered":"https:\/\/uj.adatbank.ro\/lexikon\/termek\/denes-dezso-%c2%a7\/"},"modified":"2025-06-28T18:03:18","modified_gmt":"2025-06-28T16:03:18","slug":"denes-dezso-%c2%a7","status":"publish","type":"product","link":"https:\/\/uj.adatbank.ro\/lexikon\/termek\/denes-dezso-%c2%a7\/","title":{"rendered":"D\u00c9NES Dezs\u0151 \u00a7"},"content":{"rendered":"<p>Olth\u00e9v\u00edz, 1917. okt. 14., \u2020 Marosszentgy\u00f6rgy, 1977. \u00e1pr. 14.: tan\u00edt\u00f3. \u2013 Mv.-en v\u00e9gezte a tan\u00edt\u00f3k\u00e9pz\u0151t (1945). Tan\u00edt\u00f3k\u00e9nt dolgozott: Szentmih\u00e1lyon (1941\u201344), Beresztelk\u00e9n (1944\u201345), B\u00e1toson (1945\u201350), Marosszentgy\u00f6rgy\u00f6n nyugd\u00edjaz\u00e1s\u00e1ig (1950\u201371. szept. 1.). Az utols\u00f3 munkahely\u00e9n iskolaigazgat\u00f3 is volt (1950\u201351), \u00e9s a M\u0171vel\u0151d\u00e9si H\u00e1z igazgat\u00f3ja (1964\u201367). <br \/><strong>Irod.:<\/strong> Dasc\u0103li mure\u015feni, 4.; Nemes Gyula: Szakr\u00e1lis eml\u00e9kek. = P\u00e1l-Antal \u2013 Simon; S\u00e2ngeorgiu de Mure\u015f<\/br><\/p>\n","protected":false},"excerpt":{"rendered":"<p>Olth\u00e9v\u00edz, 1917. okt. 14., \u2020 Marosszentgy\u00f6rgy, 1977. \u00e1pr. 14.: tan\u00edt\u00f3. \u2013 Mv.-en v\u00e9gezte a tan\u00edt\u00f3k\u00e9pz\u0151t (1945). Tan\u00edt\u00f3k\u00e9nt dolgozott: Szentmih\u00e1lyon (1941\u201344), Beresztelk\u00e9n (1944\u201345), B\u00e1toson (1945\u201350), Marosszentgy\u00f6rgy\u00f6n nyugd\u00edjaz\u00e1s\u00e1ig (1950\u201371. szept. 1.). Az utols\u00f3 munkahely\u00e9n iskolaigazgat\u00f3 is volt (1950\u201351), \u00e9s a M\u0171vel\u0151d\u00e9si H\u00e1z igazgat\u00f3ja (1964\u201367). Irod.: Dasc\u0103li mure\u015feni, 4.; Nemes Gyula: Szakr\u00e1lis eml\u00e9kek. = P\u00e1l-Antal \u2013 Simon; S\u00e2ngeorgiu [&hellip;]<\/p>\n","protected":false},"featured_media":0,"comment_status":"open","ping_status":"closed","template":"","meta":[],"product_brand":[],"product_cat":[137],"product_tag":[],"class_list":{"0":"post-6743","1":"product","2":"type-product","3":"status-publish","5":"product_cat-maros-megyei-eletrajzi-lexikon","7":"first","8":"instock","9":"shipping-taxable","10":"product-type-simple"},"_links":{"self":[{"href":"https:\/\/uj.adatbank.ro\/lexikon\/wp-json\/wp\/v2\/product\/6743","targetHints":{"allow":["GET"]}}],"collection":[{"href":"https:\/\/uj.adatbank.ro\/lexikon\/wp-json\/wp\/v2\/product"}],"about":[{"href":"https:\/\/uj.adatbank.ro\/lexikon\/wp-json\/wp\/v2\/types\/product"}],"replies":[{"embeddable":true,"href":"https:\/\/uj.adatbank.ro\/lexikon\/wp-json\/wp\/v2\/comments?post=6743"}],"wp:attachment":[{"href":"https:\/\/uj.adatbank.ro\/lexikon\/wp-json\/wp\/v2\/media?parent=6743"}],"wp:term":[{"taxonomy":"product_brand","embeddable":true,"href":"https:\/\/uj.adatbank.ro\/lexikon\/wp-json\/wp\/v2\/product_brand?post=6743"},{"taxonomy":"product_cat","embeddable":true,"href":"https:\/\/uj.adatbank.ro\/lexikon\/wp-json\/wp\/v2\/product_cat?post=6743"},{"taxonomy":"product_tag","embeddable":true,"href":"https:\/\/uj.adatbank.ro\/lexikon\/wp-json\/wp\/v2\/product_tag?post=6743"}],"curies":[{"name":"wp","href":"https:\/\/api.w.org\/{rel}","templated":true}]}}