{"id":6745,"date":"2025-06-28T18:03:21","date_gmt":"2025-06-28T16:03:21","guid":{"rendered":"https:\/\/uj.adatbank.ro\/lexikon\/termek\/denes-janos\/"},"modified":"2025-06-28T18:03:21","modified_gmt":"2025-06-28T16:03:21","slug":"denes-janos","status":"publish","type":"product","link":"https:\/\/uj.adatbank.ro\/lexikon\/termek\/denes-janos\/","title":{"rendered":"D\u00c9NES J\u00e1nos"},"content":{"rendered":"<p>? \u2020\u00a0? : eln\u00f6k. &#8211; A Mo.-i Munk\u00e1sok Rokkant- \u00e9s Nyugd\u00edjegylet\u00e9nek segesv\u00e1ri fi\u00f3kj\u00e1nak alap\u00edt\u00f3 tagja, eln\u00f6ke. <br \/><strong>Irod.:<\/strong> Hipper S\u00e1ndor: A Magyarorsz\u00e1gi Munk\u00e1sok Rokkant- \u00e9s Nyugd\u00edjegylet\u00e9nek huszon\u00f6t\u00e9ves t\u00f6rt\u00e9nete (Bp., 1918)<\/br><\/p>\n","protected":false},"excerpt":{"rendered":"<p>? \u2020\u00a0? : eln\u00f6k. &#8211; A Mo.-i Munk\u00e1sok Rokkant- \u00e9s Nyugd\u00edjegylet\u00e9nek segesv\u00e1ri fi\u00f3kj\u00e1nak alap\u00edt\u00f3 tagja, eln\u00f6ke. Irod.: Hipper S\u00e1ndor: A Magyarorsz\u00e1gi Munk\u00e1sok Rokkant- \u00e9s Nyugd\u00edjegylet\u00e9nek huszon\u00f6t\u00e9ves t\u00f6rt\u00e9nete (Bp., 1918)<\/p>\n","protected":false},"featured_media":0,"comment_status":"open","ping_status":"closed","template":"","meta":[],"product_brand":[],"product_cat":[137],"product_tag":[],"class_list":{"0":"post-6745","1":"product","2":"type-product","3":"status-publish","5":"product_cat-maros-megyei-eletrajzi-lexikon","7":"first","8":"instock","9":"shipping-taxable","10":"product-type-simple"},"_links":{"self":[{"href":"https:\/\/uj.adatbank.ro\/lexikon\/wp-json\/wp\/v2\/product\/6745","targetHints":{"allow":["GET"]}}],"collection":[{"href":"https:\/\/uj.adatbank.ro\/lexikon\/wp-json\/wp\/v2\/product"}],"about":[{"href":"https:\/\/uj.adatbank.ro\/lexikon\/wp-json\/wp\/v2\/types\/product"}],"replies":[{"embeddable":true,"href":"https:\/\/uj.adatbank.ro\/lexikon\/wp-json\/wp\/v2\/comments?post=6745"}],"wp:attachment":[{"href":"https:\/\/uj.adatbank.ro\/lexikon\/wp-json\/wp\/v2\/media?parent=6745"}],"wp:term":[{"taxonomy":"product_brand","embeddable":true,"href":"https:\/\/uj.adatbank.ro\/lexikon\/wp-json\/wp\/v2\/product_brand?post=6745"},{"taxonomy":"product_cat","embeddable":true,"href":"https:\/\/uj.adatbank.ro\/lexikon\/wp-json\/wp\/v2\/product_cat?post=6745"},{"taxonomy":"product_tag","embeddable":true,"href":"https:\/\/uj.adatbank.ro\/lexikon\/wp-json\/wp\/v2\/product_tag?post=6745"}],"curies":[{"name":"wp","href":"https:\/\/api.w.org\/{rel}","templated":true}]}}