{"id":6746,"date":"2025-06-28T18:03:23","date_gmt":"2025-06-28T16:03:23","guid":{"rendered":"https:\/\/uj.adatbank.ro\/lexikon\/termek\/denes-jozsef-dienes-jozsef\/"},"modified":"2025-06-28T18:03:23","modified_gmt":"2025-06-28T16:03:23","slug":"denes-jozsef-dienes-jozsef","status":"publish","type":"product","link":"https:\/\/uj.adatbank.ro\/lexikon\/termek\/denes-jozsef-dienes-jozsef\/","title":{"rendered":"D\u00c9NES J\u00f3zsef; Dienes J\u00f3zsef"},"content":{"rendered":"<p>Sz\u00e1szr\u00e9gen, 1834. jan. 17., \u2020 Als\u00f3b\u00f6lk\u00e9ny, 1910. aug. 22.: ref. lelk\u00e9sz. \u2013 M\u00e9g mint tanul\u00f3 1848-ban be\u00e1llt nemzet\u0151rnek, \u0151rmester lett. \u00c9retts\u00e9gizett Mv.-en, a teol\u00f3gi\u00e1t Kv.-on v\u00e9gezte. Egy ideig a gr. Teleki csal\u00e1dn\u00e1l nevel\u0151, majd Als\u00f3b\u00f6lk\u00e9ny lelk\u00e9sze (1862\u2013). Versei: T\u00e9li Ujs\u00e1g, Vas\u00e1rnap \u00e9s m\u00e1s vid\u00e9ki lapokban. <br \/><strong>Irod.:<\/strong> Guly\u00e1s<\/br><\/p>\n","protected":false},"excerpt":{"rendered":"<p>Sz\u00e1szr\u00e9gen, 1834. jan. 17., \u2020 Als\u00f3b\u00f6lk\u00e9ny, 1910. aug. 22.: ref. lelk\u00e9sz. \u2013 M\u00e9g mint tanul\u00f3 1848-ban be\u00e1llt nemzet\u0151rnek, \u0151rmester lett. \u00c9retts\u00e9gizett Mv.-en, a teol\u00f3gi\u00e1t Kv.-on v\u00e9gezte. Egy ideig a gr. Teleki csal\u00e1dn\u00e1l nevel\u0151, majd Als\u00f3b\u00f6lk\u00e9ny lelk\u00e9sze (1862\u2013). Versei: T\u00e9li Ujs\u00e1g, Vas\u00e1rnap \u00e9s m\u00e1s vid\u00e9ki lapokban. Irod.: Guly\u00e1s<\/p>\n","protected":false},"featured_media":0,"comment_status":"open","ping_status":"closed","template":"","meta":[],"product_brand":[],"product_cat":[137],"product_tag":[],"class_list":{"0":"post-6746","1":"product","2":"type-product","3":"status-publish","5":"product_cat-maros-megyei-eletrajzi-lexikon","7":"first","8":"instock","9":"shipping-taxable","10":"product-type-simple"},"_links":{"self":[{"href":"https:\/\/uj.adatbank.ro\/lexikon\/wp-json\/wp\/v2\/product\/6746","targetHints":{"allow":["GET"]}}],"collection":[{"href":"https:\/\/uj.adatbank.ro\/lexikon\/wp-json\/wp\/v2\/product"}],"about":[{"href":"https:\/\/uj.adatbank.ro\/lexikon\/wp-json\/wp\/v2\/types\/product"}],"replies":[{"embeddable":true,"href":"https:\/\/uj.adatbank.ro\/lexikon\/wp-json\/wp\/v2\/comments?post=6746"}],"wp:attachment":[{"href":"https:\/\/uj.adatbank.ro\/lexikon\/wp-json\/wp\/v2\/media?parent=6746"}],"wp:term":[{"taxonomy":"product_brand","embeddable":true,"href":"https:\/\/uj.adatbank.ro\/lexikon\/wp-json\/wp\/v2\/product_brand?post=6746"},{"taxonomy":"product_cat","embeddable":true,"href":"https:\/\/uj.adatbank.ro\/lexikon\/wp-json\/wp\/v2\/product_cat?post=6746"},{"taxonomy":"product_tag","embeddable":true,"href":"https:\/\/uj.adatbank.ro\/lexikon\/wp-json\/wp\/v2\/product_tag?post=6746"}],"curies":[{"name":"wp","href":"https:\/\/api.w.org\/{rel}","templated":true}]}}