{"id":6749,"date":"2025-06-28T18:03:29","date_gmt":"2025-06-28T16:03:29","guid":{"rendered":"https:\/\/uj.adatbank.ro\/lexikon\/termek\/denesi-veronika\/"},"modified":"2025-06-28T18:03:29","modified_gmt":"2025-06-28T16:03:29","slug":"denesi-veronika","status":"publish","type":"product","link":"https:\/\/uj.adatbank.ro\/lexikon\/termek\/denesi-veronika\/","title":{"rendered":"D\u00c9NESI Veronika"},"content":{"rendered":"<p>Dem\u00e9nyh\u00e1za, 1915. j\u00fan. 23., \u2020 Dem\u00e9nyh\u00e1za, 2003.: h\u00e1ztart\u00e1sbeli. \u2013 Mint a dem\u00e9nyh\u00e1zi R\u00f3zsaf\u00fcz\u00e9r T\u00e1rsas\u00e1g tagj\u00e1t, rendszerellens szervezked\u00e9s v\u00e1dj\u00e1val tart\u00f3ztatt\u00e1k le (1961. nov. 25.) \u00e9s \u00edt\u00e9lt\u00e9k 5 \u00e9v b\u00f6rt\u00f6nre. A mv.-i T\u00f6rv\u00e9nysz\u00e9ki Fogh\u00e1zban kezdte b\u00fcntet\u00e9s\u00e9t, majd Jilavara, Aradra, Nagyv\u00e1radra ker\u00fclt. Onnan szabadult (1963 jan. 15.). Hazaker\u00fclve a helyi kollekt\u00edv gazdas\u00e1gban dolgozott (\u20131989). <br \/><strong>Irod.:<\/strong> 1956 Erd\u00e9lyben; Banner 1995<\/br><\/p>\n","protected":false},"excerpt":{"rendered":"<p>Dem\u00e9nyh\u00e1za, 1915. j\u00fan. 23., \u2020 Dem\u00e9nyh\u00e1za, 2003.: h\u00e1ztart\u00e1sbeli. \u2013 Mint a dem\u00e9nyh\u00e1zi R\u00f3zsaf\u00fcz\u00e9r T\u00e1rsas\u00e1g tagj\u00e1t, rendszerellens szervezked\u00e9s v\u00e1dj\u00e1val tart\u00f3ztatt\u00e1k le (1961. nov. 25.) \u00e9s \u00edt\u00e9lt\u00e9k 5 \u00e9v b\u00f6rt\u00f6nre. A mv.-i T\u00f6rv\u00e9nysz\u00e9ki Fogh\u00e1zban kezdte b\u00fcntet\u00e9s\u00e9t, majd Jilavara, Aradra, Nagyv\u00e1radra ker\u00fclt. Onnan szabadult (1963 jan. 15.). Hazaker\u00fclve a helyi kollekt\u00edv gazdas\u00e1gban dolgozott (\u20131989). Irod.: 1956 Erd\u00e9lyben; Banner [&hellip;]<\/p>\n","protected":false},"featured_media":0,"comment_status":"open","ping_status":"closed","template":"","meta":[],"product_brand":[],"product_cat":[137],"product_tag":[],"class_list":{"0":"post-6749","1":"product","2":"type-product","3":"status-publish","5":"product_cat-maros-megyei-eletrajzi-lexikon","7":"first","8":"instock","9":"shipping-taxable","10":"product-type-simple"},"_links":{"self":[{"href":"https:\/\/uj.adatbank.ro\/lexikon\/wp-json\/wp\/v2\/product\/6749","targetHints":{"allow":["GET"]}}],"collection":[{"href":"https:\/\/uj.adatbank.ro\/lexikon\/wp-json\/wp\/v2\/product"}],"about":[{"href":"https:\/\/uj.adatbank.ro\/lexikon\/wp-json\/wp\/v2\/types\/product"}],"replies":[{"embeddable":true,"href":"https:\/\/uj.adatbank.ro\/lexikon\/wp-json\/wp\/v2\/comments?post=6749"}],"wp:attachment":[{"href":"https:\/\/uj.adatbank.ro\/lexikon\/wp-json\/wp\/v2\/media?parent=6749"}],"wp:term":[{"taxonomy":"product_brand","embeddable":true,"href":"https:\/\/uj.adatbank.ro\/lexikon\/wp-json\/wp\/v2\/product_brand?post=6749"},{"taxonomy":"product_cat","embeddable":true,"href":"https:\/\/uj.adatbank.ro\/lexikon\/wp-json\/wp\/v2\/product_cat?post=6749"},{"taxonomy":"product_tag","embeddable":true,"href":"https:\/\/uj.adatbank.ro\/lexikon\/wp-json\/wp\/v2\/product_tag?post=6749"}],"curies":[{"name":"wp","href":"https:\/\/api.w.org\/{rel}","templated":true}]}}