{"id":6752,"date":"2025-06-28T18:03:33","date_gmt":"2025-06-28T16:03:33","guid":{"rendered":"https:\/\/uj.adatbank.ro\/lexikon\/termek\/dengelegi-palfi-edit\/"},"modified":"2025-06-28T18:03:33","modified_gmt":"2025-06-28T16:03:33","slug":"dengelegi-palfi-edit","status":"publish","type":"product","link":"https:\/\/uj.adatbank.ro\/lexikon\/termek\/dengelegi-palfi-edit\/","title":{"rendered":"DENGELEGI P\u00e1lfi Edit"},"content":{"rendered":"<p>1928. \u2020Mv., 1972.: orvos. \u2013 F\u00e9rje: Dengelegi Tibor. \u2013 Mv.-en zsid\u00f3 elemi iskol\u00e1ban, Kv.-on a Zsid\u00f3 Gimn.-ban tanult. Siker\u00fclt megsz\u00f6knie Lipcs\u00e9ben egy zsid\u00f3-menetoszlopb\u00f3l (1945. \u00e1pr.). Vissza ment a ki\u00fcr\u00edtett Junkers rep\u00fcl\u0151g\u00e9palkatr\u00e9sz-gy\u00e1rban volt b\u00faj\u00f3hely\u00e9re, ott bujk\u00e1lt a k\u00e9s\u0151bbi Spielmann J\u00f3zsefn\u00e9vel az amerikaiak felszabad\u00edt\u00e1s\u00e1ig. Mv.-en az orvosi egyetem \u00e1ltall\u00e1nos kar\u00e1n v\u00e9gzett (1954). Mv.-en a klinikai n\u0151gy\u00f3gy\u00e1szaton tan\u00e1rseg\u00e9d (1960\u2013). Az egyetem zenekar\u00e1nak volt a karmestere. Kiv\u00e1ndorolt az AE\u00c1 (1972 ut\u00e1n). <br \/><strong>Irod.:<\/strong> Kiss Cs. M. 3.<\/br><\/p>\n","protected":false},"excerpt":{"rendered":"<p>1928. \u2020Mv., 1972.: orvos. \u2013 F\u00e9rje: Dengelegi Tibor. \u2013 Mv.-en zsid\u00f3 elemi iskol\u00e1ban, Kv.-on a Zsid\u00f3 Gimn.-ban tanult. Siker\u00fclt megsz\u00f6knie Lipcs\u00e9ben egy zsid\u00f3-menetoszlopb\u00f3l (1945. \u00e1pr.). Vissza ment a ki\u00fcr\u00edtett Junkers rep\u00fcl\u0151g\u00e9palkatr\u00e9sz-gy\u00e1rban volt b\u00faj\u00f3hely\u00e9re, ott bujk\u00e1lt a k\u00e9s\u0151bbi Spielmann J\u00f3zsefn\u00e9vel az amerikaiak felszabad\u00edt\u00e1s\u00e1ig. Mv.-en az orvosi egyetem \u00e1ltall\u00e1nos kar\u00e1n v\u00e9gzett (1954). Mv.-en a klinikai n\u0151gy\u00f3gy\u00e1szaton tan\u00e1rseg\u00e9d [&hellip;]<\/p>\n","protected":false},"featured_media":0,"comment_status":"open","ping_status":"closed","template":"","meta":[],"product_brand":[],"product_cat":[137],"product_tag":[],"class_list":{"0":"post-6752","1":"product","2":"type-product","3":"status-publish","5":"product_cat-maros-megyei-eletrajzi-lexikon","7":"first","8":"instock","9":"shipping-taxable","10":"product-type-simple"},"_links":{"self":[{"href":"https:\/\/uj.adatbank.ro\/lexikon\/wp-json\/wp\/v2\/product\/6752","targetHints":{"allow":["GET"]}}],"collection":[{"href":"https:\/\/uj.adatbank.ro\/lexikon\/wp-json\/wp\/v2\/product"}],"about":[{"href":"https:\/\/uj.adatbank.ro\/lexikon\/wp-json\/wp\/v2\/types\/product"}],"replies":[{"embeddable":true,"href":"https:\/\/uj.adatbank.ro\/lexikon\/wp-json\/wp\/v2\/comments?post=6752"}],"wp:attachment":[{"href":"https:\/\/uj.adatbank.ro\/lexikon\/wp-json\/wp\/v2\/media?parent=6752"}],"wp:term":[{"taxonomy":"product_brand","embeddable":true,"href":"https:\/\/uj.adatbank.ro\/lexikon\/wp-json\/wp\/v2\/product_brand?post=6752"},{"taxonomy":"product_cat","embeddable":true,"href":"https:\/\/uj.adatbank.ro\/lexikon\/wp-json\/wp\/v2\/product_cat?post=6752"},{"taxonomy":"product_tag","embeddable":true,"href":"https:\/\/uj.adatbank.ro\/lexikon\/wp-json\/wp\/v2\/product_tag?post=6752"}],"curies":[{"name":"wp","href":"https:\/\/api.w.org\/{rel}","templated":true}]}}