{"id":6753,"date":"2025-06-28T18:03:37","date_gmt":"2025-06-28T16:03:37","guid":{"rendered":"https:\/\/uj.adatbank.ro\/lexikon\/termek\/dengelegi-peter\/"},"modified":"2025-06-28T18:03:37","modified_gmt":"2025-06-28T16:03:37","slug":"dengelegi-peter","status":"publish","type":"product","link":"https:\/\/uj.adatbank.ro\/lexikon\/termek\/dengelegi-peter\/","title":{"rendered":"DENGELEGI P\u00e9ter"},"content":{"rendered":"<p>? \u2020\u00a0? : tertius universitatis notarius. \u2013 I. R\u00e1k\u00f3czi Gy\u00f6rgy a marosv\u00e1s\u00e1rhelyi sz\u0151l\u0151k tized\u00e9b\u0151l \u00e9venk\u00e9nt negyven veder bort adom\u00e1nyoz a m. -v\u00e1s\u00e1rhelyi ref. lelk\u00e9szeknek. (Kelt Kolozsv\u00e1rt, 1632. sept 15.). <br \/><strong>Irod.:<\/strong> SzOkl, 6<\/br><\/p>\n","protected":false},"excerpt":{"rendered":"<p>? \u2020\u00a0? : tertius universitatis notarius. \u2013 I. R\u00e1k\u00f3czi Gy\u00f6rgy a marosv\u00e1s\u00e1rhelyi sz\u0151l\u0151k tized\u00e9b\u0151l \u00e9venk\u00e9nt negyven veder bort adom\u00e1nyoz a m. -v\u00e1s\u00e1rhelyi ref. lelk\u00e9szeknek. (Kelt Kolozsv\u00e1rt, 1632. sept 15.). Irod.: SzOkl, 6<\/p>\n","protected":false},"featured_media":0,"comment_status":"open","ping_status":"closed","template":"","meta":[],"product_brand":[],"product_cat":[137],"product_tag":[],"class_list":{"0":"post-6753","1":"product","2":"type-product","3":"status-publish","5":"product_cat-maros-megyei-eletrajzi-lexikon","7":"first","8":"instock","9":"shipping-taxable","10":"product-type-simple"},"_links":{"self":[{"href":"https:\/\/uj.adatbank.ro\/lexikon\/wp-json\/wp\/v2\/product\/6753","targetHints":{"allow":["GET"]}}],"collection":[{"href":"https:\/\/uj.adatbank.ro\/lexikon\/wp-json\/wp\/v2\/product"}],"about":[{"href":"https:\/\/uj.adatbank.ro\/lexikon\/wp-json\/wp\/v2\/types\/product"}],"replies":[{"embeddable":true,"href":"https:\/\/uj.adatbank.ro\/lexikon\/wp-json\/wp\/v2\/comments?post=6753"}],"wp:attachment":[{"href":"https:\/\/uj.adatbank.ro\/lexikon\/wp-json\/wp\/v2\/media?parent=6753"}],"wp:term":[{"taxonomy":"product_brand","embeddable":true,"href":"https:\/\/uj.adatbank.ro\/lexikon\/wp-json\/wp\/v2\/product_brand?post=6753"},{"taxonomy":"product_cat","embeddable":true,"href":"https:\/\/uj.adatbank.ro\/lexikon\/wp-json\/wp\/v2\/product_cat?post=6753"},{"taxonomy":"product_tag","embeddable":true,"href":"https:\/\/uj.adatbank.ro\/lexikon\/wp-json\/wp\/v2\/product_tag?post=6753"}],"curies":[{"name":"wp","href":"https:\/\/api.w.org\/{rel}","templated":true}]}}