{"id":6755,"date":"2025-06-28T18:03:40","date_gmt":"2025-06-28T16:03:40","guid":{"rendered":"https:\/\/uj.adatbank.ro\/lexikon\/termek\/dengelegi-tibor\/"},"modified":"2025-06-28T18:03:40","modified_gmt":"2025-06-28T16:03:40","slug":"dengelegi-tibor","status":"publish","type":"product","link":"https:\/\/uj.adatbank.ro\/lexikon\/termek\/dengelegi-tibor\/","title":{"rendered":"DENGELEGI Tibor"},"content":{"rendered":"<p>1922., \u2020 E. \u00c1., 2006. j\u00fan. 12 : orvos. \u2013 Sz\u00fcl\u00e9sz-n\u0151gy\u00f3gy\u00e1sz, tan\u00e1rseg\u00e9d. Mv.-en. Az \u00c1llami Filharm\u00f3nia alap\u00edt\u00f3 tagjai k\u00f6z\u00f6tt szerepelt, mint \u00f6nk\u00e9ntes tag, puzonista (1950). \u00c1ttelep\u00fclt az USA-ba. <br \/><strong>Irod.:<\/strong> Filarmonica 50<\/br><\/p>\n","protected":false},"excerpt":{"rendered":"<p>1922., \u2020 E. \u00c1., 2006. j\u00fan. 12 : orvos. \u2013 Sz\u00fcl\u00e9sz-n\u0151gy\u00f3gy\u00e1sz, tan\u00e1rseg\u00e9d. Mv.-en. Az \u00c1llami Filharm\u00f3nia alap\u00edt\u00f3 tagjai k\u00f6z\u00f6tt szerepelt, mint \u00f6nk\u00e9ntes tag, puzonista (1950). \u00c1ttelep\u00fclt az USA-ba. Irod.: Filarmonica 50<\/p>\n","protected":false},"featured_media":0,"comment_status":"open","ping_status":"closed","template":"","meta":[],"product_brand":[],"product_cat":[137],"product_tag":[],"class_list":{"0":"post-6755","1":"product","2":"type-product","3":"status-publish","5":"product_cat-maros-megyei-eletrajzi-lexikon","7":"first","8":"instock","9":"shipping-taxable","10":"product-type-simple"},"_links":{"self":[{"href":"https:\/\/uj.adatbank.ro\/lexikon\/wp-json\/wp\/v2\/product\/6755","targetHints":{"allow":["GET"]}}],"collection":[{"href":"https:\/\/uj.adatbank.ro\/lexikon\/wp-json\/wp\/v2\/product"}],"about":[{"href":"https:\/\/uj.adatbank.ro\/lexikon\/wp-json\/wp\/v2\/types\/product"}],"replies":[{"embeddable":true,"href":"https:\/\/uj.adatbank.ro\/lexikon\/wp-json\/wp\/v2\/comments?post=6755"}],"wp:attachment":[{"href":"https:\/\/uj.adatbank.ro\/lexikon\/wp-json\/wp\/v2\/media?parent=6755"}],"wp:term":[{"taxonomy":"product_brand","embeddable":true,"href":"https:\/\/uj.adatbank.ro\/lexikon\/wp-json\/wp\/v2\/product_brand?post=6755"},{"taxonomy":"product_cat","embeddable":true,"href":"https:\/\/uj.adatbank.ro\/lexikon\/wp-json\/wp\/v2\/product_cat?post=6755"},{"taxonomy":"product_tag","embeddable":true,"href":"https:\/\/uj.adatbank.ro\/lexikon\/wp-json\/wp\/v2\/product_tag?post=6755"}],"curies":[{"name":"wp","href":"https:\/\/api.w.org\/{rel}","templated":true}]}}