{"id":6757,"date":"2025-06-28T18:03:42","date_gmt":"2025-06-28T16:03:42","guid":{"rendered":"https:\/\/uj.adatbank.ro\/lexikon\/termek\/depner-j-robert-depner-iosif-robert\/"},"modified":"2025-06-28T18:03:42","modified_gmt":"2025-06-28T16:03:42","slug":"depner-j-robert-depner-iosif-robert","status":"publish","type":"product","link":"https:\/\/uj.adatbank.ro\/lexikon\/termek\/depner-j-robert-depner-iosif-robert\/","title":{"rendered":"DEPNER J. Robert, Depner Iosif Robert"},"content":{"rendered":"<p>? \u2020\u00a0? : gy\u00e1ros. \u2013 Sz\u00e1szr\u00e9geni kocsigy\u00e1rt\u00f3 gy\u00e1r tulajdonosa: a gy\u00e1rat 21 alkalmazottal alap\u00edtotta (1900) \u00e9s a kisipari sz\u00f6vetkezetek megalakul\u00e1s\u00e1ig (1948) m\u0171k\u0151d\u00f6tt. Kul\u00f6nb\u00f6z\u0151 fajta \u00e9s sz\u00edn\u0171 lovas kocsikat k\u00e9sz\u00edtettek (n\u00e9gykerek\u0171 szem\u00e9lysz\u00e1ll\u00edt\u00f3, konflisok, homokfut\u00f3k, gigek, k\u00e9tkerek\u0171, egyfogat\u00fa stb.). T\u00f6bb m\u0171helye volt, ahol a kocsigy\u00e1rt\u00e1s k\u00fcl\u00f6nb\u00f6z\u0151 f\u00e1zisait v\u00e9gezt\u00e9k el. Term\u00e9kei nemcsak Sz\u00e1szr\u00e9genben \u00e9s k\u00f6rny\u00e9k\u00e9n voltak keresettek, hanem az orsz\u00e1g m\u00e1s r\u00e9szein, s\u0151t k\u00fclf\u00f6ld\u00f6n is. A rom\u00e1n kir\u00e1lyi udvarnak is k\u00e9sz\u00fclt t\u00edz d\u00edszes hint\u00f3, ami\u00e9rt I. Ferdin\u00e1nd kir\u00e1ly diplom\u00e1val \u00e9s a kir\u00e1lyi koron\u00e1t \u00e1br\u00e1zol\u00f3 gipszc\u00edmerrel t\u00fcntette ki (1924). A T\u00f6r\u00f6k K\u00f6zt\u00e1rsas\u00e1g korm\u00e1ny\u00e1nak is k\u00e9sz\u00edtett k\u00e9t hint\u00f3t (1935). <br \/><strong>Irod.:<\/strong> B\u00edr\u00f3 Don\u00e1t 2000; Pan\u0103<\/br><\/p>\n","protected":false},"excerpt":{"rendered":"<p>? \u2020\u00a0? : gy\u00e1ros. \u2013 Sz\u00e1szr\u00e9geni kocsigy\u00e1rt\u00f3 gy\u00e1r tulajdonosa: a gy\u00e1rat 21 alkalmazottal alap\u00edtotta (1900) \u00e9s a kisipari sz\u00f6vetkezetek megalakul\u00e1s\u00e1ig (1948) m\u0171k\u0151d\u00f6tt. Kul\u00f6nb\u00f6z\u0151 fajta \u00e9s sz\u00edn\u0171 lovas kocsikat k\u00e9sz\u00edtettek (n\u00e9gykerek\u0171 szem\u00e9lysz\u00e1ll\u00edt\u00f3, konflisok, homokfut\u00f3k, gigek, k\u00e9tkerek\u0171, egyfogat\u00fa stb.). T\u00f6bb m\u0171helye volt, ahol a kocsigy\u00e1rt\u00e1s k\u00fcl\u00f6nb\u00f6z\u0151 f\u00e1zisait v\u00e9gezt\u00e9k el. Term\u00e9kei nemcsak Sz\u00e1szr\u00e9genben \u00e9s k\u00f6rny\u00e9k\u00e9n voltak keresettek, hanem [&hellip;]<\/p>\n","protected":false},"featured_media":0,"comment_status":"open","ping_status":"closed","template":"","meta":[],"product_brand":[],"product_cat":[137],"product_tag":[],"class_list":{"0":"post-6757","1":"product","2":"type-product","3":"status-publish","5":"product_cat-maros-megyei-eletrajzi-lexikon","7":"first","8":"instock","9":"shipping-taxable","10":"product-type-simple"},"_links":{"self":[{"href":"https:\/\/uj.adatbank.ro\/lexikon\/wp-json\/wp\/v2\/product\/6757","targetHints":{"allow":["GET"]}}],"collection":[{"href":"https:\/\/uj.adatbank.ro\/lexikon\/wp-json\/wp\/v2\/product"}],"about":[{"href":"https:\/\/uj.adatbank.ro\/lexikon\/wp-json\/wp\/v2\/types\/product"}],"replies":[{"embeddable":true,"href":"https:\/\/uj.adatbank.ro\/lexikon\/wp-json\/wp\/v2\/comments?post=6757"}],"wp:attachment":[{"href":"https:\/\/uj.adatbank.ro\/lexikon\/wp-json\/wp\/v2\/media?parent=6757"}],"wp:term":[{"taxonomy":"product_brand","embeddable":true,"href":"https:\/\/uj.adatbank.ro\/lexikon\/wp-json\/wp\/v2\/product_brand?post=6757"},{"taxonomy":"product_cat","embeddable":true,"href":"https:\/\/uj.adatbank.ro\/lexikon\/wp-json\/wp\/v2\/product_cat?post=6757"},{"taxonomy":"product_tag","embeddable":true,"href":"https:\/\/uj.adatbank.ro\/lexikon\/wp-json\/wp\/v2\/product_tag?post=6757"}],"curies":[{"name":"wp","href":"https:\/\/api.w.org\/{rel}","templated":true}]}}