{"id":6759,"date":"2025-06-28T18:03:45","date_gmt":"2025-06-28T16:03:45","guid":{"rendered":"https:\/\/uj.adatbank.ro\/lexikon\/termek\/dersi-gergely-istvan-derzsi-gergely-istvan-derzsy-gergely-istvan\/"},"modified":"2025-06-28T18:03:45","modified_gmt":"2025-06-28T16:03:45","slug":"dersi-gergely-istvan-derzsi-gergely-istvan-derzsy-gergely-istvan","status":"publish","type":"product","link":"https:\/\/uj.adatbank.ro\/lexikon\/termek\/dersi-gergely-istvan-derzsi-gergely-istvan-derzsy-gergely-istvan\/","title":{"rendered":"DERSI Gergely Istv\u00e1n, Derzsi Gergely Istv\u00e1n, Derzsy Gergely Istv\u00e1n"},"content":{"rendered":"<p>?, \u2020\u00a0M\u00e9szk\u0151, ?: unit. lelk\u00e9sz. \u2013 Kv.-on volt iskolaf\u0151n\u00f6k. Sz\u0151kefalv\u00e1n lelk\u00e9sz (1716. m\u00e1j. 6. \u201326), a szentl\u00e1szl\u00f3i zsinaton szentelt\u00e9k fel (1717. j\u00fan. 20.). Szolg\u00e1lt Sz\u00e9plakon, K\u00e1lban, Szentl\u00e1szl\u00f3n, Tord\u00e1n, ahol a papi sz\u00e9k \u00fcln\u00f6k\u00e9v\u00e9 v\u00e1lasztott\u00e1k (1736. jan. 10.), majd \u00fajra Sz\u00e9plakon \u00e9s v\u00e9g\u00fcl M\u00e9szk\u0151re helyezt\u00e9k (1751\u2013). T\u00f6bb vall\u00e1si t\u00e1rgy\u00fa \u00edr\u00e1sa maradt <strong>K\u00e9ziratban:<\/strong> Diacrises theologicae, az unit\u00e1rius vall\u00e1snak tank\u00f6nyve (az ellenvet\u00e9sek c\u00e1folataival), melyet sokan le\u00edrtak \u00e9s haszn\u00e1ltak; Thesaurus S. Scripturae. \u2013 <strong>F. m.:<\/strong> Halotti besz\u00e9d Kem\u00e9ny Kata felett. Szamosfalva, 1714. m\u00e1rc. 29. <br \/><strong>Irod.:<\/strong> K\u00e9nosi-Uzoni 2.; Nagy L\u00e1szl\u00f3; Szinnyei<\/br><\/p>\n","protected":false},"excerpt":{"rendered":"<p>?, \u2020\u00a0M\u00e9szk\u0151, ?: unit. lelk\u00e9sz. \u2013 Kv.-on volt iskolaf\u0151n\u00f6k. Sz\u0151kefalv\u00e1n lelk\u00e9sz (1716. m\u00e1j. 6. \u201326), a szentl\u00e1szl\u00f3i zsinaton szentelt\u00e9k fel (1717. j\u00fan. 20.). Szolg\u00e1lt Sz\u00e9plakon, K\u00e1lban, Szentl\u00e1szl\u00f3n, Tord\u00e1n, ahol a papi sz\u00e9k \u00fcln\u00f6k\u00e9v\u00e9 v\u00e1lasztott\u00e1k (1736. jan. 10.), majd \u00fajra Sz\u00e9plakon \u00e9s v\u00e9g\u00fcl M\u00e9szk\u0151re helyezt\u00e9k (1751\u2013). T\u00f6bb vall\u00e1si t\u00e1rgy\u00fa \u00edr\u00e1sa maradt K\u00e9ziratban: Diacrises theologicae, az unit\u00e1rius [&hellip;]<\/p>\n","protected":false},"featured_media":0,"comment_status":"open","ping_status":"closed","template":"","meta":[],"product_brand":[],"product_cat":[137],"product_tag":[],"class_list":{"0":"post-6759","1":"product","2":"type-product","3":"status-publish","5":"product_cat-maros-megyei-eletrajzi-lexikon","7":"first","8":"instock","9":"shipping-taxable","10":"product-type-simple"},"_links":{"self":[{"href":"https:\/\/uj.adatbank.ro\/lexikon\/wp-json\/wp\/v2\/product\/6759","targetHints":{"allow":["GET"]}}],"collection":[{"href":"https:\/\/uj.adatbank.ro\/lexikon\/wp-json\/wp\/v2\/product"}],"about":[{"href":"https:\/\/uj.adatbank.ro\/lexikon\/wp-json\/wp\/v2\/types\/product"}],"replies":[{"embeddable":true,"href":"https:\/\/uj.adatbank.ro\/lexikon\/wp-json\/wp\/v2\/comments?post=6759"}],"wp:attachment":[{"href":"https:\/\/uj.adatbank.ro\/lexikon\/wp-json\/wp\/v2\/media?parent=6759"}],"wp:term":[{"taxonomy":"product_brand","embeddable":true,"href":"https:\/\/uj.adatbank.ro\/lexikon\/wp-json\/wp\/v2\/product_brand?post=6759"},{"taxonomy":"product_cat","embeddable":true,"href":"https:\/\/uj.adatbank.ro\/lexikon\/wp-json\/wp\/v2\/product_cat?post=6759"},{"taxonomy":"product_tag","embeddable":true,"href":"https:\/\/uj.adatbank.ro\/lexikon\/wp-json\/wp\/v2\/product_tag?post=6759"}],"curies":[{"name":"wp","href":"https:\/\/api.w.org\/{rel}","templated":true}]}}