{"id":6763,"date":"2025-06-28T18:03:52","date_gmt":"2025-06-28T16:03:52","guid":{"rendered":"https:\/\/uj.adatbank.ro\/lexikon\/termek\/dersi-janos-%c2%a7-derzsi-janos\/"},"modified":"2025-06-28T18:03:52","modified_gmt":"2025-06-28T16:03:52","slug":"dersi-janos-%c2%a7-derzsi-janos","status":"publish","type":"product","link":"https:\/\/uj.adatbank.ro\/lexikon\/termek\/dersi-janos-%c2%a7-derzsi-janos\/","title":{"rendered":"DERSI J\u00e1nos, \u00a7 Derzsi J\u00e1nos"},"content":{"rendered":"<p>Nagyteremi v. K\u00fck\u00fcll\u0151v\u00e1r, 1830. aug. 2., \u2020 Mv., 1890. dec. 27.: f\u00f6ldbirtokos, egyh\u00e1zi tan\u00e1cstag. \u2013 Dersi J\u00e1nos \u00e9s oroszhegyi J\u00e1nosi Veronika fia. Feles\u00e9ge: dr. Cs\u00edki S\u00e1muel le\u00e1nya, M\u00e1ria (1861, elv\u00e1ltak 1864). \u2013 Az elemi iskol\u00e1t Nagyszebenben, a k\u00f6z\u00e9piskol\u00e1t a mv.-i kat. gimn.-ban, majd a Ref. Koll.-ban v\u00e9gezte. Az 1848\u201349-es szabads\u00e1gharcban husz\u00e1rk\u00e9nt vett r\u00e9szt. A szabads\u00e1gharc lever\u00e9se ut\u00e1n birtok\u00e1n gazd\u00e1lkodott, s vagyon\u00e1t a pusztaszentmikl\u00f3si\u00a0birtokkal gyarap\u00edtotta. A marosk\u00f6ri unit. egyh\u00e1zk\u00f6r fel\u00fcgyel\u0151 gondnoka, az EMKE mv.-i tagozat\u00e1nak alap\u00edt\u00f3 \u00e9s v\u00e1lasztm\u00e1nyi tagja (1885\u2013). A marosk\u00f6ri unit. egyh\u00e1zk\u00f6r fel\u00fcgyel\u0151 gondnoka. Unit. alap\u00edtv\u00e1ny tev\u0151 Mv.-en: a mv.-i Pet\u0151fi utcai (ma Posta u.) lak\u00e1s\u00e1t az unit. egyh\u00e1zra hagyta lelk\u00e9szi lak\u00e1snak. V\u00e9grendelete szerint (1890. aug. 30.) vagyon\u00e1t a kv.-i \u00e9s sz\u00e9kelykereszt\u00fari gimn., a mv.-i unit. ekl\u00e9zsia \u00e9s az EMKE kapta. S\u00edreml\u00e9ke a mv.-i ref. temet\u0151ben \u00e1ll. Az EMKE mv.-i alap\u00edt\u00f3 \u00e9s v\u00e1lasztm\u00e1nyi tagja (1885\u2013). Temet\u00e9s\u00e9n R\u00e9diger G\u00e9za szab\u00e9di unit lelk\u00e9sz tartott gy\u00e1szvesz\u00e9det. Watterolieth K\u00e1roly mv.-i fest\u0151 eml\u00e9kezetb\u0151l k\u00e9sz\u00edtette el olajk\u00e9p\u00e9t. <br \/><strong>Irod.:<\/strong> Dersi J\u00e1nos eml\u00e9ke (Kv., 1893); Derzsi Ferenc: Gy\u00f6kerek; Erd\u00e9lyi unit. 1848\u201349; F\u00fcl\u00f6p\u2013Ferencz; Gy\u00e1szjelent.; Horv\u00e1th Gyula EMKE m\u0171k\u00f6d\u00e9se (Kv., 1898); Kelemen; K\u0151v\u00e1ry L\u00e1szl\u00f3 1899; Mv.-i Unit. Ek.; P\u00e9terfi D\u00e9nes: D. J. eml\u00e9ke a felette mondott besz\u00e9dekben Mv., 1890. dec. 29. (Kv., 1891); RNL; S\u00e1ndor; S\u00e1ndor J\u00f3zsef; S\u00e1ndor J\u00f3zsef: Az EMKE negyedsz\u00e1zados \u00f6r\u00f6m\u00fcnnep\u00e9nek s a kapcsolatos kv.-i Orsz K\u00f6zm\u0171vel\u0151d\u00e9si Kongresszusnak le\u00edr\u00e1sa (Kv., 1912)<\/br><\/p>\n","protected":false},"excerpt":{"rendered":"<p>Nagyteremi v. K\u00fck\u00fcll\u0151v\u00e1r, 1830. aug. 2., \u2020 Mv., 1890. dec. 27.: f\u00f6ldbirtokos, egyh\u00e1zi tan\u00e1cstag. \u2013 Dersi J\u00e1nos \u00e9s oroszhegyi J\u00e1nosi Veronika fia. Feles\u00e9ge: dr. Cs\u00edki S\u00e1muel le\u00e1nya, M\u00e1ria (1861, elv\u00e1ltak 1864). \u2013 Az elemi iskol\u00e1t Nagyszebenben, a k\u00f6z\u00e9piskol\u00e1t a mv.-i kat. gimn.-ban, majd a Ref. Koll.-ban v\u00e9gezte. Az 1848\u201349-es szabads\u00e1gharcban husz\u00e1rk\u00e9nt vett r\u00e9szt. A szabads\u00e1gharc [&hellip;]<\/p>\n","protected":false},"featured_media":0,"comment_status":"open","ping_status":"closed","template":"","meta":[],"product_brand":[],"product_cat":[137],"product_tag":[],"class_list":{"0":"post-6763","1":"product","2":"type-product","3":"status-publish","5":"product_cat-maros-megyei-eletrajzi-lexikon","7":"first","8":"instock","9":"shipping-taxable","10":"product-type-simple"},"_links":{"self":[{"href":"https:\/\/uj.adatbank.ro\/lexikon\/wp-json\/wp\/v2\/product\/6763","targetHints":{"allow":["GET"]}}],"collection":[{"href":"https:\/\/uj.adatbank.ro\/lexikon\/wp-json\/wp\/v2\/product"}],"about":[{"href":"https:\/\/uj.adatbank.ro\/lexikon\/wp-json\/wp\/v2\/types\/product"}],"replies":[{"embeddable":true,"href":"https:\/\/uj.adatbank.ro\/lexikon\/wp-json\/wp\/v2\/comments?post=6763"}],"wp:attachment":[{"href":"https:\/\/uj.adatbank.ro\/lexikon\/wp-json\/wp\/v2\/media?parent=6763"}],"wp:term":[{"taxonomy":"product_brand","embeddable":true,"href":"https:\/\/uj.adatbank.ro\/lexikon\/wp-json\/wp\/v2\/product_brand?post=6763"},{"taxonomy":"product_cat","embeddable":true,"href":"https:\/\/uj.adatbank.ro\/lexikon\/wp-json\/wp\/v2\/product_cat?post=6763"},{"taxonomy":"product_tag","embeddable":true,"href":"https:\/\/uj.adatbank.ro\/lexikon\/wp-json\/wp\/v2\/product_tag?post=6763"}],"curies":[{"name":"wp","href":"https:\/\/api.w.org\/{rel}","templated":true}]}}