{"id":6764,"date":"2025-06-28T18:03:53","date_gmt":"2025-06-28T16:03:53","guid":{"rendered":"https:\/\/uj.adatbank.ro\/lexikon\/termek\/dersi-janos-derzsi-janos\/"},"modified":"2025-06-28T18:03:53","modified_gmt":"2025-06-28T16:03:53","slug":"dersi-janos-derzsi-janos","status":"publish","type":"product","link":"https:\/\/uj.adatbank.ro\/lexikon\/termek\/dersi-janos-derzsi-janos\/","title":{"rendered":"DERSI J\u00e1nos, Derzsi J\u00e1nos"},"content":{"rendered":"<p>1791.?, \u2020 El\u0151patak, 1852. j\u00fal. 18.: \u00fcgyv\u00e9d. \u2013 Mv.-i polg\u00e1r. Feles\u00e9ge: J\u00e1nosi Veronika. <br \/><strong>Irod.:<\/strong> Gy\u00e1szjelent\u0151.<\/br><\/p>\n","protected":false},"excerpt":{"rendered":"<p>1791.?, \u2020 El\u0151patak, 1852. j\u00fal. 18.: \u00fcgyv\u00e9d. \u2013 Mv.-i polg\u00e1r. Feles\u00e9ge: J\u00e1nosi Veronika. Irod.: Gy\u00e1szjelent\u0151.<\/p>\n","protected":false},"featured_media":0,"comment_status":"open","ping_status":"closed","template":"","meta":[],"product_brand":[],"product_cat":[137],"product_tag":[],"class_list":{"0":"post-6764","1":"product","2":"type-product","3":"status-publish","5":"product_cat-maros-megyei-eletrajzi-lexikon","7":"first","8":"instock","9":"shipping-taxable","10":"product-type-simple"},"_links":{"self":[{"href":"https:\/\/uj.adatbank.ro\/lexikon\/wp-json\/wp\/v2\/product\/6764","targetHints":{"allow":["GET"]}}],"collection":[{"href":"https:\/\/uj.adatbank.ro\/lexikon\/wp-json\/wp\/v2\/product"}],"about":[{"href":"https:\/\/uj.adatbank.ro\/lexikon\/wp-json\/wp\/v2\/types\/product"}],"replies":[{"embeddable":true,"href":"https:\/\/uj.adatbank.ro\/lexikon\/wp-json\/wp\/v2\/comments?post=6764"}],"wp:attachment":[{"href":"https:\/\/uj.adatbank.ro\/lexikon\/wp-json\/wp\/v2\/media?parent=6764"}],"wp:term":[{"taxonomy":"product_brand","embeddable":true,"href":"https:\/\/uj.adatbank.ro\/lexikon\/wp-json\/wp\/v2\/product_brand?post=6764"},{"taxonomy":"product_cat","embeddable":true,"href":"https:\/\/uj.adatbank.ro\/lexikon\/wp-json\/wp\/v2\/product_cat?post=6764"},{"taxonomy":"product_tag","embeddable":true,"href":"https:\/\/uj.adatbank.ro\/lexikon\/wp-json\/wp\/v2\/product_tag?post=6764"}],"curies":[{"name":"wp","href":"https:\/\/api.w.org\/{rel}","templated":true}]}}