{"id":6765,"date":"2025-06-28T18:03:55","date_gmt":"2025-06-28T16:03:55","guid":{"rendered":"https:\/\/uj.adatbank.ro\/lexikon\/termek\/dersi-lenart-mate\/"},"modified":"2025-06-28T18:03:55","modified_gmt":"2025-06-28T16:03:55","slug":"dersi-lenart-mate","status":"publish","type":"product","link":"https:\/\/uj.adatbank.ro\/lexikon\/termek\/dersi-lenart-mate\/","title":{"rendered":"DERSI L\u00e9n\u00e1rt M\u00e1t\u00e9"},"content":{"rendered":"<p>? \u2020\u00a01679.: unit. pap. \u2013 A Toldalagiak birtok\u00e1n, Ikl\u00f3don pap (1644. \u00e1pr. 14. &#8211; ), majd Abrudb\u00e1ny\u00e1n (1660-ig) \u00e9s Tord\u00e1n szolg\u00e1lt mint D\u00e1lnoki Istv\u00e1n ut\u00f3da, pap \u00e9s esperes hal\u00e1l\u00e1ig. Konzisztor (1671), egyh\u00e1zi k\u00f6zsz\u00f3noknak v\u00e1lasztott\u00e1k (1678). \u2013 <strong>F. m.:<\/strong> Zsinati pr\u00e9dik\u00e1ci\u00f3. (Harangl\u00e1b, 1678. j\u00fan. 19.). <br \/><strong>Irod.:<\/strong> K\u00e9nosi-Uzoni 2.<\/br><\/p>\n","protected":false},"excerpt":{"rendered":"<p>? \u2020\u00a01679.: unit. pap. \u2013 A Toldalagiak birtok\u00e1n, Ikl\u00f3don pap (1644. \u00e1pr. 14. &#8211; ), majd Abrudb\u00e1ny\u00e1n (1660-ig) \u00e9s Tord\u00e1n szolg\u00e1lt mint D\u00e1lnoki Istv\u00e1n ut\u00f3da, pap \u00e9s esperes hal\u00e1l\u00e1ig. Konzisztor (1671), egyh\u00e1zi k\u00f6zsz\u00f3noknak v\u00e1lasztott\u00e1k (1678). \u2013 F. m.: Zsinati pr\u00e9dik\u00e1ci\u00f3. (Harangl\u00e1b, 1678. j\u00fan. 19.). Irod.: K\u00e9nosi-Uzoni 2.<\/p>\n","protected":false},"featured_media":0,"comment_status":"open","ping_status":"closed","template":"","meta":[],"product_brand":[],"product_cat":[137],"product_tag":[],"class_list":{"0":"post-6765","1":"product","2":"type-product","3":"status-publish","5":"product_cat-maros-megyei-eletrajzi-lexikon","7":"first","8":"instock","9":"shipping-taxable","10":"product-type-simple"},"_links":{"self":[{"href":"https:\/\/uj.adatbank.ro\/lexikon\/wp-json\/wp\/v2\/product\/6765","targetHints":{"allow":["GET"]}}],"collection":[{"href":"https:\/\/uj.adatbank.ro\/lexikon\/wp-json\/wp\/v2\/product"}],"about":[{"href":"https:\/\/uj.adatbank.ro\/lexikon\/wp-json\/wp\/v2\/types\/product"}],"replies":[{"embeddable":true,"href":"https:\/\/uj.adatbank.ro\/lexikon\/wp-json\/wp\/v2\/comments?post=6765"}],"wp:attachment":[{"href":"https:\/\/uj.adatbank.ro\/lexikon\/wp-json\/wp\/v2\/media?parent=6765"}],"wp:term":[{"taxonomy":"product_brand","embeddable":true,"href":"https:\/\/uj.adatbank.ro\/lexikon\/wp-json\/wp\/v2\/product_brand?post=6765"},{"taxonomy":"product_cat","embeddable":true,"href":"https:\/\/uj.adatbank.ro\/lexikon\/wp-json\/wp\/v2\/product_cat?post=6765"},{"taxonomy":"product_tag","embeddable":true,"href":"https:\/\/uj.adatbank.ro\/lexikon\/wp-json\/wp\/v2\/product_tag?post=6765"}],"curies":[{"name":"wp","href":"https:\/\/api.w.org\/{rel}","templated":true}]}}