{"id":6766,"date":"2025-06-28T18:03:56","date_gmt":"2025-06-28T16:03:56","guid":{"rendered":"https:\/\/uj.adatbank.ro\/lexikon\/termek\/dersi-otvos-janos-otves-janos-szekelyudvarhelyi\/"},"modified":"2025-06-28T18:03:56","modified_gmt":"2025-06-28T16:03:56","slug":"dersi-otvos-janos-otves-janos-szekelyudvarhelyi","status":"publish","type":"product","link":"https:\/\/uj.adatbank.ro\/lexikon\/termek\/dersi-otvos-janos-otves-janos-szekelyudvarhelyi\/","title":{"rendered":"DERSI \u00d6TV\u00d6S J\u00e1nos, \u00d6tves J\u00e1nos, sz\u00e9kelyudvarhelyi"},"content":{"rendered":"<p>? \u2020 Magyarkir\u00e1lyfalva, 1800.: ref. lelk\u00e9sz. \u2013 Subscrib\u00e1lt Sz\u00e9kelyudvarhelyen (1758), Enyeden (1760). K\u00fclf\u00f6ldi akad. &#8211;\u00e1kon j\u00e1rt (1773 el\u0151tt). Toroczkai Zsigmond udvari papja (1773\u2013). Magyarkir\u00e1lyfalv\u00e1n volt lelk\u00e9sz (1778\u201387, 1795\u20131800) \u00e9s K\u00fck\u00fcll\u0151v\u00e1ron (1787\u201395). A k\u00fck\u00fcll\u0151i egyh\u00e1zmegye esperese hal\u00e1l\u00e1ig (1797\u20131800). <br \/><strong>Irod.:<\/strong> K\u00fck\u00fcll\u0151i Ref. Egyh\u00e1zm. 1, 3.; Zov\u00e1nyi<\/br><\/p>\n","protected":false},"excerpt":{"rendered":"<p>? \u2020 Magyarkir\u00e1lyfalva, 1800.: ref. lelk\u00e9sz. \u2013 Subscrib\u00e1lt Sz\u00e9kelyudvarhelyen (1758), Enyeden (1760). K\u00fclf\u00f6ldi akad. &#8211;\u00e1kon j\u00e1rt (1773 el\u0151tt). Toroczkai Zsigmond udvari papja (1773\u2013). Magyarkir\u00e1lyfalv\u00e1n volt lelk\u00e9sz (1778\u201387, 1795\u20131800) \u00e9s K\u00fck\u00fcll\u0151v\u00e1ron (1787\u201395). A k\u00fck\u00fcll\u0151i egyh\u00e1zmegye esperese hal\u00e1l\u00e1ig (1797\u20131800). Irod.: K\u00fck\u00fcll\u0151i Ref. Egyh\u00e1zm. 1, 3.; Zov\u00e1nyi<\/p>\n","protected":false},"featured_media":0,"comment_status":"open","ping_status":"closed","template":"","meta":[],"product_brand":[],"product_cat":[137],"product_tag":[],"class_list":{"0":"post-6766","1":"product","2":"type-product","3":"status-publish","5":"product_cat-maros-megyei-eletrajzi-lexikon","7":"first","8":"instock","9":"shipping-taxable","10":"product-type-simple"},"_links":{"self":[{"href":"https:\/\/uj.adatbank.ro\/lexikon\/wp-json\/wp\/v2\/product\/6766","targetHints":{"allow":["GET"]}}],"collection":[{"href":"https:\/\/uj.adatbank.ro\/lexikon\/wp-json\/wp\/v2\/product"}],"about":[{"href":"https:\/\/uj.adatbank.ro\/lexikon\/wp-json\/wp\/v2\/types\/product"}],"replies":[{"embeddable":true,"href":"https:\/\/uj.adatbank.ro\/lexikon\/wp-json\/wp\/v2\/comments?post=6766"}],"wp:attachment":[{"href":"https:\/\/uj.adatbank.ro\/lexikon\/wp-json\/wp\/v2\/media?parent=6766"}],"wp:term":[{"taxonomy":"product_brand","embeddable":true,"href":"https:\/\/uj.adatbank.ro\/lexikon\/wp-json\/wp\/v2\/product_brand?post=6766"},{"taxonomy":"product_cat","embeddable":true,"href":"https:\/\/uj.adatbank.ro\/lexikon\/wp-json\/wp\/v2\/product_cat?post=6766"},{"taxonomy":"product_tag","embeddable":true,"href":"https:\/\/uj.adatbank.ro\/lexikon\/wp-json\/wp\/v2\/product_tag?post=6766"}],"curies":[{"name":"wp","href":"https:\/\/api.w.org\/{rel}","templated":true}]}}