{"id":6768,"date":"2025-06-28T18:04:02","date_gmt":"2025-06-28T16:04:02","guid":{"rendered":"https:\/\/uj.adatbank.ro\/lexikon\/termek\/dersy-janos\/"},"modified":"2025-06-28T18:04:02","modified_gmt":"2025-06-28T16:04:02","slug":"dersy-janos","status":"publish","type":"product","link":"https:\/\/uj.adatbank.ro\/lexikon\/termek\/dersy-janos\/","title":{"rendered":"DERSY J\u00e1nos"},"content":{"rendered":"<p>? \u2020\u00a0?: f\u00f6ldbirtokos. \u2013 B\u00e1thori G\u00e1bort\u00f3l nyert fejedelmi adom\u00e1nylevelet (1609. okt. 20.) a B\u00fazah\u00e1z\u00e1n, Mikh\u00e1z\u00e1n, Remet\u00e9n, Szov\u00e1t\u00e1n, Kend\u0151n, Cs\u00edkfalv\u00e1n lev\u0151 r\u00e9szjogaikra (1609. okt. 20.). <br \/><strong>Irod.:<\/strong> Szov\u00e1ta<\/br><\/p>\n","protected":false},"excerpt":{"rendered":"<p>? \u2020\u00a0?: f\u00f6ldbirtokos. \u2013 B\u00e1thori G\u00e1bort\u00f3l nyert fejedelmi adom\u00e1nylevelet (1609. okt. 20.) a B\u00fazah\u00e1z\u00e1n, Mikh\u00e1z\u00e1n, Remet\u00e9n, Szov\u00e1t\u00e1n, Kend\u0151n, Cs\u00edkfalv\u00e1n lev\u0151 r\u00e9szjogaikra (1609. okt. 20.). Irod.: Szov\u00e1ta<\/p>\n","protected":false},"featured_media":0,"comment_status":"open","ping_status":"closed","template":"","meta":[],"product_brand":[],"product_cat":[137],"product_tag":[],"class_list":{"0":"post-6768","1":"product","2":"type-product","3":"status-publish","5":"product_cat-maros-megyei-eletrajzi-lexikon","7":"first","8":"instock","9":"shipping-taxable","10":"product-type-simple"},"_links":{"self":[{"href":"https:\/\/uj.adatbank.ro\/lexikon\/wp-json\/wp\/v2\/product\/6768","targetHints":{"allow":["GET"]}}],"collection":[{"href":"https:\/\/uj.adatbank.ro\/lexikon\/wp-json\/wp\/v2\/product"}],"about":[{"href":"https:\/\/uj.adatbank.ro\/lexikon\/wp-json\/wp\/v2\/types\/product"}],"replies":[{"embeddable":true,"href":"https:\/\/uj.adatbank.ro\/lexikon\/wp-json\/wp\/v2\/comments?post=6768"}],"wp:attachment":[{"href":"https:\/\/uj.adatbank.ro\/lexikon\/wp-json\/wp\/v2\/media?parent=6768"}],"wp:term":[{"taxonomy":"product_brand","embeddable":true,"href":"https:\/\/uj.adatbank.ro\/lexikon\/wp-json\/wp\/v2\/product_brand?post=6768"},{"taxonomy":"product_cat","embeddable":true,"href":"https:\/\/uj.adatbank.ro\/lexikon\/wp-json\/wp\/v2\/product_cat?post=6768"},{"taxonomy":"product_tag","embeddable":true,"href":"https:\/\/uj.adatbank.ro\/lexikon\/wp-json\/wp\/v2\/product_tag?post=6768"}],"curies":[{"name":"wp","href":"https:\/\/api.w.org\/{rel}","templated":true}]}}