{"id":6769,"date":"2025-06-28T18:04:03","date_gmt":"2025-06-28T16:04:03","guid":{"rendered":"https:\/\/uj.adatbank.ro\/lexikon\/termek\/deryne-szeppataki-roza-%c2%a7-schenbach\/"},"modified":"2025-06-28T18:04:03","modified_gmt":"2025-06-28T16:04:03","slug":"deryne-szeppataki-roza-%c2%a7-schenbach","status":"publish","type":"product","link":"https:\/\/uj.adatbank.ro\/lexikon\/termek\/deryne-szeppataki-roza-%c2%a7-schenbach\/","title":{"rendered":"D\u00c9RYN\u00c9 SZ\u00c9PPATAKI R\u00f3za, \u00a7 Schenbach"},"content":{"rendered":"<p>J\u00e1szber\u00e9ny, 1793. dec. 23., \u2020 Miskolc, 1872. szept. 29.: sz\u00edn\u00e9szn\u0151. \u2013 F\u00e9rje D\u00e9ry (Mr\u00e1z) Istv\u00e1n, sz\u00edn\u00e9sz (1792\u20131862). A m. v\u00e1ndorsz\u00edn\u00e9szet legend\u00e1s alakja, val\u00f3s\u00e1gos operakultuszt teremtett Kv.-on (1823\u201327). A t\u00e1rsulat rendszeres mv.-i ny\u00e1ri \u00e9vadj\u00e1nak f\u0151 vonz\u00f3ereje volt. Mv.-en t\u00f6bbsz\u00f6r l\u00e9pett fel (el\u0151sz\u00f6r 1824. j\u00fal. 1, Grillparzer: Az \u0151sanya c. darabj\u00e1ban; aug. 28. -szept. 26; 1925 nyar\u00e1n; 1843. m\u00e1rc. 26., m\u00e1j. 17. -j\u00fan. 17.; 1844-ben). \u2013 <strong>F. m.:<\/strong> D\u00e9ryn\u00e9 napl\u00f3ja (Bp., 1905); <strong>antol\u00f3g.:<\/strong> Hazai utaz\u00f3k Erd\u00e9lyben (Kv., 1942); <br \/><strong>Irod.:<\/strong> Enyedi S\u00e1ndor: D\u00e9ryn\u00e9 erd\u00e9lyi sz\u00ednpadokon (Buk., 1975); Fodor\u2013Bal\u00e1s; Id\u0151t\u00e1r 1\u00a0; Nagyjaink; P\u00e1l-Antal 2009; Piroska; Szentimrei, Sz\u00e9pr\u00e9ti Lilla: Az Apoll\u00f3 sz\u00e1la (Erd\u00e9lyi Figyel\u0151, 7. sz., 1996. m\u00e1rc.)<\/br><\/p>\n","protected":false},"excerpt":{"rendered":"<p>J\u00e1szber\u00e9ny, 1793. dec. 23., \u2020 Miskolc, 1872. szept. 29.: sz\u00edn\u00e9szn\u0151. \u2013 F\u00e9rje D\u00e9ry (Mr\u00e1z) Istv\u00e1n, sz\u00edn\u00e9sz (1792\u20131862). A m. v\u00e1ndorsz\u00edn\u00e9szet legend\u00e1s alakja, val\u00f3s\u00e1gos operakultuszt teremtett Kv.-on (1823\u201327). A t\u00e1rsulat rendszeres mv.-i ny\u00e1ri \u00e9vadj\u00e1nak f\u0151 vonz\u00f3ereje volt. Mv.-en t\u00f6bbsz\u00f6r l\u00e9pett fel (el\u0151sz\u00f6r 1824. j\u00fal. 1, Grillparzer: Az \u0151sanya c. darabj\u00e1ban; aug. 28. -szept. 26; 1925 nyar\u00e1n; [&hellip;]<\/p>\n","protected":false},"featured_media":0,"comment_status":"open","ping_status":"closed","template":"","meta":[],"product_brand":[],"product_cat":[137],"product_tag":[],"class_list":{"0":"post-6769","1":"product","2":"type-product","3":"status-publish","5":"product_cat-maros-megyei-eletrajzi-lexikon","7":"first","8":"instock","9":"shipping-taxable","10":"product-type-simple"},"_links":{"self":[{"href":"https:\/\/uj.adatbank.ro\/lexikon\/wp-json\/wp\/v2\/product\/6769","targetHints":{"allow":["GET"]}}],"collection":[{"href":"https:\/\/uj.adatbank.ro\/lexikon\/wp-json\/wp\/v2\/product"}],"about":[{"href":"https:\/\/uj.adatbank.ro\/lexikon\/wp-json\/wp\/v2\/types\/product"}],"replies":[{"embeddable":true,"href":"https:\/\/uj.adatbank.ro\/lexikon\/wp-json\/wp\/v2\/comments?post=6769"}],"wp:attachment":[{"href":"https:\/\/uj.adatbank.ro\/lexikon\/wp-json\/wp\/v2\/media?parent=6769"}],"wp:term":[{"taxonomy":"product_brand","embeddable":true,"href":"https:\/\/uj.adatbank.ro\/lexikon\/wp-json\/wp\/v2\/product_brand?post=6769"},{"taxonomy":"product_cat","embeddable":true,"href":"https:\/\/uj.adatbank.ro\/lexikon\/wp-json\/wp\/v2\/product_cat?post=6769"},{"taxonomy":"product_tag","embeddable":true,"href":"https:\/\/uj.adatbank.ro\/lexikon\/wp-json\/wp\/v2\/product_tag?post=6769"}],"curies":[{"name":"wp","href":"https:\/\/api.w.org\/{rel}","templated":true}]}}