{"id":6772,"date":"2025-06-28T18:04:07","date_gmt":"2025-06-28T16:04:07","guid":{"rendered":"https:\/\/uj.adatbank.ro\/lexikon\/termek\/derzsi-denes\/"},"modified":"2025-06-28T18:04:07","modified_gmt":"2025-06-28T16:04:07","slug":"derzsi-denes","status":"publish","type":"product","link":"https:\/\/uj.adatbank.ro\/lexikon\/termek\/derzsi-denes\/","title":{"rendered":"DERZSI D\u00e9nes"},"content":{"rendered":"<p>Mikessz\u00e1sza, 1842. szept. 2., \u2020 Mez\u0151k\u00f6lp\u00e9ny, 1914. j\u00fal. 4.: ref. lelk\u00e9sz. \u2013 Torboszl\u00f3n, majd Mez\u0151k\u00f6lp\u00e9nyben m\u0171k\u00f6d\u00f6tt. <br \/><strong>Irod.:<\/strong> Derzsi<\/br><\/p>\n","protected":false},"excerpt":{"rendered":"<p>Mikessz\u00e1sza, 1842. szept. 2., \u2020 Mez\u0151k\u00f6lp\u00e9ny, 1914. j\u00fal. 4.: ref. lelk\u00e9sz. \u2013 Torboszl\u00f3n, majd Mez\u0151k\u00f6lp\u00e9nyben m\u0171k\u00f6d\u00f6tt. Irod.: Derzsi<\/p>\n","protected":false},"featured_media":0,"comment_status":"open","ping_status":"closed","template":"","meta":[],"product_brand":[],"product_cat":[137],"product_tag":[],"class_list":{"0":"post-6772","1":"product","2":"type-product","3":"status-publish","5":"product_cat-maros-megyei-eletrajzi-lexikon","7":"first","8":"instock","9":"shipping-taxable","10":"product-type-simple"},"_links":{"self":[{"href":"https:\/\/uj.adatbank.ro\/lexikon\/wp-json\/wp\/v2\/product\/6772","targetHints":{"allow":["GET"]}}],"collection":[{"href":"https:\/\/uj.adatbank.ro\/lexikon\/wp-json\/wp\/v2\/product"}],"about":[{"href":"https:\/\/uj.adatbank.ro\/lexikon\/wp-json\/wp\/v2\/types\/product"}],"replies":[{"embeddable":true,"href":"https:\/\/uj.adatbank.ro\/lexikon\/wp-json\/wp\/v2\/comments?post=6772"}],"wp:attachment":[{"href":"https:\/\/uj.adatbank.ro\/lexikon\/wp-json\/wp\/v2\/media?parent=6772"}],"wp:term":[{"taxonomy":"product_brand","embeddable":true,"href":"https:\/\/uj.adatbank.ro\/lexikon\/wp-json\/wp\/v2\/product_brand?post=6772"},{"taxonomy":"product_cat","embeddable":true,"href":"https:\/\/uj.adatbank.ro\/lexikon\/wp-json\/wp\/v2\/product_cat?post=6772"},{"taxonomy":"product_tag","embeddable":true,"href":"https:\/\/uj.adatbank.ro\/lexikon\/wp-json\/wp\/v2\/product_tag?post=6772"}],"curies":[{"name":"wp","href":"https:\/\/api.w.org\/{rel}","templated":true}]}}