{"id":6773,"date":"2025-06-28T18:04:10","date_gmt":"2025-06-28T16:04:10","guid":{"rendered":"https:\/\/uj.adatbank.ro\/lexikon\/termek\/derzsi-endre\/"},"modified":"2025-06-28T18:04:10","modified_gmt":"2025-06-28T16:04:10","slug":"derzsi-endre","status":"publish","type":"product","link":"https:\/\/uj.adatbank.ro\/lexikon\/termek\/derzsi-endre\/","title":{"rendered":"DERZSI Endre"},"content":{"rendered":"<p>Mez\u0151k\u00f6lp\u00e9ny, 1891. j\u00fal. 8., \u2020\u00a0?\u00a0: ref. lelk\u00e9sz. \u2013 A gimn. -ot Mv.-en (1909), a teol\u00f3gi\u00e1t Kv.-on v\u00e9gezte (1913), majd a berlini egyetemen k\u00e9pezte tov\u00e1bb mag\u00e1t. Lelk\u00e9sz Mez\u0151k\u00f6lp\u00e9nyben, K\u00e9zdiv\u00e1s\u00e1rhelyen, Mv.-en (1914\u201316), Kisgalambfalv\u00e1n (1916\u2013), Bal\u00e1zsfalv\u00e1n (1931\u2013). Cikkei \u00e9s novell\u00e1i, pr\u00e9dik\u00e1ci\u00f3i jelentek meg a sz\u00e9kelyudvarhelyi Harangsz\u00f3, a zilahi Lelkip\u00e1sztor c. lapokban. \u2013 <strong>F. m.:<\/strong> Mai vall\u00e1stan\u00edt\u00e1sunk meg\u00fajhod\u00e1sa (Sz\u00e9kelyudvarhely, 1917); A magad \u00e9rtelm\u00e9re ne t\u00e1maszkodj\u00e1l (Kv., 1924); \u00c1rva Julis kar\u00e1csonya (Kv., 1926); Mit akar a n\u0151sz\u00f6vets\u00e9g (Nagyenyed, 1931). <br \/><strong>Irod.:<\/strong> Guly\u00e1s<\/br><\/p>\n","protected":false},"excerpt":{"rendered":"<p>Mez\u0151k\u00f6lp\u00e9ny, 1891. j\u00fal. 8., \u2020\u00a0?\u00a0: ref. lelk\u00e9sz. \u2013 A gimn. -ot Mv.-en (1909), a teol\u00f3gi\u00e1t Kv.-on v\u00e9gezte (1913), majd a berlini egyetemen k\u00e9pezte tov\u00e1bb mag\u00e1t. Lelk\u00e9sz Mez\u0151k\u00f6lp\u00e9nyben, K\u00e9zdiv\u00e1s\u00e1rhelyen, Mv.-en (1914\u201316), Kisgalambfalv\u00e1n (1916\u2013), Bal\u00e1zsfalv\u00e1n (1931\u2013). Cikkei \u00e9s novell\u00e1i, pr\u00e9dik\u00e1ci\u00f3i jelentek meg a sz\u00e9kelyudvarhelyi Harangsz\u00f3, a zilahi Lelkip\u00e1sztor c. lapokban. \u2013 F. m.: Mai vall\u00e1stan\u00edt\u00e1sunk meg\u00fajhod\u00e1sa (Sz\u00e9kelyudvarhely, [&hellip;]<\/p>\n","protected":false},"featured_media":0,"comment_status":"open","ping_status":"closed","template":"","meta":[],"product_brand":[],"product_cat":[137],"product_tag":[],"class_list":{"0":"post-6773","1":"product","2":"type-product","3":"status-publish","5":"product_cat-maros-megyei-eletrajzi-lexikon","7":"first","8":"instock","9":"shipping-taxable","10":"product-type-simple"},"_links":{"self":[{"href":"https:\/\/uj.adatbank.ro\/lexikon\/wp-json\/wp\/v2\/product\/6773","targetHints":{"allow":["GET"]}}],"collection":[{"href":"https:\/\/uj.adatbank.ro\/lexikon\/wp-json\/wp\/v2\/product"}],"about":[{"href":"https:\/\/uj.adatbank.ro\/lexikon\/wp-json\/wp\/v2\/types\/product"}],"replies":[{"embeddable":true,"href":"https:\/\/uj.adatbank.ro\/lexikon\/wp-json\/wp\/v2\/comments?post=6773"}],"wp:attachment":[{"href":"https:\/\/uj.adatbank.ro\/lexikon\/wp-json\/wp\/v2\/media?parent=6773"}],"wp:term":[{"taxonomy":"product_brand","embeddable":true,"href":"https:\/\/uj.adatbank.ro\/lexikon\/wp-json\/wp\/v2\/product_brand?post=6773"},{"taxonomy":"product_cat","embeddable":true,"href":"https:\/\/uj.adatbank.ro\/lexikon\/wp-json\/wp\/v2\/product_cat?post=6773"},{"taxonomy":"product_tag","embeddable":true,"href":"https:\/\/uj.adatbank.ro\/lexikon\/wp-json\/wp\/v2\/product_tag?post=6773"}],"curies":[{"name":"wp","href":"https:\/\/api.w.org\/{rel}","templated":true}]}}