{"id":6774,"date":"2025-06-28T18:04:12","date_gmt":"2025-06-28T16:04:12","guid":{"rendered":"https:\/\/uj.adatbank.ro\/lexikon\/termek\/derzsi-ferenc\/"},"modified":"2025-06-28T18:04:12","modified_gmt":"2025-06-28T16:04:12","slug":"derzsi-ferenc","status":"publish","type":"product","link":"https:\/\/uj.adatbank.ro\/lexikon\/termek\/derzsi-ferenc\/","title":{"rendered":"DERZSI Ferenc"},"content":{"rendered":"<p>Ny\u00e1r\u00e1dszentbenedek, 1927. j\u00fal. 6. \u2020 ?: tan\u00edt\u00f3. \u2013 Tan\u00edt\u00f3k\u00e9pz\u0151t v\u00e9gzett, valamint Spotoktat\u00f3-edz\u0151 \u00e9s j\u00e1t\u00e9kvezet\u0151 k\u00e9pz\u00e9sben is r\u00e9szes\u00fclt. Helyettes tan\u00e1r Szov\u00e1t\u00e1n a 7 oszt\u00e1lyos elemi iskol\u00e1ban (1948. szept. 1. \u2013), tan\u00e1r az Ady Endre k\u00f6z\u00e9piskol\u00e1ban (1956\u2013), nyugd\u00edjaz\u00e1s\u00e1ig a 2. sz. 10 oszt\u00e1lyos iskol\u00e1ban (1987-ig). A szov\u00e1tai f\u00fcr\u00e9sz\u00fczem labdar\u00fag\u00f3 csapat\u00e1nak edz\u0151je, leigazolt akt\u00edv j\u00e1t\u00e9kosa (1960-ig). Fontos feladat\u00e1nak tartotta a tonaterem l\u00e9trehoz\u00e1sa, sportkomplexum tervez\u00e9se \u00e9s meg\u00e9p\u00edt\u00e9se (1964\u20131970), a v\u00e1rosi k\u00f6zponti sportp\u00e1lya korszer\u0171s\u00edt\u00e9s\u00e9hez seg\u00edts\u00e9g ad\u00e1sa a di\u00e1kokkal k\u00f6z\u00f6sen. Tagja a rajoni, tartom\u00e1nyi, megyei Sportbizotts\u00e1gnak megszak\u00edt\u00e1s n\u00e9lk\u00fcl nyugd\u00edjaz\u00e1s\u00e1ig (1952\u20131987. j\u00fan. 25.). A t\u00e1rsadalmi k\u00e9rd\u00e9sk foglalkoztatt\u00e1k: A kommunizmus k\u00f6rmei k\u00f6z\u00f6tt, forradalom \u00e9s nacionalizmus, nemzeti k\u00e9rd\u00e9s a sz\u00e9kelyekn\u00e9l, a kult\u00fara szerepe a nemzeti \u00f6sszetartoz\u00e1sban, a kett\u0151s \u00e1llampolg\u00e1rs\u00e1g, csak magunkra sz\u00e1m\u00edthatunk. Fekete \u00c1rp\u00e1d t\u00e1rsszerz\u0151vel meg\u00edrt\u00e1k Szov\u00e1ta v\u00e1ros sportmonogr\u00e1fi\u00e1j\u00e1t. \u2013 <strong>F. m.:<\/strong> Eml\u00e9kk\u00f6nyv in memoriam k\u00e1ny\u00e1di l\u00f3f\u0151sz\u00e9kely Derzsi Abert reform\u00e1tus k\u00e1ntor-tan\u00edt\u00f3 eml\u00e9k\u00e9re kopjafa-, eml\u00e9koszlopavat\u00f3 \u00fcnnep\u00e9lye alkalm\u00e1b\u00f3l (Fintah\u00e1za, 1999. j\u00fal. 17.); Szov\u00e1tai Atl\u00e9tikai Clubt\u00f3l a Medve-t\u00f3 Sportegyes\u00fcletig \/ Derzsi Ferenc, Fekete \u00c1rp\u00e1d; Viharokkal \u00e9s aranysugarakkal. Visszaeml\u00e9kez\u00e9sek mozaikdarabjai (Szov\u00e1ta, 2010.); Nem m\u00falnak \u0151k el, akik sz\u00edv\u00fcnkben \u00e9lnek. Derzsi Ferenc levelez\u00e9se (Szov\u00e1ta, 2012.). <br \/><strong>Irod.:<\/strong> Kajcsa Jen\u0151. A Derzsi-t\u00f6lgyfa (N\u00fa., 2010. dec. 14).<\/br><\/p>\n","protected":false},"excerpt":{"rendered":"<p>Ny\u00e1r\u00e1dszentbenedek, 1927. j\u00fal. 6. \u2020 ?: tan\u00edt\u00f3. \u2013 Tan\u00edt\u00f3k\u00e9pz\u0151t v\u00e9gzett, valamint Spotoktat\u00f3-edz\u0151 \u00e9s j\u00e1t\u00e9kvezet\u0151 k\u00e9pz\u00e9sben is r\u00e9szes\u00fclt. Helyettes tan\u00e1r Szov\u00e1t\u00e1n a 7 oszt\u00e1lyos elemi iskol\u00e1ban (1948. szept. 1. \u2013), tan\u00e1r az Ady Endre k\u00f6z\u00e9piskol\u00e1ban (1956\u2013), nyugd\u00edjaz\u00e1s\u00e1ig a 2. sz. 10 oszt\u00e1lyos iskol\u00e1ban (1987-ig). A szov\u00e1tai f\u00fcr\u00e9sz\u00fczem labdar\u00fag\u00f3 csapat\u00e1nak edz\u0151je, leigazolt akt\u00edv j\u00e1t\u00e9kosa (1960-ig). Fontos feladat\u00e1nak [&hellip;]<\/p>\n","protected":false},"featured_media":0,"comment_status":"open","ping_status":"closed","template":"","meta":[],"product_brand":[],"product_cat":[137],"product_tag":[],"class_list":{"0":"post-6774","1":"product","2":"type-product","3":"status-publish","5":"product_cat-maros-megyei-eletrajzi-lexikon","7":"first","8":"instock","9":"shipping-taxable","10":"product-type-simple"},"_links":{"self":[{"href":"https:\/\/uj.adatbank.ro\/lexikon\/wp-json\/wp\/v2\/product\/6774","targetHints":{"allow":["GET"]}}],"collection":[{"href":"https:\/\/uj.adatbank.ro\/lexikon\/wp-json\/wp\/v2\/product"}],"about":[{"href":"https:\/\/uj.adatbank.ro\/lexikon\/wp-json\/wp\/v2\/types\/product"}],"replies":[{"embeddable":true,"href":"https:\/\/uj.adatbank.ro\/lexikon\/wp-json\/wp\/v2\/comments?post=6774"}],"wp:attachment":[{"href":"https:\/\/uj.adatbank.ro\/lexikon\/wp-json\/wp\/v2\/media?parent=6774"}],"wp:term":[{"taxonomy":"product_brand","embeddable":true,"href":"https:\/\/uj.adatbank.ro\/lexikon\/wp-json\/wp\/v2\/product_brand?post=6774"},{"taxonomy":"product_cat","embeddable":true,"href":"https:\/\/uj.adatbank.ro\/lexikon\/wp-json\/wp\/v2\/product_cat?post=6774"},{"taxonomy":"product_tag","embeddable":true,"href":"https:\/\/uj.adatbank.ro\/lexikon\/wp-json\/wp\/v2\/product_tag?post=6774"}],"curies":[{"name":"wp","href":"https:\/\/api.w.org\/{rel}","templated":true}]}}