{"id":6776,"date":"2025-06-28T18:04:15","date_gmt":"2025-06-28T16:04:15","guid":{"rendered":"https:\/\/uj.adatbank.ro\/lexikon\/termek\/derzsi-gabriella\/"},"modified":"2025-06-28T18:04:15","modified_gmt":"2025-06-28T16:04:15","slug":"derzsi-gabriella","status":"publish","type":"product","link":"https:\/\/uj.adatbank.ro\/lexikon\/termek\/derzsi-gabriella\/","title":{"rendered":"DERZSI Gabriella"},"content":{"rendered":"<p>Mez\u0151k\u00f6lp\u00e9ny, 1917. nov. 3., \u2020 Mv., 1999. m\u00e1rc. 3.: tan\u00edt\u00f3n\u0151. \u2013 D. K\u00e1lm\u00e1n le\u00e1nya. \u2013 Sz\u00e9kelyudvarhelyen v\u00e9gezte a tan\u00edt\u00f3k\u00e9pz\u0151t. Tan\u00edtott: Mez\u0151k\u00f6lp\u00e9ny, Nagyercse, Mez\u0151s\u00e1msond, K\u00fck\u00fcll\u0151domb\u00f3, B\u00fazah\u00e1za, Mez\u0151bodon-ban. <br \/><strong>Irod.:<\/strong> Derzsi; [Nekrol\u00f3g] (N\u00fa., 1999. m\u00e1rc. 6.); Omagiu<\/br><\/p>\n","protected":false},"excerpt":{"rendered":"<p>Mez\u0151k\u00f6lp\u00e9ny, 1917. nov. 3., \u2020 Mv., 1999. m\u00e1rc. 3.: tan\u00edt\u00f3n\u0151. \u2013 D. K\u00e1lm\u00e1n le\u00e1nya. \u2013 Sz\u00e9kelyudvarhelyen v\u00e9gezte a tan\u00edt\u00f3k\u00e9pz\u0151t. Tan\u00edtott: Mez\u0151k\u00f6lp\u00e9ny, Nagyercse, Mez\u0151s\u00e1msond, K\u00fck\u00fcll\u0151domb\u00f3, B\u00fazah\u00e1za, Mez\u0151bodon-ban. Irod.: Derzsi; [Nekrol\u00f3g] (N\u00fa., 1999. m\u00e1rc. 6.); Omagiu<\/p>\n","protected":false},"featured_media":0,"comment_status":"open","ping_status":"closed","template":"","meta":[],"product_brand":[],"product_cat":[137],"product_tag":[],"class_list":{"0":"post-6776","1":"product","2":"type-product","3":"status-publish","5":"product_cat-maros-megyei-eletrajzi-lexikon","7":"first","8":"instock","9":"shipping-taxable","10":"product-type-simple"},"_links":{"self":[{"href":"https:\/\/uj.adatbank.ro\/lexikon\/wp-json\/wp\/v2\/product\/6776","targetHints":{"allow":["GET"]}}],"collection":[{"href":"https:\/\/uj.adatbank.ro\/lexikon\/wp-json\/wp\/v2\/product"}],"about":[{"href":"https:\/\/uj.adatbank.ro\/lexikon\/wp-json\/wp\/v2\/types\/product"}],"replies":[{"embeddable":true,"href":"https:\/\/uj.adatbank.ro\/lexikon\/wp-json\/wp\/v2\/comments?post=6776"}],"wp:attachment":[{"href":"https:\/\/uj.adatbank.ro\/lexikon\/wp-json\/wp\/v2\/media?parent=6776"}],"wp:term":[{"taxonomy":"product_brand","embeddable":true,"href":"https:\/\/uj.adatbank.ro\/lexikon\/wp-json\/wp\/v2\/product_brand?post=6776"},{"taxonomy":"product_cat","embeddable":true,"href":"https:\/\/uj.adatbank.ro\/lexikon\/wp-json\/wp\/v2\/product_cat?post=6776"},{"taxonomy":"product_tag","embeddable":true,"href":"https:\/\/uj.adatbank.ro\/lexikon\/wp-json\/wp\/v2\/product_tag?post=6776"}],"curies":[{"name":"wp","href":"https:\/\/api.w.org\/{rel}","templated":true}]}}