{"id":6784,"date":"2025-06-28T18:04:29","date_gmt":"2025-06-28T16:04:29","guid":{"rendered":"https:\/\/uj.adatbank.ro\/lexikon\/termek\/derzsi-kalman-kanyadi\/"},"modified":"2025-06-28T18:04:29","modified_gmt":"2025-06-28T16:04:29","slug":"derzsi-kalman-kanyadi","status":"publish","type":"product","link":"https:\/\/uj.adatbank.ro\/lexikon\/termek\/derzsi-kalman-kanyadi\/","title":{"rendered":"DERZSI K\u00e1lm\u00e1n, k\u00e1ny\u00e1di"},"content":{"rendered":"<p>Fintah\u00e1za, 1886. m\u00e1j. 20., \u2020\u00a0Ny\u00e1r\u00e1dszentbenedek, 1952.: ref. lelk\u00e9sz. \u2013 Az elemiiskol\u00e1t Fintah\u00e1z\u00e1n v\u00e9gezte, a kv.-i Ref. Koll.-ban \u00e9retts\u00e9gizett (1906). A kv.-i Ref. Teol\u00f3gi\u00e1n tanult (1906\u201310). Mint seg\u00e9dlelk\u00e9sz Ny\u00e1r\u00e1dszered\u00e1n kezdte p\u00e1ly\u00e1j\u00e1t (1910\u201311), onnan Ny\u00e1r\u00e1dszentann\u00e1ra ker\u00fclt, majd a Mez\u0151k\u00f6lp\u00e9nyi gy\u00fclekezet lelkip\u00e1sztora lett nyugd\u00edjaz\u00e1s\u00e1ig (1914\u201351). A MP aleln\u00f6ke, a Hangya megalap\u00edt\u00f3ja \u00e9s \u00fcgyvezet\u0151 eln\u00f6ke, a Tejsz\u00f6vetkezet \u00fcgyvezet\u0151 k\u00f6nyvel\u0151je, egyh\u00e1zmegyei tan\u00e1csb\u00edr\u00f3 volt. <br \/><strong>Irod.:<\/strong> Derzsi; Mez\u0151k\u00f6lp\u00e9ny; Nagy P\u00e1l: Falu a Korh\u00e1ny alatt (Sz\u00e9kelyf\u00f6ld, 5. sz., 2006.); Sz\u00e9kelyf\u00f6ld \u00ed. k.<\/br><\/p>\n","protected":false},"excerpt":{"rendered":"<p>Fintah\u00e1za, 1886. m\u00e1j. 20., \u2020\u00a0Ny\u00e1r\u00e1dszentbenedek, 1952.: ref. lelk\u00e9sz. \u2013 Az elemiiskol\u00e1t Fintah\u00e1z\u00e1n v\u00e9gezte, a kv.-i Ref. Koll.-ban \u00e9retts\u00e9gizett (1906). A kv.-i Ref. Teol\u00f3gi\u00e1n tanult (1906\u201310). Mint seg\u00e9dlelk\u00e9sz Ny\u00e1r\u00e1dszered\u00e1n kezdte p\u00e1ly\u00e1j\u00e1t (1910\u201311), onnan Ny\u00e1r\u00e1dszentann\u00e1ra ker\u00fclt, majd a Mez\u0151k\u00f6lp\u00e9nyi gy\u00fclekezet lelkip\u00e1sztora lett nyugd\u00edjaz\u00e1s\u00e1ig (1914\u201351). A MP aleln\u00f6ke, a Hangya megalap\u00edt\u00f3ja \u00e9s \u00fcgyvezet\u0151 eln\u00f6ke, a Tejsz\u00f6vetkezet \u00fcgyvezet\u0151 k\u00f6nyvel\u0151je, [&hellip;]<\/p>\n","protected":false},"featured_media":0,"comment_status":"open","ping_status":"closed","template":"","meta":[],"product_brand":[],"product_cat":[137],"product_tag":[],"class_list":{"0":"post-6784","1":"product","2":"type-product","3":"status-publish","5":"product_cat-maros-megyei-eletrajzi-lexikon","7":"first","8":"instock","9":"shipping-taxable","10":"product-type-simple"},"_links":{"self":[{"href":"https:\/\/uj.adatbank.ro\/lexikon\/wp-json\/wp\/v2\/product\/6784","targetHints":{"allow":["GET"]}}],"collection":[{"href":"https:\/\/uj.adatbank.ro\/lexikon\/wp-json\/wp\/v2\/product"}],"about":[{"href":"https:\/\/uj.adatbank.ro\/lexikon\/wp-json\/wp\/v2\/types\/product"}],"replies":[{"embeddable":true,"href":"https:\/\/uj.adatbank.ro\/lexikon\/wp-json\/wp\/v2\/comments?post=6784"}],"wp:attachment":[{"href":"https:\/\/uj.adatbank.ro\/lexikon\/wp-json\/wp\/v2\/media?parent=6784"}],"wp:term":[{"taxonomy":"product_brand","embeddable":true,"href":"https:\/\/uj.adatbank.ro\/lexikon\/wp-json\/wp\/v2\/product_brand?post=6784"},{"taxonomy":"product_cat","embeddable":true,"href":"https:\/\/uj.adatbank.ro\/lexikon\/wp-json\/wp\/v2\/product_cat?post=6784"},{"taxonomy":"product_tag","embeddable":true,"href":"https:\/\/uj.adatbank.ro\/lexikon\/wp-json\/wp\/v2\/product_tag?post=6784"}],"curies":[{"name":"wp","href":"https:\/\/api.w.org\/{rel}","templated":true}]}}