{"id":6787,"date":"2025-06-28T18:04:36","date_gmt":"2025-06-28T16:04:36","guid":{"rendered":"https:\/\/uj.adatbank.ro\/lexikon\/termek\/derzsi-odon\/"},"modified":"2025-06-28T18:04:36","modified_gmt":"2025-06-28T16:04:36","slug":"derzsi-odon","status":"publish","type":"product","link":"https:\/\/uj.adatbank.ro\/lexikon\/termek\/derzsi-odon\/","title":{"rendered":"DERZSI \u00d6d\u00f6n"},"content":{"rendered":"<p>Fintah\u00e1za, 1876. j\u00fan. 10., \u2020 Cegl\u00e9d, 1920. okt. 4.: tan\u00e1r. \u2013 K\u00f6z\u00e9piskol\u00e1it Nagyenyeden, az egyetemet Kv.-on v\u00e9gezte (1901). Gyakornok a mv.-i Ref. Koll.-ban (1901\u201302). Tan\u00edtott Mez\u0151t\u00faron, Petrozs\u00e9nyben, Szentesen, Kv.-on, Cegl\u00e9den. <strong>Cikkei:<\/strong> Mez\u0151t\u00fari Ref. Gimn. \u00e9s a Szentesi \u00c1ll. gimn. \u00e9rtes\u00edt\u0151j\u00e9ben. <br \/><strong>Irod.:<\/strong> Derzsi; Guly\u00e1s; Mv. t\u00f6rt. 2.<\/br><\/p>\n","protected":false},"excerpt":{"rendered":"<p>Fintah\u00e1za, 1876. j\u00fan. 10., \u2020 Cegl\u00e9d, 1920. okt. 4.: tan\u00e1r. \u2013 K\u00f6z\u00e9piskol\u00e1it Nagyenyeden, az egyetemet Kv.-on v\u00e9gezte (1901). Gyakornok a mv.-i Ref. Koll.-ban (1901\u201302). Tan\u00edtott Mez\u0151t\u00faron, Petrozs\u00e9nyben, Szentesen, Kv.-on, Cegl\u00e9den. Cikkei: Mez\u0151t\u00fari Ref. Gimn. \u00e9s a Szentesi \u00c1ll. gimn. \u00e9rtes\u00edt\u0151j\u00e9ben. Irod.: Derzsi; Guly\u00e1s; Mv. t\u00f6rt. 2.<\/p>\n","protected":false},"featured_media":0,"comment_status":"open","ping_status":"closed","template":"","meta":[],"product_brand":[],"product_cat":[137],"product_tag":[],"class_list":{"0":"post-6787","1":"product","2":"type-product","3":"status-publish","5":"product_cat-maros-megyei-eletrajzi-lexikon","7":"first","8":"instock","9":"shipping-taxable","10":"product-type-simple"},"_links":{"self":[{"href":"https:\/\/uj.adatbank.ro\/lexikon\/wp-json\/wp\/v2\/product\/6787","targetHints":{"allow":["GET"]}}],"collection":[{"href":"https:\/\/uj.adatbank.ro\/lexikon\/wp-json\/wp\/v2\/product"}],"about":[{"href":"https:\/\/uj.adatbank.ro\/lexikon\/wp-json\/wp\/v2\/types\/product"}],"replies":[{"embeddable":true,"href":"https:\/\/uj.adatbank.ro\/lexikon\/wp-json\/wp\/v2\/comments?post=6787"}],"wp:attachment":[{"href":"https:\/\/uj.adatbank.ro\/lexikon\/wp-json\/wp\/v2\/media?parent=6787"}],"wp:term":[{"taxonomy":"product_brand","embeddable":true,"href":"https:\/\/uj.adatbank.ro\/lexikon\/wp-json\/wp\/v2\/product_brand?post=6787"},{"taxonomy":"product_cat","embeddable":true,"href":"https:\/\/uj.adatbank.ro\/lexikon\/wp-json\/wp\/v2\/product_cat?post=6787"},{"taxonomy":"product_tag","embeddable":true,"href":"https:\/\/uj.adatbank.ro\/lexikon\/wp-json\/wp\/v2\/product_tag?post=6787"}],"curies":[{"name":"wp","href":"https:\/\/api.w.org\/{rel}","templated":true}]}}