{"id":6788,"date":"2025-06-28T18:04:40","date_gmt":"2025-06-28T16:04:40","guid":{"rendered":"https:\/\/uj.adatbank.ro\/lexikon\/termek\/derzsi-zoltan\/"},"modified":"2025-06-28T18:04:40","modified_gmt":"2025-06-28T16:04:40","slug":"derzsi-zoltan","status":"publish","type":"product","link":"https:\/\/uj.adatbank.ro\/lexikon\/termek\/derzsi-zoltan\/","title":{"rendered":"DERZSI Zolt\u00e1n"},"content":{"rendered":"<p>Torboszl\u00f3, 1881. febr. 26,. \u2020 Bp., 1960. j\u00fal. 4.: jog\u00e1sz. \u2013 K\u00fariai b\u00edr\u00f3 volt Bp.-en. <br \/><strong>Irod.:<\/strong> Derzsi<\/br><\/p>\n","protected":false},"excerpt":{"rendered":"<p>Torboszl\u00f3, 1881. febr. 26,. \u2020 Bp., 1960. j\u00fal. 4.: jog\u00e1sz. \u2013 K\u00fariai b\u00edr\u00f3 volt Bp.-en. Irod.: Derzsi<\/p>\n","protected":false},"featured_media":0,"comment_status":"open","ping_status":"closed","template":"","meta":[],"product_brand":[],"product_cat":[137],"product_tag":[],"class_list":{"0":"post-6788","1":"product","2":"type-product","3":"status-publish","5":"product_cat-maros-megyei-eletrajzi-lexikon","7":"first","8":"instock","9":"shipping-taxable","10":"product-type-simple"},"_links":{"self":[{"href":"https:\/\/uj.adatbank.ro\/lexikon\/wp-json\/wp\/v2\/product\/6788","targetHints":{"allow":["GET"]}}],"collection":[{"href":"https:\/\/uj.adatbank.ro\/lexikon\/wp-json\/wp\/v2\/product"}],"about":[{"href":"https:\/\/uj.adatbank.ro\/lexikon\/wp-json\/wp\/v2\/types\/product"}],"replies":[{"embeddable":true,"href":"https:\/\/uj.adatbank.ro\/lexikon\/wp-json\/wp\/v2\/comments?post=6788"}],"wp:attachment":[{"href":"https:\/\/uj.adatbank.ro\/lexikon\/wp-json\/wp\/v2\/media?parent=6788"}],"wp:term":[{"taxonomy":"product_brand","embeddable":true,"href":"https:\/\/uj.adatbank.ro\/lexikon\/wp-json\/wp\/v2\/product_brand?post=6788"},{"taxonomy":"product_cat","embeddable":true,"href":"https:\/\/uj.adatbank.ro\/lexikon\/wp-json\/wp\/v2\/product_cat?post=6788"},{"taxonomy":"product_tag","embeddable":true,"href":"https:\/\/uj.adatbank.ro\/lexikon\/wp-json\/wp\/v2\/product_tag?post=6788"}],"curies":[{"name":"wp","href":"https:\/\/api.w.org\/{rel}","templated":true}]}}