{"id":6790,"date":"2025-06-28T18:04:45","date_gmt":"2025-06-28T16:04:45","guid":{"rendered":"https:\/\/uj.adatbank.ro\/lexikon\/termek\/desbodes-viktor\/"},"modified":"2025-06-28T18:04:45","modified_gmt":"2025-06-28T16:04:45","slug":"desbodes-viktor","status":"publish","type":"product","link":"https:\/\/uj.adatbank.ro\/lexikon\/termek\/desbodes-viktor\/","title":{"rendered":"DESBODES Viktor"},"content":{"rendered":"<p>? \u2020\u00a0? : f\u00f6ldbirtokos. \u2013 Mez\u0151kapuson f\u00f6ldbirtokos. \u2013. Az EMKE Maros-Torda vm. \u00e9s Mv. sz. kir. v\u00e1rosi v\u00e1lasztm\u00e1ny\u00e1nak tagja (1885). <br \/><strong>Irod.:<\/strong> EMKE 120<\/br><\/p>\n","protected":false},"excerpt":{"rendered":"<p>? \u2020\u00a0? : f\u00f6ldbirtokos. \u2013 Mez\u0151kapuson f\u00f6ldbirtokos. \u2013. Az EMKE Maros-Torda vm. \u00e9s Mv. sz. kir. v\u00e1rosi v\u00e1lasztm\u00e1ny\u00e1nak tagja (1885). Irod.: EMKE 120<\/p>\n","protected":false},"featured_media":0,"comment_status":"open","ping_status":"closed","template":"","meta":[],"product_brand":[],"product_cat":[137],"product_tag":[],"class_list":{"0":"post-6790","1":"product","2":"type-product","3":"status-publish","5":"product_cat-maros-megyei-eletrajzi-lexikon","7":"first","8":"instock","9":"shipping-taxable","10":"product-type-simple"},"_links":{"self":[{"href":"https:\/\/uj.adatbank.ro\/lexikon\/wp-json\/wp\/v2\/product\/6790","targetHints":{"allow":["GET"]}}],"collection":[{"href":"https:\/\/uj.adatbank.ro\/lexikon\/wp-json\/wp\/v2\/product"}],"about":[{"href":"https:\/\/uj.adatbank.ro\/lexikon\/wp-json\/wp\/v2\/types\/product"}],"replies":[{"embeddable":true,"href":"https:\/\/uj.adatbank.ro\/lexikon\/wp-json\/wp\/v2\/comments?post=6790"}],"wp:attachment":[{"href":"https:\/\/uj.adatbank.ro\/lexikon\/wp-json\/wp\/v2\/media?parent=6790"}],"wp:term":[{"taxonomy":"product_brand","embeddable":true,"href":"https:\/\/uj.adatbank.ro\/lexikon\/wp-json\/wp\/v2\/product_brand?post=6790"},{"taxonomy":"product_cat","embeddable":true,"href":"https:\/\/uj.adatbank.ro\/lexikon\/wp-json\/wp\/v2\/product_cat?post=6790"},{"taxonomy":"product_tag","embeddable":true,"href":"https:\/\/uj.adatbank.ro\/lexikon\/wp-json\/wp\/v2\/product_tag?post=6790"}],"curies":[{"name":"wp","href":"https:\/\/api.w.org\/{rel}","templated":true}]}}