{"id":6791,"date":"2025-06-28T18:04:47","date_gmt":"2025-06-28T16:04:47","guid":{"rendered":"https:\/\/uj.adatbank.ro\/lexikon\/termek\/desfalvi-ferenc\/"},"modified":"2025-06-28T18:04:47","modified_gmt":"2025-06-28T16:04:47","slug":"desfalvi-ferenc","status":"publish","type":"product","link":"https:\/\/uj.adatbank.ro\/lexikon\/termek\/desfalvi-ferenc\/","title":{"rendered":"D\u00c9SFALVI Ferenc"},"content":{"rendered":"<p>? \u2020\u00a0?: ref. lelk\u00e9sz. \u2013 Kv.-on subscrib\u00e1lt (1725). Marosbog\u00e1ton tan\u00edt\u00f3skodott (1730\u201331), Kor\u00f3dszentm\u00e1rtonban lelk\u00e9sz (1734\u201360) \u00e9s Ebesfalv\u00e1n (1761). <br \/><strong>Irod.:<\/strong> K\u00fck\u00fcll\u0151i Ref. Egyh\u00e1zm. 2., 3.<\/br><\/p>\n","protected":false},"excerpt":{"rendered":"<p>? \u2020\u00a0?: ref. lelk\u00e9sz. \u2013 Kv.-on subscrib\u00e1lt (1725). Marosbog\u00e1ton tan\u00edt\u00f3skodott (1730\u201331), Kor\u00f3dszentm\u00e1rtonban lelk\u00e9sz (1734\u201360) \u00e9s Ebesfalv\u00e1n (1761). Irod.: K\u00fck\u00fcll\u0151i Ref. Egyh\u00e1zm. 2., 3.<\/p>\n","protected":false},"featured_media":0,"comment_status":"open","ping_status":"closed","template":"","meta":[],"product_brand":[],"product_cat":[137],"product_tag":[],"class_list":{"0":"post-6791","1":"product","2":"type-product","3":"status-publish","5":"product_cat-maros-megyei-eletrajzi-lexikon","7":"first","8":"instock","9":"shipping-taxable","10":"product-type-simple"},"_links":{"self":[{"href":"https:\/\/uj.adatbank.ro\/lexikon\/wp-json\/wp\/v2\/product\/6791","targetHints":{"allow":["GET"]}}],"collection":[{"href":"https:\/\/uj.adatbank.ro\/lexikon\/wp-json\/wp\/v2\/product"}],"about":[{"href":"https:\/\/uj.adatbank.ro\/lexikon\/wp-json\/wp\/v2\/types\/product"}],"replies":[{"embeddable":true,"href":"https:\/\/uj.adatbank.ro\/lexikon\/wp-json\/wp\/v2\/comments?post=6791"}],"wp:attachment":[{"href":"https:\/\/uj.adatbank.ro\/lexikon\/wp-json\/wp\/v2\/media?parent=6791"}],"wp:term":[{"taxonomy":"product_brand","embeddable":true,"href":"https:\/\/uj.adatbank.ro\/lexikon\/wp-json\/wp\/v2\/product_brand?post=6791"},{"taxonomy":"product_cat","embeddable":true,"href":"https:\/\/uj.adatbank.ro\/lexikon\/wp-json\/wp\/v2\/product_cat?post=6791"},{"taxonomy":"product_tag","embeddable":true,"href":"https:\/\/uj.adatbank.ro\/lexikon\/wp-json\/wp\/v2\/product_tag?post=6791"}],"curies":[{"name":"wp","href":"https:\/\/api.w.org\/{rel}","templated":true}]}}