{"id":6792,"date":"2025-06-28T18:04:48","date_gmt":"2025-06-28T16:04:48","guid":{"rendered":"https:\/\/uj.adatbank.ro\/lexikon\/termek\/desfalvi-miklos-veres-miklos-desfalvi-veres-miklos\/"},"modified":"2025-06-28T18:04:48","modified_gmt":"2025-06-28T16:04:48","slug":"desfalvi-miklos-veres-miklos-desfalvi-veres-miklos","status":"publish","type":"product","link":"https:\/\/uj.adatbank.ro\/lexikon\/termek\/desfalvi-miklos-veres-miklos-desfalvi-veres-miklos\/","title":{"rendered":"D\u00c9SFALVI Mikl\u00f3s, Veres Mikl\u00f3s, D\u00e9sfalvi Veres Mikl\u00f3s"},"content":{"rendered":"<p>? \u2020\u00a0?\u00a0: unit. pap, iskola igazgat\u00f3. \u2013 A ny\u00e1r\u00e1dszentl\u00e1szl\u00f3i iskola igazgat\u00f3ja (3 \u00e9vig), a tordai zsinaton marosk\u00f6ri esperesnek v\u00e1lasztott\u00e1k (1643. j\u00fan. 21. \u2013), az unit. egyh\u00e1z f\u0151jegyz\u0151je, a kv.- koll.-ban tan\u00edtott, majd a tordai iskola hetedik igazgat\u00f3ja (1647. \u00e1pr. 18. \u2013), v\u00e9g\u00fcl Torock\u00f3n volt pap (1654 k.). \u2013 <strong>F. m.:<\/strong> Halotti besz\u00e9d Killy\u00e9ni Gy\u00f6rgy I. Felett. Kv., 1646. m\u00e1rc. 23. <br \/><strong>Irod.:<\/strong> Ga\u00e1l 2001; K\u00e9nosi-Uzoni 1., 2.<\/br><\/p>\n","protected":false},"excerpt":{"rendered":"<p>? \u2020\u00a0?\u00a0: unit. pap, iskola igazgat\u00f3. \u2013 A ny\u00e1r\u00e1dszentl\u00e1szl\u00f3i iskola igazgat\u00f3ja (3 \u00e9vig), a tordai zsinaton marosk\u00f6ri esperesnek v\u00e1lasztott\u00e1k (1643. j\u00fan. 21. \u2013), az unit. egyh\u00e1z f\u0151jegyz\u0151je, a kv.- koll.-ban tan\u00edtott, majd a tordai iskola hetedik igazgat\u00f3ja (1647. \u00e1pr. 18. \u2013), v\u00e9g\u00fcl Torock\u00f3n volt pap (1654 k.). \u2013 F. m.: Halotti besz\u00e9d Killy\u00e9ni Gy\u00f6rgy I. [&hellip;]<\/p>\n","protected":false},"featured_media":0,"comment_status":"open","ping_status":"closed","template":"","meta":[],"product_brand":[],"product_cat":[137],"product_tag":[],"class_list":{"0":"post-6792","1":"product","2":"type-product","3":"status-publish","5":"product_cat-maros-megyei-eletrajzi-lexikon","7":"first","8":"instock","9":"shipping-taxable","10":"product-type-simple"},"_links":{"self":[{"href":"https:\/\/uj.adatbank.ro\/lexikon\/wp-json\/wp\/v2\/product\/6792","targetHints":{"allow":["GET"]}}],"collection":[{"href":"https:\/\/uj.adatbank.ro\/lexikon\/wp-json\/wp\/v2\/product"}],"about":[{"href":"https:\/\/uj.adatbank.ro\/lexikon\/wp-json\/wp\/v2\/types\/product"}],"replies":[{"embeddable":true,"href":"https:\/\/uj.adatbank.ro\/lexikon\/wp-json\/wp\/v2\/comments?post=6792"}],"wp:attachment":[{"href":"https:\/\/uj.adatbank.ro\/lexikon\/wp-json\/wp\/v2\/media?parent=6792"}],"wp:term":[{"taxonomy":"product_brand","embeddable":true,"href":"https:\/\/uj.adatbank.ro\/lexikon\/wp-json\/wp\/v2\/product_brand?post=6792"},{"taxonomy":"product_cat","embeddable":true,"href":"https:\/\/uj.adatbank.ro\/lexikon\/wp-json\/wp\/v2\/product_cat?post=6792"},{"taxonomy":"product_tag","embeddable":true,"href":"https:\/\/uj.adatbank.ro\/lexikon\/wp-json\/wp\/v2\/product_tag?post=6792"}],"curies":[{"name":"wp","href":"https:\/\/api.w.org\/{rel}","templated":true}]}}