{"id":6794,"date":"2025-06-28T18:04:51","date_gmt":"2025-06-28T16:04:51","guid":{"rendered":"https:\/\/uj.adatbank.ro\/lexikon\/termek\/desi-ferenc-2\/"},"modified":"2025-06-28T18:04:51","modified_gmt":"2025-06-28T16:04:51","slug":"desi-ferenc-2","status":"publish","type":"product","link":"https:\/\/uj.adatbank.ro\/lexikon\/termek\/desi-ferenc-2\/","title":{"rendered":"D\u00c9SI Ferenc"},"content":{"rendered":"<p>? \u2020\u00a01801. aug. : r. k. pap. \u2013 Papp\u00e1 szentelt\u00e9k (1789). K\u00e1pl\u00e1n volt Cs\u00edknagyboldogasszonyban (1789). Pl\u00e9b\u00e1nos Sz\u00e9kelylengyelfalv\u00e1n (1792), B\u00f6z\u00f6d\u00fajfaluban (1798\u2013). <br \/><strong>Irod.:<\/strong> Ferenczi S\u00e1ndor 2009<\/br><\/p>\n","protected":false},"excerpt":{"rendered":"<p>? \u2020\u00a01801. aug. : r. k. pap. \u2013 Papp\u00e1 szentelt\u00e9k (1789). K\u00e1pl\u00e1n volt Cs\u00edknagyboldogasszonyban (1789). Pl\u00e9b\u00e1nos Sz\u00e9kelylengyelfalv\u00e1n (1792), B\u00f6z\u00f6d\u00fajfaluban (1798\u2013). Irod.: Ferenczi S\u00e1ndor 2009<\/p>\n","protected":false},"featured_media":0,"comment_status":"open","ping_status":"closed","template":"","meta":[],"product_brand":[],"product_cat":[137],"product_tag":[],"class_list":{"0":"post-6794","1":"product","2":"type-product","3":"status-publish","5":"product_cat-maros-megyei-eletrajzi-lexikon","7":"first","8":"instock","9":"shipping-taxable","10":"product-type-simple"},"_links":{"self":[{"href":"https:\/\/uj.adatbank.ro\/lexikon\/wp-json\/wp\/v2\/product\/6794","targetHints":{"allow":["GET"]}}],"collection":[{"href":"https:\/\/uj.adatbank.ro\/lexikon\/wp-json\/wp\/v2\/product"}],"about":[{"href":"https:\/\/uj.adatbank.ro\/lexikon\/wp-json\/wp\/v2\/types\/product"}],"replies":[{"embeddable":true,"href":"https:\/\/uj.adatbank.ro\/lexikon\/wp-json\/wp\/v2\/comments?post=6794"}],"wp:attachment":[{"href":"https:\/\/uj.adatbank.ro\/lexikon\/wp-json\/wp\/v2\/media?parent=6794"}],"wp:term":[{"taxonomy":"product_brand","embeddable":true,"href":"https:\/\/uj.adatbank.ro\/lexikon\/wp-json\/wp\/v2\/product_brand?post=6794"},{"taxonomy":"product_cat","embeddable":true,"href":"https:\/\/uj.adatbank.ro\/lexikon\/wp-json\/wp\/v2\/product_cat?post=6794"},{"taxonomy":"product_tag","embeddable":true,"href":"https:\/\/uj.adatbank.ro\/lexikon\/wp-json\/wp\/v2\/product_tag?post=6794"}],"curies":[{"name":"wp","href":"https:\/\/api.w.org\/{rel}","templated":true}]}}