{"id":6796,"date":"2025-06-28T18:04:55","date_gmt":"2025-06-28T16:04:55","guid":{"rendered":"https:\/\/uj.adatbank.ro\/lexikon\/termek\/desi-gabor-kisgorgenyi\/"},"modified":"2025-06-28T18:04:55","modified_gmt":"2025-06-28T16:04:55","slug":"desi-gabor-kisgorgenyi","status":"publish","type":"product","link":"https:\/\/uj.adatbank.ro\/lexikon\/termek\/desi-gabor-kisgorgenyi\/","title":{"rendered":"D\u00c9SI G\u00e1bor, kisg\u00f6rg\u00e9nyi"},"content":{"rendered":"<p>1790.? \u2020\u00a0Kisg\u00f6rg\u00e9ny, 1852. nov. 7. : birtokos gazda. \u2013 Feles\u00e9ge: Ferenczi Katalin. Gyermekeik: Eszter Ny\u00e1r\u00e1di Istv\u00e1nn\u00e9 \u00e9s K\u00e1roly <br \/><strong>Irod.:<\/strong> Gy\u00e1szjelent\u0151<\/br><\/p>\n","protected":false},"excerpt":{"rendered":"<p>1790.? \u2020\u00a0Kisg\u00f6rg\u00e9ny, 1852. nov. 7. : birtokos gazda. \u2013 Feles\u00e9ge: Ferenczi Katalin. Gyermekeik: Eszter Ny\u00e1r\u00e1di Istv\u00e1nn\u00e9 \u00e9s K\u00e1roly Irod.: Gy\u00e1szjelent\u0151<\/p>\n","protected":false},"featured_media":0,"comment_status":"open","ping_status":"closed","template":"","meta":[],"product_brand":[],"product_cat":[137],"product_tag":[],"class_list":{"0":"post-6796","1":"product","2":"type-product","3":"status-publish","5":"product_cat-maros-megyei-eletrajzi-lexikon","7":"first","8":"instock","9":"shipping-taxable","10":"product-type-simple"},"_links":{"self":[{"href":"https:\/\/uj.adatbank.ro\/lexikon\/wp-json\/wp\/v2\/product\/6796","targetHints":{"allow":["GET"]}}],"collection":[{"href":"https:\/\/uj.adatbank.ro\/lexikon\/wp-json\/wp\/v2\/product"}],"about":[{"href":"https:\/\/uj.adatbank.ro\/lexikon\/wp-json\/wp\/v2\/types\/product"}],"replies":[{"embeddable":true,"href":"https:\/\/uj.adatbank.ro\/lexikon\/wp-json\/wp\/v2\/comments?post=6796"}],"wp:attachment":[{"href":"https:\/\/uj.adatbank.ro\/lexikon\/wp-json\/wp\/v2\/media?parent=6796"}],"wp:term":[{"taxonomy":"product_brand","embeddable":true,"href":"https:\/\/uj.adatbank.ro\/lexikon\/wp-json\/wp\/v2\/product_brand?post=6796"},{"taxonomy":"product_cat","embeddable":true,"href":"https:\/\/uj.adatbank.ro\/lexikon\/wp-json\/wp\/v2\/product_cat?post=6796"},{"taxonomy":"product_tag","embeddable":true,"href":"https:\/\/uj.adatbank.ro\/lexikon\/wp-json\/wp\/v2\/product_tag?post=6796"}],"curies":[{"name":"wp","href":"https:\/\/api.w.org\/{rel}","templated":true}]}}