{"id":6797,"date":"2025-06-28T18:04:56","date_gmt":"2025-06-28T16:04:56","guid":{"rendered":"https:\/\/uj.adatbank.ro\/lexikon\/termek\/desi-gyorgy\/"},"modified":"2025-06-28T18:04:56","modified_gmt":"2025-06-28T16:04:56","slug":"desi-gyorgy","status":"publish","type":"product","link":"https:\/\/uj.adatbank.ro\/lexikon\/termek\/desi-gyorgy\/","title":{"rendered":"D\u00c9SI Gy\u00f6rgy"},"content":{"rendered":"<p>? \u2020\u00a0?: ref. lelk\u00e9sz. \u2013 Kv.-on subscrib\u00e1lt (1700. k.). A Rh\u00e9deyekn\u00e9l volt nevel\u0151. Erd\u0151szentgy\u00f6rgy\u00f6n (1710\u20131712), Lukafalv\u00e1n (1717\u20131722), Backamadarason (1723\u20131724) Mez\u0151\u00fajlakon (1733), Dedr\u00e1dsz\u00e9plakon (1737), Marosfelfaluban (1739\u201341), majd Magyarf\u00fclp\u00f6s\u00f6n (1742\u201347) volt lelk\u00e9sz. <br \/><strong>Irod.:<\/strong> \u0150sz<\/br><\/p>\n","protected":false},"excerpt":{"rendered":"<p>? \u2020\u00a0?: ref. lelk\u00e9sz. \u2013 Kv.-on subscrib\u00e1lt (1700. k.). A Rh\u00e9deyekn\u00e9l volt nevel\u0151. Erd\u0151szentgy\u00f6rgy\u00f6n (1710\u20131712), Lukafalv\u00e1n (1717\u20131722), Backamadarason (1723\u20131724) Mez\u0151\u00fajlakon (1733), Dedr\u00e1dsz\u00e9plakon (1737), Marosfelfaluban (1739\u201341), majd Magyarf\u00fclp\u00f6s\u00f6n (1742\u201347) volt lelk\u00e9sz. Irod.: \u0150sz<\/p>\n","protected":false},"featured_media":0,"comment_status":"open","ping_status":"closed","template":"","meta":[],"product_brand":[],"product_cat":[137],"product_tag":[],"class_list":{"0":"post-6797","1":"product","2":"type-product","3":"status-publish","5":"product_cat-maros-megyei-eletrajzi-lexikon","7":"first","8":"instock","9":"shipping-taxable","10":"product-type-simple"},"_links":{"self":[{"href":"https:\/\/uj.adatbank.ro\/lexikon\/wp-json\/wp\/v2\/product\/6797","targetHints":{"allow":["GET"]}}],"collection":[{"href":"https:\/\/uj.adatbank.ro\/lexikon\/wp-json\/wp\/v2\/product"}],"about":[{"href":"https:\/\/uj.adatbank.ro\/lexikon\/wp-json\/wp\/v2\/types\/product"}],"replies":[{"embeddable":true,"href":"https:\/\/uj.adatbank.ro\/lexikon\/wp-json\/wp\/v2\/comments?post=6797"}],"wp:attachment":[{"href":"https:\/\/uj.adatbank.ro\/lexikon\/wp-json\/wp\/v2\/media?parent=6797"}],"wp:term":[{"taxonomy":"product_brand","embeddable":true,"href":"https:\/\/uj.adatbank.ro\/lexikon\/wp-json\/wp\/v2\/product_brand?post=6797"},{"taxonomy":"product_cat","embeddable":true,"href":"https:\/\/uj.adatbank.ro\/lexikon\/wp-json\/wp\/v2\/product_cat?post=6797"},{"taxonomy":"product_tag","embeddable":true,"href":"https:\/\/uj.adatbank.ro\/lexikon\/wp-json\/wp\/v2\/product_tag?post=6797"}],"curies":[{"name":"wp","href":"https:\/\/api.w.org\/{rel}","templated":true}]}}