{"id":6798,"date":"2025-06-28T18:04:59","date_gmt":"2025-06-28T16:04:59","guid":{"rendered":"https:\/\/uj.adatbank.ro\/lexikon\/termek\/desi-horvath-peter-horvath-peter\/"},"modified":"2025-06-28T18:04:59","modified_gmt":"2025-06-28T16:04:59","slug":"desi-horvath-peter-horvath-peter","status":"publish","type":"product","link":"https:\/\/uj.adatbank.ro\/lexikon\/termek\/desi-horvath-peter-horvath-peter\/","title":{"rendered":"D\u00c9SI HORV\u00c1TH P\u00e9ter, Horv\u00e1th P\u00e9ter"},"content":{"rendered":"<p>? \u2020\u00a0? : jegyz\u0151, szab\u00f3mester, esk\u00fcdt polg\u00e1r. \u2013 Mv polg\u00e1ra lett (1646). V\u00e1rosi jegyz\u0151 (1647, 1649, 1650). Nev\u00e9hez f\u0171z\u0151dik a lev\u00e9lt\u00e1r els\u0151 lajstromoz\u00e1sa a 17. sz. k\u00f6zep\u00e9n. Jegyz\u00e9kbe vette a c\u00e9heket \u00e9s a c\u00e9hmestereket. 19 c\u00e9het \u00edrt \u00f6ssze Mv.-en, 486 mesterrel (1657. febr. 23). Az esk\u00fcdt k\u00f6z\u00f6ns\u00e9g tagja (1658, 1662). A szab\u00f3 c\u00e9h tagja (1657). <br \/><strong>Irod.:<\/strong> Id\u0151t\u00e1r 1.; P\u00e1l-Antal 2004; P\u00e1l-Antal 2006; Szab\u00f3 Mikl\u00f3s<\/br><\/p>\n","protected":false},"excerpt":{"rendered":"<p>? \u2020\u00a0? : jegyz\u0151, szab\u00f3mester, esk\u00fcdt polg\u00e1r. \u2013 Mv polg\u00e1ra lett (1646). V\u00e1rosi jegyz\u0151 (1647, 1649, 1650). Nev\u00e9hez f\u0171z\u0151dik a lev\u00e9lt\u00e1r els\u0151 lajstromoz\u00e1sa a 17. sz. k\u00f6zep\u00e9n. Jegyz\u00e9kbe vette a c\u00e9heket \u00e9s a c\u00e9hmestereket. 19 c\u00e9het \u00edrt \u00f6ssze Mv.-en, 486 mesterrel (1657. febr. 23). Az esk\u00fcdt k\u00f6z\u00f6ns\u00e9g tagja (1658, 1662). A szab\u00f3 c\u00e9h tagja (1657). [&hellip;]<\/p>\n","protected":false},"featured_media":0,"comment_status":"open","ping_status":"closed","template":"","meta":[],"product_brand":[],"product_cat":[137],"product_tag":[],"class_list":{"0":"post-6798","1":"product","2":"type-product","3":"status-publish","5":"product_cat-maros-megyei-eletrajzi-lexikon","7":"first","8":"instock","9":"shipping-taxable","10":"product-type-simple"},"_links":{"self":[{"href":"https:\/\/uj.adatbank.ro\/lexikon\/wp-json\/wp\/v2\/product\/6798","targetHints":{"allow":["GET"]}}],"collection":[{"href":"https:\/\/uj.adatbank.ro\/lexikon\/wp-json\/wp\/v2\/product"}],"about":[{"href":"https:\/\/uj.adatbank.ro\/lexikon\/wp-json\/wp\/v2\/types\/product"}],"replies":[{"embeddable":true,"href":"https:\/\/uj.adatbank.ro\/lexikon\/wp-json\/wp\/v2\/comments?post=6798"}],"wp:attachment":[{"href":"https:\/\/uj.adatbank.ro\/lexikon\/wp-json\/wp\/v2\/media?parent=6798"}],"wp:term":[{"taxonomy":"product_brand","embeddable":true,"href":"https:\/\/uj.adatbank.ro\/lexikon\/wp-json\/wp\/v2\/product_brand?post=6798"},{"taxonomy":"product_cat","embeddable":true,"href":"https:\/\/uj.adatbank.ro\/lexikon\/wp-json\/wp\/v2\/product_cat?post=6798"},{"taxonomy":"product_tag","embeddable":true,"href":"https:\/\/uj.adatbank.ro\/lexikon\/wp-json\/wp\/v2\/product_tag?post=6798"}],"curies":[{"name":"wp","href":"https:\/\/api.w.org\/{rel}","templated":true}]}}