{"id":6802,"date":"2025-06-28T18:05:07","date_gmt":"2025-06-28T16:05:07","guid":{"rendered":"https:\/\/uj.adatbank.ro\/lexikon\/termek\/desseanu-popovici-ioan\/"},"modified":"2025-06-28T18:05:07","modified_gmt":"2025-06-28T16:05:07","slug":"desseanu-popovici-ioan","status":"publish","type":"product","link":"https:\/\/uj.adatbank.ro\/lexikon\/termek\/desseanu-popovici-ioan\/","title":{"rendered":"DESSEANU-POPOVICI Ioan"},"content":{"rendered":"<p>Magyarb\u00fckk\u00f6s, 1831. febr. 22., \u2020 1892. \u00e1pr. 28.: \u00fcgyv\u00e9d, politikus. \u2013 M. ogy.-i k\u00e9pvisel\u0151 (1861\u2013). \u00dcgyv\u00e9di oklevelet szerzett (1863). Egyike a rom\u00e1ns\u00e1g szellemi vezet\u0151inek, els\u0151nek haszn\u00e1lta a rom\u00e1n nyelvet \u00e9s harcolt annak hivatalos elismertet\u00e9s\u00e9\u00e9rt Aradon. Alap\u00edt\u00f3ja a Asoc. Na\u0163. Ar\u0103dene pt. Cultura poporului Rom. -nak; vezette Aradon a Rom\u00e1n Nemzeti P\u00e1rtot; \u00fajb\u00f3l k\u00e9pvisel\u0151 (1868-, 1874\u2013). <br \/><strong>Irod.:<\/strong> Predescu<\/br><\/p>\n","protected":false},"excerpt":{"rendered":"<p>Magyarb\u00fckk\u00f6s, 1831. febr. 22., \u2020 1892. \u00e1pr. 28.: \u00fcgyv\u00e9d, politikus. \u2013 M. ogy.-i k\u00e9pvisel\u0151 (1861\u2013). \u00dcgyv\u00e9di oklevelet szerzett (1863). Egyike a rom\u00e1ns\u00e1g szellemi vezet\u0151inek, els\u0151nek haszn\u00e1lta a rom\u00e1n nyelvet \u00e9s harcolt annak hivatalos elismertet\u00e9s\u00e9\u00e9rt Aradon. Alap\u00edt\u00f3ja a Asoc. Na\u0163. Ar\u0103dene pt. Cultura poporului Rom. -nak; vezette Aradon a Rom\u00e1n Nemzeti P\u00e1rtot; \u00fajb\u00f3l k\u00e9pvisel\u0151 (1868-, 1874\u2013). [&hellip;]<\/p>\n","protected":false},"featured_media":0,"comment_status":"open","ping_status":"closed","template":"","meta":[],"product_brand":[],"product_cat":[137],"product_tag":[],"class_list":{"0":"post-6802","1":"product","2":"type-product","3":"status-publish","5":"product_cat-maros-megyei-eletrajzi-lexikon","7":"first","8":"instock","9":"shipping-taxable","10":"product-type-simple"},"_links":{"self":[{"href":"https:\/\/uj.adatbank.ro\/lexikon\/wp-json\/wp\/v2\/product\/6802","targetHints":{"allow":["GET"]}}],"collection":[{"href":"https:\/\/uj.adatbank.ro\/lexikon\/wp-json\/wp\/v2\/product"}],"about":[{"href":"https:\/\/uj.adatbank.ro\/lexikon\/wp-json\/wp\/v2\/types\/product"}],"replies":[{"embeddable":true,"href":"https:\/\/uj.adatbank.ro\/lexikon\/wp-json\/wp\/v2\/comments?post=6802"}],"wp:attachment":[{"href":"https:\/\/uj.adatbank.ro\/lexikon\/wp-json\/wp\/v2\/media?parent=6802"}],"wp:term":[{"taxonomy":"product_brand","embeddable":true,"href":"https:\/\/uj.adatbank.ro\/lexikon\/wp-json\/wp\/v2\/product_brand?post=6802"},{"taxonomy":"product_cat","embeddable":true,"href":"https:\/\/uj.adatbank.ro\/lexikon\/wp-json\/wp\/v2\/product_cat?post=6802"},{"taxonomy":"product_tag","embeddable":true,"href":"https:\/\/uj.adatbank.ro\/lexikon\/wp-json\/wp\/v2\/product_tag?post=6802"}],"curies":[{"name":"wp","href":"https:\/\/api.w.org\/{rel}","templated":true}]}}