{"id":6803,"date":"2025-06-28T18:05:08","date_gmt":"2025-06-28T16:05:08","guid":{"rendered":"https:\/\/uj.adatbank.ro\/lexikon\/termek\/dessewffy-agostonne-gr-br-banffy-johanna\/"},"modified":"2025-06-28T18:05:08","modified_gmt":"2025-06-28T16:05:08","slug":"dessewffy-agostonne-gr-br-banffy-johanna","status":"publish","type":"product","link":"https:\/\/uj.adatbank.ro\/lexikon\/termek\/dessewffy-agostonne-gr-br-banffy-johanna\/","title":{"rendered":"DESSEWFFY \u00c1gostonn\u00e9, gr., br. B\u00e1nffy Johanna"},"content":{"rendered":"<p>1803., \u2020\u00a0Ny\u00e1r\u00e1dszentbenedek, 1868. okt.: f\u00f6ldbirtokos. <br \/><strong>Irod.:<\/strong> Bir\u00f3 J\u00f3zsef. A bonchidai B\u00e1nffy-kast\u00e9ly csal\u00e1di arck\u00e9pei = Lyka eml\u00e9kk.; V\u00e1lyi P\u00e1l: Ima, melyet n\u00e9hai \u00f6zvegy gr\u00f3f Dessewffy Johanna \u0151 m\u00e9lt\u00f3s\u00e1ga kopors\u00f3ja felett Ny\u00e1r\u00e1d-Szent-Benedeken, 1868. okt. 18. mondott. (Kv, 1880).<\/br><\/p>\n","protected":false},"excerpt":{"rendered":"<p>1803., \u2020\u00a0Ny\u00e1r\u00e1dszentbenedek, 1868. okt.: f\u00f6ldbirtokos. Irod.: Bir\u00f3 J\u00f3zsef. A bonchidai B\u00e1nffy-kast\u00e9ly csal\u00e1di arck\u00e9pei = Lyka eml\u00e9kk.; V\u00e1lyi P\u00e1l: Ima, melyet n\u00e9hai \u00f6zvegy gr\u00f3f Dessewffy Johanna \u0151 m\u00e9lt\u00f3s\u00e1ga kopors\u00f3ja felett Ny\u00e1r\u00e1d-Szent-Benedeken, 1868. okt. 18. mondott. (Kv, 1880).<\/p>\n","protected":false},"featured_media":0,"comment_status":"open","ping_status":"closed","template":"","meta":[],"product_brand":[],"product_cat":[137],"product_tag":[],"class_list":{"0":"post-6803","1":"product","2":"type-product","3":"status-publish","5":"product_cat-maros-megyei-eletrajzi-lexikon","7":"first","8":"instock","9":"shipping-taxable","10":"product-type-simple"},"_links":{"self":[{"href":"https:\/\/uj.adatbank.ro\/lexikon\/wp-json\/wp\/v2\/product\/6803","targetHints":{"allow":["GET"]}}],"collection":[{"href":"https:\/\/uj.adatbank.ro\/lexikon\/wp-json\/wp\/v2\/product"}],"about":[{"href":"https:\/\/uj.adatbank.ro\/lexikon\/wp-json\/wp\/v2\/types\/product"}],"replies":[{"embeddable":true,"href":"https:\/\/uj.adatbank.ro\/lexikon\/wp-json\/wp\/v2\/comments?post=6803"}],"wp:attachment":[{"href":"https:\/\/uj.adatbank.ro\/lexikon\/wp-json\/wp\/v2\/media?parent=6803"}],"wp:term":[{"taxonomy":"product_brand","embeddable":true,"href":"https:\/\/uj.adatbank.ro\/lexikon\/wp-json\/wp\/v2\/product_brand?post=6803"},{"taxonomy":"product_cat","embeddable":true,"href":"https:\/\/uj.adatbank.ro\/lexikon\/wp-json\/wp\/v2\/product_cat?post=6803"},{"taxonomy":"product_tag","embeddable":true,"href":"https:\/\/uj.adatbank.ro\/lexikon\/wp-json\/wp\/v2\/product_tag?post=6803"}],"curies":[{"name":"wp","href":"https:\/\/api.w.org\/{rel}","templated":true}]}}