{"id":6805,"date":"2025-06-28T18:05:12","date_gmt":"2025-06-28T16:05:12","guid":{"rendered":"https:\/\/uj.adatbank.ro\/lexikon\/termek\/desy-zoltan-%c2%a7-nagygelvachi-deesyzoltan\/"},"modified":"2025-06-28T18:05:12","modified_gmt":"2025-06-28T16:05:12","slug":"desy-zoltan-%c2%a7-nagygelvachi-deesyzoltan","status":"publish","type":"product","link":"https:\/\/uj.adatbank.ro\/lexikon\/termek\/desy-zoltan-%c2%a7-nagygelvachi-deesyzoltan\/","title":{"rendered":"D\u00c9SY Zolt\u00e1n, \u00a7 nagygelv\u00e1chi, De\u00e9syZolt\u00e1n"},"content":{"rendered":"<p>Nagy\u00f6lyves, 1862. dec. 15., \u2020 Zalesczyki (Galicia) mellett, 1915. m\u00e1rc. 24.: politikus, alisp\u00e1n, \u00e1llamtitk\u00e1r, k\u00e9pvisel\u0151. \u2013 Jogot v\u00e9gzett, Maros-Torda vm.-i birtok\u00e1n gazd\u00e1lkodott \u00e9s r\u00e9szt vett a helyi k\u00f6z\u00ad\u00e9letben (1892-ig). A Mv.-vid\u00e9ki ker\u00fclet ogy.-i k\u00e9pvisel\u0151je nemzeti p\u00e1rti programmal (1892\u201396). Maros-Torda vm. alisp\u00e1nja (1896\u201399). Szolnok-Dob\u00f3ka megye f\u0151isp\u00e1nja (1899\u20131903). A gernyeszegi ker\u00fclet ogy.-i k\u00e9pvisel\u0151je, a F\u00fcggetlen \u00e9s 48-as P\u00e1rt programj\u00e1val (1905\u201306). P\u00e9nz\u00fcgyminiszteri \u00e1llamtitk\u00e1r a Wekerle kabinettben (1906\u201310). A Kossuth P\u00e1rt aleln\u00f6kek\u00e9nt a mv.-i II. ker. parlamenti k\u00e9pvisel\u0151je hal\u00e1l\u00e1ig (1910\u2013). D\u00e9sen, Bp.-en \u00e9s Nagy\u00f6lyvesen lakott. A m, v.-i Ref. Koll. f\u0151gondnoka (1903\u201310). Heves parlamenti harcot folytatott a korm\u00e1ny ellen a r\u00e9gi h\u00e1zszab\u00e1lyok v\u00e9delm\u00e9ben, meg is buktatta a Luk\u00e1cs kabinettet. Az els\u0151 vh. kit\u00f6r\u00e9sekor \u00f6nk\u00e9nt jelentkezett katon\u00e1nak, bevonult a mv.-i 22. n\u00e9pfelkel\u0151 ezredhez, mint sz\u00e1zadparancsnok ker\u00fcl ki a fronra. III. oszt. Vaskorona-rend tulajdonosa. Tetem\u00e9t a piecarnai temet\u0151ben exhum\u00e1lt\u00e1k (1915. j\u00fan. 17) \u00e9s k\u00fcl\u00f6n s\u00edrba tett\u00e9k, ahonnan Bp. -re vitt\u00e9k \u00e9s az orsz\u00e1gh\u00e1zb\u00f3l nagy gy\u00e1sz\u00fcnneps\u00e9g keret\u00e9ben \u00fajra temett\u00e9k (1924. m\u00e1j. 15). Teret neveztek el r\u00f3la Mv.-en (1934) \u00e9s utc\u00e1t (1941) \u2013 <strong>F. m.:<\/strong> Maros-Torda vm. 1897 \u00e9vi \u00e1llapot\u00e1r\u00f3l: Jelent\u00e9s (Mv., 1898); Mv. II. ker\u00fclet k\u00e9pvisel\u0151j\u00e9nek a k\u00e9pvisel\u0151h\u00e1z foly\u00f3 \u00e9vi \u00fcl\u00e9seiben tett felsz\u00f3lal\u00e1sai (Mv., 1910); Besz\u00e9d a k\u00e9pvisel\u0151h\u00e1z 1911. j\u00fan. 5. \u00fcl\u00e9s\u00e9n (Bp., 1911). <br \/><strong>Irod.:<\/strong> \u00c1goston Albert: Alkot\u00e1sainkra, \u00e9rt\u00e9keinkre eml\u00e9kezve (N\u00fa., 1993. dec. 14.); Guly\u00e1s; Id\u0151t\u00e1r 2; Id\u0151t\u00e1r 3; M\u00c9L; Marostorda v\u00e1rmegy\u00e9nek Mv.-t, 1898. \u00e9vi \u00e1pr. h\u00f3 14-\u00e9n az 1848. \u00e9vi t\u00f6rv\u00e9nyhoz\u00e1s 50-ik \u00e9vfordul\u00f3ja alkalm\u00e1b\u00f3l tartott rendkiv\u00fcli d\u00edszk\u00f6zgy\u0171l\u00e9se jegyz\u0151k\u00f6nyve (Mv., 1898); Mv. \u00e9s a h\u00e1bor\u00fa 1\u20132; Nad\u00e1nyi Emil: Parlamenti k\u00fczdelmeink 1904\u201313 (Bp., 1914); Politikai Mo; RNL; Sebesty\u00e9n; \u00daM\u00c9L; Vigh<\/br><\/p>\n","protected":false},"excerpt":{"rendered":"<p>Nagy\u00f6lyves, 1862. dec. 15., \u2020 Zalesczyki (Galicia) mellett, 1915. m\u00e1rc. 24.: politikus, alisp\u00e1n, \u00e1llamtitk\u00e1r, k\u00e9pvisel\u0151. \u2013 Jogot v\u00e9gzett, Maros-Torda vm.-i birtok\u00e1n gazd\u00e1lkodott \u00e9s r\u00e9szt vett a helyi k\u00f6z\u00ad\u00e9letben (1892-ig). A Mv.-vid\u00e9ki ker\u00fclet ogy.-i k\u00e9pvisel\u0151je nemzeti p\u00e1rti programmal (1892\u201396). Maros-Torda vm. alisp\u00e1nja (1896\u201399). Szolnok-Dob\u00f3ka megye f\u0151isp\u00e1nja (1899\u20131903). A gernyeszegi ker\u00fclet ogy.-i k\u00e9pvisel\u0151je, a F\u00fcggetlen \u00e9s 48-as [&hellip;]<\/p>\n","protected":false},"featured_media":0,"comment_status":"open","ping_status":"closed","template":"","meta":[],"product_brand":[],"product_cat":[137],"product_tag":[],"class_list":{"0":"post-6805","1":"product","2":"type-product","3":"status-publish","5":"product_cat-maros-megyei-eletrajzi-lexikon","7":"first","8":"instock","9":"shipping-taxable","10":"product-type-simple"},"_links":{"self":[{"href":"https:\/\/uj.adatbank.ro\/lexikon\/wp-json\/wp\/v2\/product\/6805","targetHints":{"allow":["GET"]}}],"collection":[{"href":"https:\/\/uj.adatbank.ro\/lexikon\/wp-json\/wp\/v2\/product"}],"about":[{"href":"https:\/\/uj.adatbank.ro\/lexikon\/wp-json\/wp\/v2\/types\/product"}],"replies":[{"embeddable":true,"href":"https:\/\/uj.adatbank.ro\/lexikon\/wp-json\/wp\/v2\/comments?post=6805"}],"wp:attachment":[{"href":"https:\/\/uj.adatbank.ro\/lexikon\/wp-json\/wp\/v2\/media?parent=6805"}],"wp:term":[{"taxonomy":"product_brand","embeddable":true,"href":"https:\/\/uj.adatbank.ro\/lexikon\/wp-json\/wp\/v2\/product_brand?post=6805"},{"taxonomy":"product_cat","embeddable":true,"href":"https:\/\/uj.adatbank.ro\/lexikon\/wp-json\/wp\/v2\/product_cat?post=6805"},{"taxonomy":"product_tag","embeddable":true,"href":"https:\/\/uj.adatbank.ro\/lexikon\/wp-json\/wp\/v2\/product_tag?post=6805"}],"curies":[{"name":"wp","href":"https:\/\/api.w.org\/{rel}","templated":true}]}}