{"id":6806,"date":"2025-06-28T18:05:14","date_gmt":"2025-06-28T16:05:14","guid":{"rendered":"https:\/\/uj.adatbank.ro\/lexikon\/termek\/detre-samu-%c2%a7-dancziger-samu\/"},"modified":"2025-06-28T18:05:14","modified_gmt":"2025-06-28T16:05:14","slug":"detre-samu-%c2%a7-dancziger-samu","status":"publish","type":"product","link":"https:\/\/uj.adatbank.ro\/lexikon\/termek\/detre-samu-%c2%a7-dancziger-samu\/","title":{"rendered":"DETRE Samu; \u00a7 Dancziger Samu"},"content":{"rendered":"<p>1878., \u2020\u00a0? : bank\u00e1r. \u2013 Sz\u00e1szr\u00e9genben (\u20131910), majd Mv.-en m\u0171k\u00f6d\u00f6tt Detre S\u00e1muel Bankh\u00e1za n\u00e9ven (1911\u2013), el\u0151bb t\u00e1rsas viszonyban, ut\u00f3bb egyed\u00fcl vezette. Bevonult a mv.-i 62. gy. ezredhez (1916\u201318. nov.), csaptszolg\u00e1latot teljes\u00edtett. Int\u00e9zete kisebb p\u00e9nzv\u00e1lt\u00f3 \u00e9s bank\u00fcgyletekkel foglalkoz\u00f3 volt. Tagja volt a Zord Id\u0151 szerk. -bizotts\u00e1g\u00e1nak (1919). Cikkei az Ellenz\u00e9k, Magyaro., M. P\u00e9nz\u00fcgy k\u00f6z\u00f6lte. Mv.-r\u0151l feles\u00e9g\u00e9vel egy\u00fctt (sz. (1898\u2013) deport\u00e1lt\u00e1k (1944. m\u00e1j. 29.). <br \/><strong>Irod.:<\/strong> EBKL; Guly\u00e1s; M. hadviselt zsid\u00f3k; Mv. \u00e9s a h\u00e1bor\u00fa 2; Mv. zsid\u00f3s\u00e1ga; Zord Id\u0151<\/br><\/p>\n","protected":false},"excerpt":{"rendered":"<p>1878., \u2020\u00a0? : bank\u00e1r. \u2013 Sz\u00e1szr\u00e9genben (\u20131910), majd Mv.-en m\u0171k\u00f6d\u00f6tt Detre S\u00e1muel Bankh\u00e1za n\u00e9ven (1911\u2013), el\u0151bb t\u00e1rsas viszonyban, ut\u00f3bb egyed\u00fcl vezette. Bevonult a mv.-i 62. gy. ezredhez (1916\u201318. nov.), csaptszolg\u00e1latot teljes\u00edtett. Int\u00e9zete kisebb p\u00e9nzv\u00e1lt\u00f3 \u00e9s bank\u00fcgyletekkel foglalkoz\u00f3 volt. Tagja volt a Zord Id\u0151 szerk. -bizotts\u00e1g\u00e1nak (1919). Cikkei az Ellenz\u00e9k, Magyaro., M. P\u00e9nz\u00fcgy k\u00f6z\u00f6lte. Mv.-r\u0151l feles\u00e9g\u00e9vel [&hellip;]<\/p>\n","protected":false},"featured_media":0,"comment_status":"open","ping_status":"closed","template":"","meta":[],"product_brand":[],"product_cat":[137],"product_tag":[],"class_list":{"0":"post-6806","1":"product","2":"type-product","3":"status-publish","5":"product_cat-maros-megyei-eletrajzi-lexikon","7":"first","8":"instock","9":"shipping-taxable","10":"product-type-simple"},"_links":{"self":[{"href":"https:\/\/uj.adatbank.ro\/lexikon\/wp-json\/wp\/v2\/product\/6806","targetHints":{"allow":["GET"]}}],"collection":[{"href":"https:\/\/uj.adatbank.ro\/lexikon\/wp-json\/wp\/v2\/product"}],"about":[{"href":"https:\/\/uj.adatbank.ro\/lexikon\/wp-json\/wp\/v2\/types\/product"}],"replies":[{"embeddable":true,"href":"https:\/\/uj.adatbank.ro\/lexikon\/wp-json\/wp\/v2\/comments?post=6806"}],"wp:attachment":[{"href":"https:\/\/uj.adatbank.ro\/lexikon\/wp-json\/wp\/v2\/media?parent=6806"}],"wp:term":[{"taxonomy":"product_brand","embeddable":true,"href":"https:\/\/uj.adatbank.ro\/lexikon\/wp-json\/wp\/v2\/product_brand?post=6806"},{"taxonomy":"product_cat","embeddable":true,"href":"https:\/\/uj.adatbank.ro\/lexikon\/wp-json\/wp\/v2\/product_cat?post=6806"},{"taxonomy":"product_tag","embeddable":true,"href":"https:\/\/uj.adatbank.ro\/lexikon\/wp-json\/wp\/v2\/product_tag?post=6806"}],"curies":[{"name":"wp","href":"https:\/\/api.w.org\/{rel}","templated":true}]}}