{"id":6811,"date":"2025-06-28T18:05:22","date_gmt":"2025-06-28T16:05:22","guid":{"rendered":"https:\/\/uj.adatbank.ro\/lexikon\/termek\/deutsch-david\/"},"modified":"2025-06-28T18:05:22","modified_gmt":"2025-06-28T16:05:22","slug":"deutsch-david","status":"publish","type":"product","link":"https:\/\/uj.adatbank.ro\/lexikon\/termek\/deutsch-david\/","title":{"rendered":"DEUTSCH D\u00e1vid"},"content":{"rendered":"<p>Magyarigen, 1887. aug. 23., \u2020\u00a0Izrael, 1953.: gy\u00f3gyszer\u00e9sz. \u2013 Tanulm\u00e1nyait Gyulafeh\u00e9rv\u00e1ron, az egyetemet Bp.-en v\u00e9gezte (1912). Sz\u00e1szv\u00e1rosb\u00f3l telepedett Mv.-re, \u00e1tvette \u00e9s vezette a v\u00e1ros egyik legr\u00e9gibb szak\u00fczlet\u00e9t (1814\u2013), Bodn\u00e1r Antal K\u00f6zponti drog\u00e9ri\u00e1j\u00e1t (1923\u201344). R\u00e9szt vett az I. vh.-ban a szerb fronton harcolt, mint hadnagy szerelt le. <br \/><strong>Irod.:<\/strong> P\u00e9ter H. M.; P\u00e9ter H. M. 2013; Sz\u00e9kelyf\u00f6ld \u00ed. k.<\/br><\/p>\n","protected":false},"excerpt":{"rendered":"<p>Magyarigen, 1887. aug. 23., \u2020\u00a0Izrael, 1953.: gy\u00f3gyszer\u00e9sz. \u2013 Tanulm\u00e1nyait Gyulafeh\u00e9rv\u00e1ron, az egyetemet Bp.-en v\u00e9gezte (1912). Sz\u00e1szv\u00e1rosb\u00f3l telepedett Mv.-re, \u00e1tvette \u00e9s vezette a v\u00e1ros egyik legr\u00e9gibb szak\u00fczlet\u00e9t (1814\u2013), Bodn\u00e1r Antal K\u00f6zponti drog\u00e9ri\u00e1j\u00e1t (1923\u201344). R\u00e9szt vett az I. vh.-ban a szerb fronton harcolt, mint hadnagy szerelt le. Irod.: P\u00e9ter H. M.; P\u00e9ter H. M. 2013; Sz\u00e9kelyf\u00f6ld \u00ed. [&hellip;]<\/p>\n","protected":false},"featured_media":0,"comment_status":"open","ping_status":"closed","template":"","meta":[],"product_brand":[],"product_cat":[137],"product_tag":[],"class_list":{"0":"post-6811","1":"product","2":"type-product","3":"status-publish","5":"product_cat-maros-megyei-eletrajzi-lexikon","7":"first","8":"instock","9":"shipping-taxable","10":"product-type-simple"},"_links":{"self":[{"href":"https:\/\/uj.adatbank.ro\/lexikon\/wp-json\/wp\/v2\/product\/6811","targetHints":{"allow":["GET"]}}],"collection":[{"href":"https:\/\/uj.adatbank.ro\/lexikon\/wp-json\/wp\/v2\/product"}],"about":[{"href":"https:\/\/uj.adatbank.ro\/lexikon\/wp-json\/wp\/v2\/types\/product"}],"replies":[{"embeddable":true,"href":"https:\/\/uj.adatbank.ro\/lexikon\/wp-json\/wp\/v2\/comments?post=6811"}],"wp:attachment":[{"href":"https:\/\/uj.adatbank.ro\/lexikon\/wp-json\/wp\/v2\/media?parent=6811"}],"wp:term":[{"taxonomy":"product_brand","embeddable":true,"href":"https:\/\/uj.adatbank.ro\/lexikon\/wp-json\/wp\/v2\/product_brand?post=6811"},{"taxonomy":"product_cat","embeddable":true,"href":"https:\/\/uj.adatbank.ro\/lexikon\/wp-json\/wp\/v2\/product_cat?post=6811"},{"taxonomy":"product_tag","embeddable":true,"href":"https:\/\/uj.adatbank.ro\/lexikon\/wp-json\/wp\/v2\/product_tag?post=6811"}],"curies":[{"name":"wp","href":"https:\/\/api.w.org\/{rel}","templated":true}]}}