{"id":6813,"date":"2025-06-28T18:05:29","date_gmt":"2025-06-28T16:05:29","guid":{"rendered":"https:\/\/uj.adatbank.ro\/lexikon\/termek\/deutsch-laszlo\/"},"modified":"2025-06-28T18:05:29","modified_gmt":"2025-06-28T16:05:29","slug":"deutsch-laszlo","status":"publish","type":"product","link":"https:\/\/uj.adatbank.ro\/lexikon\/termek\/deutsch-laszlo\/","title":{"rendered":"DEUTSCH L\u00e1szl\u00f3"},"content":{"rendered":"<p>Sz\u00e1szr\u00e9gen, 1910. m\u00e1j. 30., \u2020\u00a0Migdal-Haemek (Izrael), 1995. dec. 18.: textilm\u00e9rn\u00f6k. \u2013 D. S\u00e1muel \u00e9s L\u00e1szl\u00f3 Margit fia. \u2013 N\u00e9meto.-ban v\u00e9gezte az egyetemet, textilm\u00e9rn\u00f6k lett. <br \/><strong>Irod.:<\/strong> inf. dr. Kiss Csekme M\u00e1rta; [Nekrol\u00f3g] (N\u00fa., 1995. dec. 27.)<\/br><\/p>\n","protected":false},"excerpt":{"rendered":"<p>Sz\u00e1szr\u00e9gen, 1910. m\u00e1j. 30., \u2020\u00a0Migdal-Haemek (Izrael), 1995. dec. 18.: textilm\u00e9rn\u00f6k. \u2013 D. S\u00e1muel \u00e9s L\u00e1szl\u00f3 Margit fia. \u2013 N\u00e9meto.-ban v\u00e9gezte az egyetemet, textilm\u00e9rn\u00f6k lett. Irod.: inf. dr. Kiss Csekme M\u00e1rta; [Nekrol\u00f3g] (N\u00fa., 1995. dec. 27.)<\/p>\n","protected":false},"featured_media":0,"comment_status":"open","ping_status":"closed","template":"","meta":[],"product_brand":[],"product_cat":[137],"product_tag":[],"class_list":{"0":"post-6813","1":"product","2":"type-product","3":"status-publish","5":"product_cat-maros-megyei-eletrajzi-lexikon","7":"first","8":"instock","9":"shipping-taxable","10":"product-type-simple"},"_links":{"self":[{"href":"https:\/\/uj.adatbank.ro\/lexikon\/wp-json\/wp\/v2\/product\/6813","targetHints":{"allow":["GET"]}}],"collection":[{"href":"https:\/\/uj.adatbank.ro\/lexikon\/wp-json\/wp\/v2\/product"}],"about":[{"href":"https:\/\/uj.adatbank.ro\/lexikon\/wp-json\/wp\/v2\/types\/product"}],"replies":[{"embeddable":true,"href":"https:\/\/uj.adatbank.ro\/lexikon\/wp-json\/wp\/v2\/comments?post=6813"}],"wp:attachment":[{"href":"https:\/\/uj.adatbank.ro\/lexikon\/wp-json\/wp\/v2\/media?parent=6813"}],"wp:term":[{"taxonomy":"product_brand","embeddable":true,"href":"https:\/\/uj.adatbank.ro\/lexikon\/wp-json\/wp\/v2\/product_brand?post=6813"},{"taxonomy":"product_cat","embeddable":true,"href":"https:\/\/uj.adatbank.ro\/lexikon\/wp-json\/wp\/v2\/product_cat?post=6813"},{"taxonomy":"product_tag","embeddable":true,"href":"https:\/\/uj.adatbank.ro\/lexikon\/wp-json\/wp\/v2\/product_tag?post=6813"}],"curies":[{"name":"wp","href":"https:\/\/api.w.org\/{rel}","templated":true}]}}