{"id":6818,"date":"2025-06-28T18:05:37","date_gmt":"2025-06-28T16:05:37","guid":{"rendered":"https:\/\/uj.adatbank.ro\/lexikon\/termek\/devai-janos\/"},"modified":"2025-06-28T18:05:37","modified_gmt":"2025-06-28T16:05:37","slug":"devai-janos","status":"publish","type":"product","link":"https:\/\/uj.adatbank.ro\/lexikon\/termek\/devai-janos\/","title":{"rendered":"D\u00c9VAI J\u00e1nos"},"content":{"rendered":"<p>? \u2020\u00a0? : ref. lelk\u00e9sz, l\u00e9vita tan\u00edt\u00f3. \u2013 Mv.-en Nam\u00e9nyi hal\u00e1la ut\u00e1n Szentgy\u00f6rgyi Gy\u00f6rggyel szolg\u00e1lt (1660). Tan\u00e1cs\u00e1ra iratkozott a Schola Particul\u00e1ba P\u00e1pai P\u00e1riz Ferenc, Hunyadi P\u00e1l tan\u00edtotta (1664). K\u00f6telezv\u00e9nyt \u00edrt al\u00e1 a v\u00e1rosba val\u00f3 teleped\u00e9sekor (1669). <br \/><strong>Irod.:<\/strong> Id\u0151t\u00e1r 1; Marossz\u00e9ki kr\u00f3nik\u00e1k 1.; A mv.-i ref. egyh\u00e1z (1727\u2013) anyak\u00f6nyve [k\u00e9zirat]; P\u00e1pai P\u00e1riz; A ref. V\u00e1rtemplom lelk\u00e9szei (dr. Pusk\u00e1s Katalin k\u00e9zirata)<\/br><\/p>\n","protected":false},"excerpt":{"rendered":"<p>? \u2020\u00a0? : ref. lelk\u00e9sz, l\u00e9vita tan\u00edt\u00f3. \u2013 Mv.-en Nam\u00e9nyi hal\u00e1la ut\u00e1n Szentgy\u00f6rgyi Gy\u00f6rggyel szolg\u00e1lt (1660). Tan\u00e1cs\u00e1ra iratkozott a Schola Particul\u00e1ba P\u00e1pai P\u00e1riz Ferenc, Hunyadi P\u00e1l tan\u00edtotta (1664). K\u00f6telezv\u00e9nyt \u00edrt al\u00e1 a v\u00e1rosba val\u00f3 teleped\u00e9sekor (1669). Irod.: Id\u0151t\u00e1r 1; Marossz\u00e9ki kr\u00f3nik\u00e1k 1.; A mv.-i ref. egyh\u00e1z (1727\u2013) anyak\u00f6nyve [k\u00e9zirat]; P\u00e1pai P\u00e1riz; A ref. V\u00e1rtemplom lelk\u00e9szei [&hellip;]<\/p>\n","protected":false},"featured_media":0,"comment_status":"open","ping_status":"closed","template":"","meta":[],"product_brand":[],"product_cat":[137],"product_tag":[],"class_list":{"0":"post-6818","1":"product","2":"type-product","3":"status-publish","5":"product_cat-maros-megyei-eletrajzi-lexikon","7":"first","8":"instock","9":"shipping-taxable","10":"product-type-simple"},"_links":{"self":[{"href":"https:\/\/uj.adatbank.ro\/lexikon\/wp-json\/wp\/v2\/product\/6818","targetHints":{"allow":["GET"]}}],"collection":[{"href":"https:\/\/uj.adatbank.ro\/lexikon\/wp-json\/wp\/v2\/product"}],"about":[{"href":"https:\/\/uj.adatbank.ro\/lexikon\/wp-json\/wp\/v2\/types\/product"}],"replies":[{"embeddable":true,"href":"https:\/\/uj.adatbank.ro\/lexikon\/wp-json\/wp\/v2\/comments?post=6818"}],"wp:attachment":[{"href":"https:\/\/uj.adatbank.ro\/lexikon\/wp-json\/wp\/v2\/media?parent=6818"}],"wp:term":[{"taxonomy":"product_brand","embeddable":true,"href":"https:\/\/uj.adatbank.ro\/lexikon\/wp-json\/wp\/v2\/product_brand?post=6818"},{"taxonomy":"product_cat","embeddable":true,"href":"https:\/\/uj.adatbank.ro\/lexikon\/wp-json\/wp\/v2\/product_cat?post=6818"},{"taxonomy":"product_tag","embeddable":true,"href":"https:\/\/uj.adatbank.ro\/lexikon\/wp-json\/wp\/v2\/product_tag?post=6818"}],"curies":[{"name":"wp","href":"https:\/\/api.w.org\/{rel}","templated":true}]}}