{"id":6819,"date":"2025-06-28T18:05:40","date_gmt":"2025-06-28T16:05:40","guid":{"rendered":"https:\/\/uj.adatbank.ro\/lexikon\/termek\/devai-joseph-christoph\/"},"modified":"2025-06-28T18:05:40","modified_gmt":"2025-06-28T16:05:40","slug":"devai-joseph-christoph","status":"publish","type":"product","link":"https:\/\/uj.adatbank.ro\/lexikon\/termek\/devai-joseph-christoph\/","title":{"rendered":"D\u00c9VAI Joseph Christoph"},"content":{"rendered":"<p>Segesv\u00e1r, \u2020\u00a0?: tan\u00e1r, pr\u00e9dik\u00e1tor. \u2013 Mikl\u00f3stelk\u00e9n lelkip\u00e1sztor (1824\u201354). <br \/><strong>Irod.:<\/strong> Szab\u00f3\u2013Sz\u00f6gi<\/br><\/p>\n","protected":false},"excerpt":{"rendered":"<p>Segesv\u00e1r, \u2020\u00a0?: tan\u00e1r, pr\u00e9dik\u00e1tor. \u2013 Mikl\u00f3stelk\u00e9n lelkip\u00e1sztor (1824\u201354). Irod.: Szab\u00f3\u2013Sz\u00f6gi<\/p>\n","protected":false},"featured_media":0,"comment_status":"open","ping_status":"closed","template":"","meta":[],"product_brand":[],"product_cat":[137],"product_tag":[],"class_list":{"0":"post-6819","1":"product","2":"type-product","3":"status-publish","5":"product_cat-maros-megyei-eletrajzi-lexikon","7":"first","8":"instock","9":"shipping-taxable","10":"product-type-simple"},"_links":{"self":[{"href":"https:\/\/uj.adatbank.ro\/lexikon\/wp-json\/wp\/v2\/product\/6819","targetHints":{"allow":["GET"]}}],"collection":[{"href":"https:\/\/uj.adatbank.ro\/lexikon\/wp-json\/wp\/v2\/product"}],"about":[{"href":"https:\/\/uj.adatbank.ro\/lexikon\/wp-json\/wp\/v2\/types\/product"}],"replies":[{"embeddable":true,"href":"https:\/\/uj.adatbank.ro\/lexikon\/wp-json\/wp\/v2\/comments?post=6819"}],"wp:attachment":[{"href":"https:\/\/uj.adatbank.ro\/lexikon\/wp-json\/wp\/v2\/media?parent=6819"}],"wp:term":[{"taxonomy":"product_brand","embeddable":true,"href":"https:\/\/uj.adatbank.ro\/lexikon\/wp-json\/wp\/v2\/product_brand?post=6819"},{"taxonomy":"product_cat","embeddable":true,"href":"https:\/\/uj.adatbank.ro\/lexikon\/wp-json\/wp\/v2\/product_cat?post=6819"},{"taxonomy":"product_tag","embeddable":true,"href":"https:\/\/uj.adatbank.ro\/lexikon\/wp-json\/wp\/v2\/product_tag?post=6819"}],"curies":[{"name":"wp","href":"https:\/\/api.w.org\/{rel}","templated":true}]}}