{"id":6824,"date":"2025-06-28T18:05:50","date_gmt":"2025-06-28T16:05:50","guid":{"rendered":"https:\/\/uj.adatbank.ro\/lexikon\/termek\/dezsi-karoly\/"},"modified":"2025-06-28T18:05:50","modified_gmt":"2025-06-28T16:05:50","slug":"dezsi-karoly","status":"publish","type":"product","link":"https:\/\/uj.adatbank.ro\/lexikon\/termek\/dezsi-karoly\/","title":{"rendered":"D\u00c9ZSI K\u00e1roly"},"content":{"rendered":"<p>? \u2020 ? : sz\u00e1zados. \u2013 Az 1848\/49-as szabads\u00e1gharcban Bem sereg\u00e9ben sz\u00e1zadosi rangban szolg\u00e1lt, Bem a feketehalmi csat\u00e1ban tan\u00fas\u00edtott h\u0151siess\u00e9g\u00e9\u00e9rt kit\u00fcntette.<br \/><strong>Irod.:<\/strong> Erd\u00e9lyi unit. 1848\u201349<\/br><\/p>\n","protected":false},"excerpt":{"rendered":"<p>? \u2020 ? : sz\u00e1zados. \u2013 Az 1848\/49-as szabads\u00e1gharcban Bem sereg\u00e9ben sz\u00e1zadosi rangban szolg\u00e1lt, Bem a feketehalmi csat\u00e1ban tan\u00fas\u00edtott h\u0151siess\u00e9g\u00e9\u00e9rt kit\u00fcntette.Irod.: Erd\u00e9lyi unit. 1848\u201349<\/p>\n","protected":false},"featured_media":0,"comment_status":"open","ping_status":"closed","template":"","meta":[],"product_brand":[],"product_cat":[137],"product_tag":[],"class_list":{"0":"post-6824","1":"product","2":"type-product","3":"status-publish","5":"product_cat-maros-megyei-eletrajzi-lexikon","7":"first","8":"instock","9":"shipping-taxable","10":"product-type-simple"},"_links":{"self":[{"href":"https:\/\/uj.adatbank.ro\/lexikon\/wp-json\/wp\/v2\/product\/6824","targetHints":{"allow":["GET"]}}],"collection":[{"href":"https:\/\/uj.adatbank.ro\/lexikon\/wp-json\/wp\/v2\/product"}],"about":[{"href":"https:\/\/uj.adatbank.ro\/lexikon\/wp-json\/wp\/v2\/types\/product"}],"replies":[{"embeddable":true,"href":"https:\/\/uj.adatbank.ro\/lexikon\/wp-json\/wp\/v2\/comments?post=6824"}],"wp:attachment":[{"href":"https:\/\/uj.adatbank.ro\/lexikon\/wp-json\/wp\/v2\/media?parent=6824"}],"wp:term":[{"taxonomy":"product_brand","embeddable":true,"href":"https:\/\/uj.adatbank.ro\/lexikon\/wp-json\/wp\/v2\/product_brand?post=6824"},{"taxonomy":"product_cat","embeddable":true,"href":"https:\/\/uj.adatbank.ro\/lexikon\/wp-json\/wp\/v2\/product_cat?post=6824"},{"taxonomy":"product_tag","embeddable":true,"href":"https:\/\/uj.adatbank.ro\/lexikon\/wp-json\/wp\/v2\/product_tag?post=6824"}],"curies":[{"name":"wp","href":"https:\/\/api.w.org\/{rel}","templated":true}]}}