{"id":6825,"date":"2025-06-28T18:05:53","date_gmt":"2025-06-28T16:05:53","guid":{"rendered":"https:\/\/uj.adatbank.ro\/lexikon\/termek\/dezsi-odon\/"},"modified":"2025-06-28T18:05:53","modified_gmt":"2025-06-28T16:05:53","slug":"dezsi-odon","status":"publish","type":"product","link":"https:\/\/uj.adatbank.ro\/lexikon\/termek\/dezsi-odon\/","title":{"rendered":"D\u00c9ZSI \u00d6d\u00f6n"},"content":{"rendered":"<p>1926.? \u2020 Sepsiszentgy\u00f6rgy, 2021. m\u00e1rc. 13.? \u00dajs\u00e1g\u00edr\u00f3. \u2013 A mv.-i V\u00f6r\u00f6s Z\u00e1szl\u00f3 napilap szerkeszt\u0151je. <br \/><strong>Irod.:<\/strong> Elhal\u00e1loz\u00e1s (N\u00fa., 2021. m\u00e1rc. 16.)<\/br><\/p>\n","protected":false},"excerpt":{"rendered":"<p>1926.? \u2020 Sepsiszentgy\u00f6rgy, 2021. m\u00e1rc. 13.? \u00dajs\u00e1g\u00edr\u00f3. \u2013 A mv.-i V\u00f6r\u00f6s Z\u00e1szl\u00f3 napilap szerkeszt\u0151je. Irod.: Elhal\u00e1loz\u00e1s (N\u00fa., 2021. m\u00e1rc. 16.)<\/p>\n","protected":false},"featured_media":0,"comment_status":"open","ping_status":"closed","template":"","meta":[],"product_brand":[],"product_cat":[137],"product_tag":[],"class_list":{"0":"post-6825","1":"product","2":"type-product","3":"status-publish","5":"product_cat-maros-megyei-eletrajzi-lexikon","7":"first","8":"instock","9":"shipping-taxable","10":"product-type-simple"},"_links":{"self":[{"href":"https:\/\/uj.adatbank.ro\/lexikon\/wp-json\/wp\/v2\/product\/6825","targetHints":{"allow":["GET"]}}],"collection":[{"href":"https:\/\/uj.adatbank.ro\/lexikon\/wp-json\/wp\/v2\/product"}],"about":[{"href":"https:\/\/uj.adatbank.ro\/lexikon\/wp-json\/wp\/v2\/types\/product"}],"replies":[{"embeddable":true,"href":"https:\/\/uj.adatbank.ro\/lexikon\/wp-json\/wp\/v2\/comments?post=6825"}],"wp:attachment":[{"href":"https:\/\/uj.adatbank.ro\/lexikon\/wp-json\/wp\/v2\/media?parent=6825"}],"wp:term":[{"taxonomy":"product_brand","embeddable":true,"href":"https:\/\/uj.adatbank.ro\/lexikon\/wp-json\/wp\/v2\/product_brand?post=6825"},{"taxonomy":"product_cat","embeddable":true,"href":"https:\/\/uj.adatbank.ro\/lexikon\/wp-json\/wp\/v2\/product_cat?post=6825"},{"taxonomy":"product_tag","embeddable":true,"href":"https:\/\/uj.adatbank.ro\/lexikon\/wp-json\/wp\/v2\/product_tag?post=6825"}],"curies":[{"name":"wp","href":"https:\/\/api.w.org\/{rel}","templated":true}]}}