{"id":6826,"date":"2025-06-28T18:05:56","date_gmt":"2025-06-28T16:05:56","guid":{"rendered":"https:\/\/uj.adatbank.ro\/lexikon\/termek\/dezsi-zoltan\/"},"modified":"2025-06-28T18:05:56","modified_gmt":"2025-06-28T16:05:56","slug":"dezsi-zoltan","status":"publish","type":"product","link":"https:\/\/uj.adatbank.ro\/lexikon\/termek\/dezsi-zoltan\/","title":{"rendered":"D\u00c9ZSI Zolt\u00e1n"},"content":{"rendered":"<p>1922., \u2020 Cs\u00edkszereda, 1980. okt. 28.: orvos, sz\u00f6vettan\u00e1sz. \u2013 A MOGYI-ban v\u00e9gzett (1948). A MOGYI \u00c9lettani Tansz\u00e9k\u00e9nek adjunktusa, tan\u00e1rseg\u00e9d, laborat\u00f3riumi f\u0151orvos. A Rom\u00e1n Akad. levelez\u0151 tagja. A Hargita megyei J\u00e1rv\u00e1nymegel\u0151z\u0151 k\u00f6zpont mikrobiol\u00f3gus f\u0151orvosa. \u2013 F. m. <strong>t\u00e1rssz.:<\/strong> K\u00f3rtan \/ Ob\u00e1l Ferenc el\u0151ad\u00e1sai alapj\u00e1n \u00f6ssze\u00e1ll., F. M\u00f3zes Magda, Vass Jol\u00e1n (Mv., 1947). <br \/><strong>Irod.:<\/strong> Genersich; Komj\u00e1tszegi; [Nekrol\u00f3g] (V. Z., 1980. okt. 30.); T\u00f3th\u2013G\u00e1bor<\/br><\/p>\n","protected":false},"excerpt":{"rendered":"<p>1922., \u2020 Cs\u00edkszereda, 1980. okt. 28.: orvos, sz\u00f6vettan\u00e1sz. \u2013 A MOGYI-ban v\u00e9gzett (1948). A MOGYI \u00c9lettani Tansz\u00e9k\u00e9nek adjunktusa, tan\u00e1rseg\u00e9d, laborat\u00f3riumi f\u0151orvos. A Rom\u00e1n Akad. levelez\u0151 tagja. A Hargita megyei J\u00e1rv\u00e1nymegel\u0151z\u0151 k\u00f6zpont mikrobiol\u00f3gus f\u0151orvosa. \u2013 F. m. t\u00e1rssz.: K\u00f3rtan \/ Ob\u00e1l Ferenc el\u0151ad\u00e1sai alapj\u00e1n \u00f6ssze\u00e1ll., F. M\u00f3zes Magda, Vass Jol\u00e1n (Mv., 1947). Irod.: Genersich; Komj\u00e1tszegi; [Nekrol\u00f3g] [&hellip;]<\/p>\n","protected":false},"featured_media":0,"comment_status":"open","ping_status":"closed","template":"","meta":[],"product_brand":[],"product_cat":[137],"product_tag":[],"class_list":{"0":"post-6826","1":"product","2":"type-product","3":"status-publish","5":"product_cat-maros-megyei-eletrajzi-lexikon","7":"first","8":"instock","9":"shipping-taxable","10":"product-type-simple"},"_links":{"self":[{"href":"https:\/\/uj.adatbank.ro\/lexikon\/wp-json\/wp\/v2\/product\/6826","targetHints":{"allow":["GET"]}}],"collection":[{"href":"https:\/\/uj.adatbank.ro\/lexikon\/wp-json\/wp\/v2\/product"}],"about":[{"href":"https:\/\/uj.adatbank.ro\/lexikon\/wp-json\/wp\/v2\/types\/product"}],"replies":[{"embeddable":true,"href":"https:\/\/uj.adatbank.ro\/lexikon\/wp-json\/wp\/v2\/comments?post=6826"}],"wp:attachment":[{"href":"https:\/\/uj.adatbank.ro\/lexikon\/wp-json\/wp\/v2\/media?parent=6826"}],"wp:term":[{"taxonomy":"product_brand","embeddable":true,"href":"https:\/\/uj.adatbank.ro\/lexikon\/wp-json\/wp\/v2\/product_brand?post=6826"},{"taxonomy":"product_cat","embeddable":true,"href":"https:\/\/uj.adatbank.ro\/lexikon\/wp-json\/wp\/v2\/product_cat?post=6826"},{"taxonomy":"product_tag","embeddable":true,"href":"https:\/\/uj.adatbank.ro\/lexikon\/wp-json\/wp\/v2\/product_tag?post=6826"}],"curies":[{"name":"wp","href":"https:\/\/api.w.org\/{rel}","templated":true}]}}