{"id":6831,"date":"2025-06-28T18:06:05","date_gmt":"2025-06-28T16:06:05","guid":{"rendered":"https:\/\/uj.adatbank.ro\/lexikon\/termek\/dezsofi-laszlo-losonczi-dezsofi-laszlo\/"},"modified":"2025-06-28T18:06:05","modified_gmt":"2025-06-28T16:06:05","slug":"dezsofi-laszlo-losonczi-dezsofi-laszlo","status":"publish","type":"product","link":"https:\/\/uj.adatbank.ro\/lexikon\/termek\/dezsofi-laszlo-losonczi-dezsofi-laszlo\/","title":{"rendered":"DEZS\u0150FI L\u00e1szl\u00f3, Losonczi, Dezs\u0151fi L\u00e1szl\u00f3"},"content":{"rendered":"<p>? \u2020\u00a0? : vajda, f\u00f6ldbirtokos. -Fiai: L\u00e1szl\u00f3 \u00e9s Zsigmond. \u2013 Erd\u00e9lyi vajda (1438\u201339-ig). A disznaj\u00f3i v\u00e1r \u00e9p\u00edttett\u0151je (1391), er\u0151s v\u00e1rfallal vett\u00e9k k\u00f6r\u00fcl az er\u0151d\u00edtett k\u00fari\u00e1t (1420 k.), r\u00e9szben romos \u00e1llapotban ma is \u00e1ll. A Dezs\u0151fiek r\u00e9szt vettek a M\u00e1ty\u00e1s elleni nemesi \u00f6sszeesk\u00fcv\u00e9sben. A k\u00faria a Kecskem\u00e9ty Pat\u00f3csy csal\u00e1d birtok\u00e1ba jutott (16. sz. eleje). Izabella kir\u00e1lyn\u00e9 visszaadta a Patocsi csal\u00e1dnak. Patocsy Mikl\u00f3s \u00e9s G\u00e1sp\u00e1r r\u00e9szt vettek a B\u00e1thory Istv\u00e1n elleni harcban, ennek k\u00f6vetkezt\u00e9ben a disznaj\u00f3i birtokokat B\u00e1thory h\u00edv\u00e9nek, Bornemissza Boldizs\u00e1rnak adom\u00e1nyozt\u00e1k. Rh\u00e9deyek\u00e9 lett a k\u00faria h\u00e1zass\u00e1g r\u00e9v\u00e9n (1627). A disznaj\u00f3i k\u00faria tulajdonosa , Bornemissza Judit, \u00f6zv. kornis ferencn\u00e9, egyik \u0151se az erd\u00e9lyi Rh\u00e9deyeknek. A k\u00faria mened\u00e9ket biztos\u00edtott a falu n\u00e9p\u00e9nek is a t\u00f6r\u00f6k-tat\u00e1r bet\u0151r\u00e9sek, d\u00fal\u00e1sok alkalm\u00e1val (1602, 1603, 1613, 1661, 1662, 1690, 1717-es \u00e9vekben). <br \/><strong>Irod.:<\/strong> Maros \u2013 m\u0171eml\u00e9kek; Rh\u00e9deyek \u00e9s Fr\u00e1terek<\/br><\/p>\n","protected":false},"excerpt":{"rendered":"<p>? \u2020\u00a0? : vajda, f\u00f6ldbirtokos. -Fiai: L\u00e1szl\u00f3 \u00e9s Zsigmond. \u2013 Erd\u00e9lyi vajda (1438\u201339-ig). A disznaj\u00f3i v\u00e1r \u00e9p\u00edttett\u0151je (1391), er\u0151s v\u00e1rfallal vett\u00e9k k\u00f6r\u00fcl az er\u0151d\u00edtett k\u00fari\u00e1t (1420 k.), r\u00e9szben romos \u00e1llapotban ma is \u00e1ll. A Dezs\u0151fiek r\u00e9szt vettek a M\u00e1ty\u00e1s elleni nemesi \u00f6sszeesk\u00fcv\u00e9sben. A k\u00faria a Kecskem\u00e9ty Pat\u00f3csy csal\u00e1d birtok\u00e1ba jutott (16. sz. eleje). Izabella kir\u00e1lyn\u00e9 [&hellip;]<\/p>\n","protected":false},"featured_media":0,"comment_status":"open","ping_status":"closed","template":"","meta":[],"product_brand":[],"product_cat":[137],"product_tag":[],"class_list":{"0":"post-6831","1":"product","2":"type-product","3":"status-publish","5":"product_cat-maros-megyei-eletrajzi-lexikon","7":"first","8":"instock","9":"shipping-taxable","10":"product-type-simple"},"_links":{"self":[{"href":"https:\/\/uj.adatbank.ro\/lexikon\/wp-json\/wp\/v2\/product\/6831","targetHints":{"allow":["GET"]}}],"collection":[{"href":"https:\/\/uj.adatbank.ro\/lexikon\/wp-json\/wp\/v2\/product"}],"about":[{"href":"https:\/\/uj.adatbank.ro\/lexikon\/wp-json\/wp\/v2\/types\/product"}],"replies":[{"embeddable":true,"href":"https:\/\/uj.adatbank.ro\/lexikon\/wp-json\/wp\/v2\/comments?post=6831"}],"wp:attachment":[{"href":"https:\/\/uj.adatbank.ro\/lexikon\/wp-json\/wp\/v2\/media?parent=6831"}],"wp:term":[{"taxonomy":"product_brand","embeddable":true,"href":"https:\/\/uj.adatbank.ro\/lexikon\/wp-json\/wp\/v2\/product_brand?post=6831"},{"taxonomy":"product_cat","embeddable":true,"href":"https:\/\/uj.adatbank.ro\/lexikon\/wp-json\/wp\/v2\/product_cat?post=6831"},{"taxonomy":"product_tag","embeddable":true,"href":"https:\/\/uj.adatbank.ro\/lexikon\/wp-json\/wp\/v2\/product_tag?post=6831"}],"curies":[{"name":"wp","href":"https:\/\/api.w.org\/{rel}","templated":true}]}}