{"id":6832,"date":"2025-06-28T18:06:07","date_gmt":"2025-06-28T16:06:07","guid":{"rendered":"https:\/\/uj.adatbank.ro\/lexikon\/termek\/dezsofi-zsigmond\/"},"modified":"2025-06-28T18:06:07","modified_gmt":"2025-06-28T16:06:07","slug":"dezsofi-zsigmond","status":"publish","type":"product","link":"https:\/\/uj.adatbank.ro\/lexikon\/termek\/dezsofi-zsigmond\/","title":{"rendered":"DEZS\u0150FI Zsigmond"},"content":{"rendered":"<p>? \u2020\u00a0? : f\u00f6ldbirtokos. \u2013 D. L\u00e1szl\u00f3 fia. Testv\u00e9r\u00e9vel L\u00e1szl\u00f3val, r\u00e9szt vett a M\u00e1ty\u00e1s kir\u00e1ly elleni nemesi \u00f6sszeesk\u00fcv\u00e9sben (1467), a l\u00e1zad\u00e1s lever\u00e9se ut\u00e1n elvesztett\u00e9k disznaj\u00f3i udvarh\u00e1zaikat, f\u00f6ldjeiket, jobb\u00e1gyaikat. &#8211;<br \/><strong>Irod.:<\/strong> Rh\u00e9deyek \u00e9s Fr\u00e1terek<\/br><\/p>\n","protected":false},"excerpt":{"rendered":"<p>? \u2020\u00a0? : f\u00f6ldbirtokos. \u2013 D. L\u00e1szl\u00f3 fia. Testv\u00e9r\u00e9vel L\u00e1szl\u00f3val, r\u00e9szt vett a M\u00e1ty\u00e1s kir\u00e1ly elleni nemesi \u00f6sszeesk\u00fcv\u00e9sben (1467), a l\u00e1zad\u00e1s lever\u00e9se ut\u00e1n elvesztett\u00e9k disznaj\u00f3i udvarh\u00e1zaikat, f\u00f6ldjeiket, jobb\u00e1gyaikat. &#8211;Irod.: Rh\u00e9deyek \u00e9s Fr\u00e1terek<\/p>\n","protected":false},"featured_media":0,"comment_status":"open","ping_status":"closed","template":"","meta":[],"product_brand":[],"product_cat":[137],"product_tag":[],"class_list":{"0":"post-6832","1":"product","2":"type-product","3":"status-publish","5":"product_cat-maros-megyei-eletrajzi-lexikon","7":"first","8":"instock","9":"shipping-taxable","10":"product-type-simple"},"_links":{"self":[{"href":"https:\/\/uj.adatbank.ro\/lexikon\/wp-json\/wp\/v2\/product\/6832","targetHints":{"allow":["GET"]}}],"collection":[{"href":"https:\/\/uj.adatbank.ro\/lexikon\/wp-json\/wp\/v2\/product"}],"about":[{"href":"https:\/\/uj.adatbank.ro\/lexikon\/wp-json\/wp\/v2\/types\/product"}],"replies":[{"embeddable":true,"href":"https:\/\/uj.adatbank.ro\/lexikon\/wp-json\/wp\/v2\/comments?post=6832"}],"wp:attachment":[{"href":"https:\/\/uj.adatbank.ro\/lexikon\/wp-json\/wp\/v2\/media?parent=6832"}],"wp:term":[{"taxonomy":"product_brand","embeddable":true,"href":"https:\/\/uj.adatbank.ro\/lexikon\/wp-json\/wp\/v2\/product_brand?post=6832"},{"taxonomy":"product_cat","embeddable":true,"href":"https:\/\/uj.adatbank.ro\/lexikon\/wp-json\/wp\/v2\/product_cat?post=6832"},{"taxonomy":"product_tag","embeddable":true,"href":"https:\/\/uj.adatbank.ro\/lexikon\/wp-json\/wp\/v2\/product_tag?post=6832"}],"curies":[{"name":"wp","href":"https:\/\/api.w.org\/{rel}","templated":true}]}}