{"id":6833,"date":"2025-06-28T18:06:09","date_gmt":"2025-06-28T16:06:09","guid":{"rendered":"https:\/\/uj.adatbank.ro\/lexikon\/termek\/dezsy-zoltan\/"},"modified":"2025-06-28T18:06:09","modified_gmt":"2025-06-28T16:06:09","slug":"dezsy-zoltan","status":"publish","type":"product","link":"https:\/\/uj.adatbank.ro\/lexikon\/termek\/dezsy-zoltan\/","title":{"rendered":"D\u00c9ZSY Zolt\u00e1n"},"content":{"rendered":"<p>? \u2020 Gyergy\u00f3alfalu, 1957: tan\u00edt\u00f3. \u2013 A Kolozs megyei V\u00e1rfalv\u00e1r\u00f3l k\u00f6lt\u00f6z\u00f6tt Ny\u00e1r\u00e1dg\u00e1lfalv\u00e1ra(1942\u201356), ahol iskola igazgat\u00f3 is volt (1943\u201349). Onnan Mez\u0151b\u00e1ndra, k\u00e9s\u0151bb Szov\u00e1t\u00e1ra, v\u00e9g\u00fcl Gyergy\u00f3alfaluba helyezt\u00e9k. <br \/><strong>Irod.:<\/strong> Ny\u00e1r\u00e1dg\u00e1lfalva<\/br><\/p>\n","protected":false},"excerpt":{"rendered":"<p>? \u2020 Gyergy\u00f3alfalu, 1957: tan\u00edt\u00f3. \u2013 A Kolozs megyei V\u00e1rfalv\u00e1r\u00f3l k\u00f6lt\u00f6z\u00f6tt Ny\u00e1r\u00e1dg\u00e1lfalv\u00e1ra(1942\u201356), ahol iskola igazgat\u00f3 is volt (1943\u201349). Onnan Mez\u0151b\u00e1ndra, k\u00e9s\u0151bb Szov\u00e1t\u00e1ra, v\u00e9g\u00fcl Gyergy\u00f3alfaluba helyezt\u00e9k. Irod.: Ny\u00e1r\u00e1dg\u00e1lfalva<\/p>\n","protected":false},"featured_media":0,"comment_status":"open","ping_status":"closed","template":"","meta":[],"product_brand":[],"product_cat":[137],"product_tag":[],"class_list":{"0":"post-6833","1":"product","2":"type-product","3":"status-publish","5":"product_cat-maros-megyei-eletrajzi-lexikon","7":"first","8":"instock","9":"shipping-taxable","10":"product-type-simple"},"_links":{"self":[{"href":"https:\/\/uj.adatbank.ro\/lexikon\/wp-json\/wp\/v2\/product\/6833","targetHints":{"allow":["GET"]}}],"collection":[{"href":"https:\/\/uj.adatbank.ro\/lexikon\/wp-json\/wp\/v2\/product"}],"about":[{"href":"https:\/\/uj.adatbank.ro\/lexikon\/wp-json\/wp\/v2\/types\/product"}],"replies":[{"embeddable":true,"href":"https:\/\/uj.adatbank.ro\/lexikon\/wp-json\/wp\/v2\/comments?post=6833"}],"wp:attachment":[{"href":"https:\/\/uj.adatbank.ro\/lexikon\/wp-json\/wp\/v2\/media?parent=6833"}],"wp:term":[{"taxonomy":"product_brand","embeddable":true,"href":"https:\/\/uj.adatbank.ro\/lexikon\/wp-json\/wp\/v2\/product_brand?post=6833"},{"taxonomy":"product_cat","embeddable":true,"href":"https:\/\/uj.adatbank.ro\/lexikon\/wp-json\/wp\/v2\/product_cat?post=6833"},{"taxonomy":"product_tag","embeddable":true,"href":"https:\/\/uj.adatbank.ro\/lexikon\/wp-json\/wp\/v2\/product_tag?post=6833"}],"curies":[{"name":"wp","href":"https:\/\/api.w.org\/{rel}","templated":true}]}}