{"id":6835,"date":"2025-06-28T18:06:17","date_gmt":"2025-06-28T16:06:17","guid":{"rendered":"https:\/\/uj.adatbank.ro\/lexikon\/termek\/diaconescu-ioan\/"},"modified":"2025-06-28T18:06:17","modified_gmt":"2025-06-28T16:06:17","slug":"diaconescu-ioan","status":"publish","type":"product","link":"https:\/\/uj.adatbank.ro\/lexikon\/termek\/diaconescu-ioan\/","title":{"rendered":"DIACONESCU Ioan"},"content":{"rendered":"<p>? \u2020\u00a0? : \u00e1llom\u00e1sf\u0151n\u00f6k. \u2013 A mv.-i \u00e1llom\u00e1s f\u0151n\u00f6ke. A mv.-i CFR sportegyes\u00fclet eln\u00f6ke (1945. aug. &#8211; ). <br \/><strong>Irod.:<\/strong> Mv.-i labdar\u00fag\u00e1s<\/br><\/p>\n","protected":false},"excerpt":{"rendered":"<p>? \u2020\u00a0? : \u00e1llom\u00e1sf\u0151n\u00f6k. \u2013 A mv.-i \u00e1llom\u00e1s f\u0151n\u00f6ke. A mv.-i CFR sportegyes\u00fclet eln\u00f6ke (1945. aug. &#8211; ). Irod.: Mv.-i labdar\u00fag\u00e1s<\/p>\n","protected":false},"featured_media":0,"comment_status":"open","ping_status":"closed","template":"","meta":[],"product_brand":[],"product_cat":[137],"product_tag":[],"class_list":{"0":"post-6835","1":"product","2":"type-product","3":"status-publish","5":"product_cat-maros-megyei-eletrajzi-lexikon","7":"first","8":"instock","9":"shipping-taxable","10":"product-type-simple"},"_links":{"self":[{"href":"https:\/\/uj.adatbank.ro\/lexikon\/wp-json\/wp\/v2\/product\/6835","targetHints":{"allow":["GET"]}}],"collection":[{"href":"https:\/\/uj.adatbank.ro\/lexikon\/wp-json\/wp\/v2\/product"}],"about":[{"href":"https:\/\/uj.adatbank.ro\/lexikon\/wp-json\/wp\/v2\/types\/product"}],"replies":[{"embeddable":true,"href":"https:\/\/uj.adatbank.ro\/lexikon\/wp-json\/wp\/v2\/comments?post=6835"}],"wp:attachment":[{"href":"https:\/\/uj.adatbank.ro\/lexikon\/wp-json\/wp\/v2\/media?parent=6835"}],"wp:term":[{"taxonomy":"product_brand","embeddable":true,"href":"https:\/\/uj.adatbank.ro\/lexikon\/wp-json\/wp\/v2\/product_brand?post=6835"},{"taxonomy":"product_cat","embeddable":true,"href":"https:\/\/uj.adatbank.ro\/lexikon\/wp-json\/wp\/v2\/product_cat?post=6835"},{"taxonomy":"product_tag","embeddable":true,"href":"https:\/\/uj.adatbank.ro\/lexikon\/wp-json\/wp\/v2\/product_tag?post=6835"}],"curies":[{"name":"wp","href":"https:\/\/api.w.org\/{rel}","templated":true}]}}