{"id":6836,"date":"2025-06-28T18:06:21","date_gmt":"2025-06-28T16:06:21","guid":{"rendered":"https:\/\/uj.adatbank.ro\/lexikon\/termek\/diaconescu-ion\/"},"modified":"2025-06-28T18:06:21","modified_gmt":"2025-06-28T16:06:21","slug":"diaconescu-ion","status":"publish","type":"product","link":"https:\/\/uj.adatbank.ro\/lexikon\/termek\/diaconescu-ion\/","title":{"rendered":"DIACONESCU Ion"},"content":{"rendered":"<p>? \u2020 ? : tan\u00e1r. \u2013 Tan\u00e1r \u00e9s igazgat\u00f3 a mv.-i Fels\u0151bb Kereskedelmi Iskol\u00e1ban (1923\u201327). Kinevez\u00e9sekor v\u00e1ltotta fel a m. nyelv\u0171 oktat\u00e1st a rom\u00e1n nyelv\u0171, az \u00e1tvett tanul\u00f3k r\u00e9sz\u00e9re intenz\u00edv rom\u00e1n tanfolyamokat szervezett a nyelv elsaj\u00e1t\u00edt\u00e1sa \u00e9rdek\u00e9ben. L\u00e9trehozta az iskol\u00e1ban az Octavian Goga olvas\u00f3k\u00f6rt, amelynek keret\u00e9ben t\u00f6bb irodalmi \u00e9s m\u00e1s iskolai \u00fcnnep\u00e9lyt szervezett rom\u00e1n nyelven (1923\u2013). <br \/><strong>Irod.:<\/strong> \u00cenv. comercial econ.<\/br><\/p>\n","protected":false},"excerpt":{"rendered":"<p>? \u2020 ? : tan\u00e1r. \u2013 Tan\u00e1r \u00e9s igazgat\u00f3 a mv.-i Fels\u0151bb Kereskedelmi Iskol\u00e1ban (1923\u201327). Kinevez\u00e9sekor v\u00e1ltotta fel a m. nyelv\u0171 oktat\u00e1st a rom\u00e1n nyelv\u0171, az \u00e1tvett tanul\u00f3k r\u00e9sz\u00e9re intenz\u00edv rom\u00e1n tanfolyamokat szervezett a nyelv elsaj\u00e1t\u00edt\u00e1sa \u00e9rdek\u00e9ben. L\u00e9trehozta az iskol\u00e1ban az Octavian Goga olvas\u00f3k\u00f6rt, amelynek keret\u00e9ben t\u00f6bb irodalmi \u00e9s m\u00e1s iskolai \u00fcnnep\u00e9lyt szervezett rom\u00e1n nyelven [&hellip;]<\/p>\n","protected":false},"featured_media":0,"comment_status":"open","ping_status":"closed","template":"","meta":[],"product_brand":[],"product_cat":[137],"product_tag":[],"class_list":{"0":"post-6836","1":"product","2":"type-product","3":"status-publish","5":"product_cat-maros-megyei-eletrajzi-lexikon","7":"first","8":"instock","9":"shipping-taxable","10":"product-type-simple"},"_links":{"self":[{"href":"https:\/\/uj.adatbank.ro\/lexikon\/wp-json\/wp\/v2\/product\/6836","targetHints":{"allow":["GET"]}}],"collection":[{"href":"https:\/\/uj.adatbank.ro\/lexikon\/wp-json\/wp\/v2\/product"}],"about":[{"href":"https:\/\/uj.adatbank.ro\/lexikon\/wp-json\/wp\/v2\/types\/product"}],"replies":[{"embeddable":true,"href":"https:\/\/uj.adatbank.ro\/lexikon\/wp-json\/wp\/v2\/comments?post=6836"}],"wp:attachment":[{"href":"https:\/\/uj.adatbank.ro\/lexikon\/wp-json\/wp\/v2\/media?parent=6836"}],"wp:term":[{"taxonomy":"product_brand","embeddable":true,"href":"https:\/\/uj.adatbank.ro\/lexikon\/wp-json\/wp\/v2\/product_brand?post=6836"},{"taxonomy":"product_cat","embeddable":true,"href":"https:\/\/uj.adatbank.ro\/lexikon\/wp-json\/wp\/v2\/product_cat?post=6836"},{"taxonomy":"product_tag","embeddable":true,"href":"https:\/\/uj.adatbank.ro\/lexikon\/wp-json\/wp\/v2\/product_tag?post=6836"}],"curies":[{"name":"wp","href":"https:\/\/api.w.org\/{rel}","templated":true}]}}